{"id":81765,"date":"2025-05-09T14:11:39","date_gmt":"2025-05-09T14:11:39","guid":{"rendered":"https:\/\/brandss.com.py\/index\/?post_type=product&#038;p=81765"},"modified":"2025-05-20T11:40:47","modified_gmt":"2025-05-20T11:40:47","slug":"depilador-nasal-smartfy-dn-02b-recargable-gris-con-negro","status":"publish","type":"product","link":"https:\/\/brandss.com.py\/index\/producto\/depilador-nasal-smartfy-dn-02b-recargable-gris-con-negro\/","title":{"rendered":"DEPILADOR NASAL SMARTFY DN 02B DIGITAL GREY\/ BLACK"},"content":{"rendered":"<h1>DN-02B<\/h1>\n<p>El depilador nasal Smartfy DN 02B ha sido dise\u00f1ado para ofrecer una soluci\u00f3n pr\u00e1ctica y segura en la eliminaci\u00f3n del vello no deseado en zonas sensibles como la nariz y las orejas. Gracias a su motor de 2W, brinda una potencia adecuada para un corte preciso sin causar irritaciones. Su cabezal rotativo permite un afeitado uniforme y eficiente, adapt\u00e1ndose al contorno natural de la piel. Es compacto, liviano y f\u00e1cil de manipular, ideal para uso dom\u00e9stico o para llevar en viajes. Su sistema de cuchillas internas evita tirones, brindando una experiencia c\u00f3moda y r\u00e1pida. Adem\u00e1s, es de f\u00e1cil limpieza, contribuyendo a un mantenimiento higi\u00e9nico despu\u00e9s de cada uso.<\/p>\n<div><strong>Caracter\u00edsticas:<\/strong><\/div>\n<div>&#8211; Potencia de 2W para un corte preciso.<\/div>\n<div>&#8211; Cabezal rotativo que se adapta a zonas curvas.<\/div>\n<div>&#8211; Dise\u00f1o compacto y ergon\u00f3mico.<\/div>\n<div>&#8211; F\u00e1cil de limpiar y mantener.<\/div>\n<h3 class=\"visby-bold f40-home texto-madrid bold mb-2\">Caracter\u00edsticas t\u00e9cnicas<\/h3>\n<div class=\"w-100 rounded20 bordinha-cinza mt-3 mb-5\">\n<div id=\"item_product2\" class=\"col-12 item_product active\">\n<div class=\"col-12 box_detail\">\n<div class=\"col-12 item_detail item_dark \">\n<div class=\"col-6 item\">Marca: Smartfy.<\/div>\n<\/div>\n<div class=\"col-12 item_detail \">\n<div class=\"col-6 item\">Modelo: DN-02B.<\/div>\n<\/div>\n<div class=\"col-12 item_detail item_dark \">\n<div class=\"col-6 item\">Color: Gris y negro.<\/div>\n<\/div>\n<div class=\"col-12 item_detail \">\n<div class=\"col-6 item\">Funciones: Recortadora de pelo.<\/div>\n<\/div>\n<div class=\"col-12 item_detail item_dark \">\n<div class=\"col-6 item\">Poder: 2W.<\/div>\n<\/div>\n<div class=\"col-12 item_detail \">\n<div class=\"col-6 item\">Uso: Cejas &#8211; Barba &#8211; Vello de la nariz &#8211; Pelo de las orejas.<\/div>\n<\/div>\n<div class=\"col-12 item_detail item_dark \">\n<div class=\"col-6 item\">Incluye: Cable de carga &#8211; Cepillo de limpieza.<\/div>\n<\/div>\n<div class=\"col-12 item_detail \">\n<div class=\"col-6 item\">Dimensiones del paquete: 16.10 cm x 5.70 cm x 2.60 cm.<\/div>\n<\/div>\n<\/div>\n<\/div>\n<\/div>\n","protected":false},"excerpt":{"rendered":"<p>DN-02B El depilador nasal Smartfy DN 02B ha sido dise\u00f1ado para ofrecer una soluci\u00f3n pr\u00e1ctica y segura en la eliminaci\u00f3n<\/p>\n","protected":false},"featured_media":81766,"comment_status":"open","ping_status":"closed","template":"","meta":{"nf_dc_page":""},"product_brand":[],"product_cat":[83],"product_tag":[],"class_list":{"0":"post-81765","1":"product","2":"type-product","3":"status-publish","4":"has-post-thumbnail","6":"product_cat-hogar","8":"first","9":"instock","10":"shipping-taxable","11":"purchasable","12":"product-type-simple"},"_links":{"self":[{"href":"https:\/\/brandss.com.py\/index\/wp-json\/wp\/v2\/product\/81765","targetHints":{"allow":["GET"]}}],"collection":[{"href":"https:\/\/brandss.com.py\/index\/wp-json\/wp\/v2\/product"}],"about":[{"href":"https:\/\/brandss.com.py\/index\/wp-json\/wp\/v2\/types\/product"}],"replies":[{"embeddable":true,"href":"https:\/\/brandss.com.py\/index\/wp-json\/wp\/v2\/comments?post=81765"}],"version-history":[{"count":5,"href":"https:\/\/brandss.com.py\/index\/wp-json\/wp\/v2\/product\/81765\/revisions"}],"predecessor-version":[{"id":82447,"href":"https:\/\/brandss.com.py\/index\/wp-json\/wp\/v2\/product\/81765\/revisions\/82447"}],"wp:featuredmedia":[{"embeddable":true,"href":"https:\/\/brandss.com.py\/index\/wp-json\/wp\/v2\/media\/81766"}],"wp:attachment":[{"href":"https:\/\/brandss.com.py\/index\/wp-json\/wp\/v2\/media?parent=81765"}],"wp:term":[{"taxonomy":"product_brand","embeddable":true,"href":"https:\/\/brandss.com.py\/index\/wp-json\/wp\/v2\/product_brand?post=81765"},{"taxonomy":"product_cat","embeddable":true,"href":"https:\/\/brandss.com.py\/index\/wp-json\/wp\/v2\/product_cat?post=81765"},{"taxonomy":"product_tag","embeddable":true,"href":"https:\/\/brandss.com.py\/index\/wp-json\/wp\/v2\/product_tag?post=81765"}],"curies":[{"name":"wp","href":"https:\/\/api.w.org\/{rel}","templated":true}]}}