{"id":81772,"date":"2025-05-09T16:03:14","date_gmt":"2025-05-09T16:03:14","guid":{"rendered":"https:\/\/brandss.com.py\/index\/?post_type=product&#038;p=81772"},"modified":"2026-03-30T13:40:19","modified_gmt":"2026-03-30T13:40:19","slug":"perfume-femenino-mirada-verato-pour-femme-edp-100ml","status":"publish","type":"product","link":"https:\/\/brandss.com.py\/index\/producto\/perfume-femenino-mirada-verato-pour-femme-edp-100ml\/","title":{"rendered":"PERFUME FEMENINO MIRADA VERATO POUR FEMME EDP 100ML"},"content":{"rendered":"<p><img loading=\"lazy\" decoding=\"async\" class=\"\" src=\"https:\/\/www.fragrantica.es\/mdimg\/dizajneri\/o.6784.jpg\" alt=\"Mirada Fragancias Y Colonias\" width=\"92\" height=\"75\" \/><\/p>\n<h1>VERATO POUR FEMME<\/h1>\n<p>Sofisticada y llena de vida. Es una joya escondida, elegante y radiante, la mujer segura de s\u00ed misma. Afronta la vida con decisi\u00f3n, pero con elegancia y clase.La herramienta definitiva de seducci\u00f3n, dentro de este exquisito frasco, se esconde un aroma poderoso y encantador, una fuerza ciertamente femenina y poderosa, que hace que cada mujer viva con confianza, haci\u00e9ndola capaz de provocar a un hombre con una sonrisa sencilla y sutil.<img decoding=\"async\" class=\"alignleft\" src=\"https:\/\/m.media-amazon.com\/images\/I\/81TX6e2XasL._AC_SX522_.jpg\" \/><\/p>\n<p>&nbsp;<\/p>\n<h3>Notas Olfativas<\/h3>\n<p>&nbsp;<\/p>\n<p>Verato pour Femme encarna la esencia de la feminidad con su cautivadora combinaci\u00f3n de notas florales y frutales. Dise\u00f1ado para mujeres que buscan un equilibrio entre elegancia y frescura, esta fragancia envuelve con un aroma irresistible que refleja sofisticaci\u00f3n y encanto.<\/p>\n<p><strong>Notas de salida:<\/strong> naranja, manzana verde.<\/p>\n<p><strong>Notas de coraz\u00f3n:<\/strong>\u00a0jazm\u00edn, lirio de los valles, bals\u00e1mico.<\/p>\n<p><strong>Notas de fondo:<\/strong> \u00c1mbar.<\/p>\n","protected":false},"excerpt":{"rendered":"<p>VERATO POUR FEMME Sofisticada y llena de vida. Es una joya escondida, elegante y radiante, la mujer segura de s\u00ed<\/p>\n","protected":false},"featured_media":81773,"comment_status":"open","ping_status":"closed","template":"","meta":{"nf_dc_page":""},"product_brand":[1968],"product_cat":[84],"product_tag":[2067],"class_list":{"0":"post-81772","1":"product","2":"type-product","3":"status-publish","4":"has-post-thumbnail","6":"product_brand-mirada","7":"product_cat-perfumeria","8":"product_tag-2067","10":"first","11":"instock","12":"shipping-taxable","13":"purchasable","14":"product-type-simple"},"_links":{"self":[{"href":"https:\/\/brandss.com.py\/index\/wp-json\/wp\/v2\/product\/81772","targetHints":{"allow":["GET"]}}],"collection":[{"href":"https:\/\/brandss.com.py\/index\/wp-json\/wp\/v2\/product"}],"about":[{"href":"https:\/\/brandss.com.py\/index\/wp-json\/wp\/v2\/types\/product"}],"replies":[{"embeddable":true,"href":"https:\/\/brandss.com.py\/index\/wp-json\/wp\/v2\/comments?post=81772"}],"version-history":[{"count":1,"href":"https:\/\/brandss.com.py\/index\/wp-json\/wp\/v2\/product\/81772\/revisions"}],"predecessor-version":[{"id":81780,"href":"https:\/\/brandss.com.py\/index\/wp-json\/wp\/v2\/product\/81772\/revisions\/81780"}],"wp:featuredmedia":[{"embeddable":true,"href":"https:\/\/brandss.com.py\/index\/wp-json\/wp\/v2\/media\/81773"}],"wp:attachment":[{"href":"https:\/\/brandss.com.py\/index\/wp-json\/wp\/v2\/media?parent=81772"}],"wp:term":[{"taxonomy":"product_brand","embeddable":true,"href":"https:\/\/brandss.com.py\/index\/wp-json\/wp\/v2\/product_brand?post=81772"},{"taxonomy":"product_cat","embeddable":true,"href":"https:\/\/brandss.com.py\/index\/wp-json\/wp\/v2\/product_cat?post=81772"},{"taxonomy":"product_tag","embeddable":true,"href":"https:\/\/brandss.com.py\/index\/wp-json\/wp\/v2\/product_tag?post=81772"}],"curies":[{"name":"wp","href":"https:\/\/api.w.org\/{rel}","templated":true}]}}