{"id":81781,"date":"2025-05-09T16:27:35","date_gmt":"2025-05-09T16:27:35","guid":{"rendered":"https:\/\/brandss.com.py\/index\/?post_type=product&#038;p=81781"},"modified":"2025-12-11T18:36:36","modified_gmt":"2025-12-11T18:36:36","slug":"perfume-femenino-mirada-perla-passion-edp-100ml","status":"publish","type":"product","link":"https:\/\/brandss.com.py\/index\/producto\/perfume-femenino-mirada-perla-passion-edp-100ml\/","title":{"rendered":"PERFUME FEMENINO MIRADA PERLA PASSION EDP 100ML"},"content":{"rendered":"<p><img loading=\"lazy\" decoding=\"async\" class=\"\" src=\"https:\/\/www.fragrantica.es\/mdimg\/dizajneri\/o.6784.jpg\" alt=\"Mirada Fragancias Y Colonias\" width=\"101\" height=\"82\" \/><\/p>\n<h1>PERLA PASSION<\/h1>\n<p>Perla Passion es una fragancia suave y delicada, indudablemente femenina, este Eau de Parfum que irradia una estimulante sensaci\u00f3n de seducci\u00f3n ha sido formulado para capturar el coraz\u00f3n de un hombre haci\u00e9ndote completamente irresistible. Es una verdadera joya en el mundo de la perfumer\u00eda femenina. Este exquisito perfume destaca por su aroma sofisticado y en\u00e9rgico, dise\u00f1ado para mujeres elegantes, radiantes y seguras de s\u00ed mismas.<\/p>\n<p><img loading=\"lazy\" decoding=\"async\" class=\"alignleft\" src=\"https:\/\/m.media-amazon.com\/images\/I\/81RadNqGHqL._SL1500_.jpg\" width=\"496\" height=\"496\" \/><\/p>\n<h3>Notas Olfativas<\/h3>\n<p>&nbsp;<\/p>\n<p>Con una f\u00f3rmula que comienza con notas altas de manzanas y bayas dulces, la fragancia se despliega con un coraz\u00f3n floral compuesto por azucena fresca, orqu\u00eddea y delicado jazm\u00edn. Finalmente, deja una impresi\u00f3n duradera con notas de fondo de caramelo y almizcle.<\/p>\n<p>La elegancia encapsulada en este frasco de 100mL lo convierte en el accesorio perfecto para cualquier mujer que desee tomar la vida en sus propias manos sin perder su estilo. Ideal para ocasiones especiales o para el uso diario, su aroma te acompa\u00f1ar\u00e1 durante todo el d\u00eda, manteniendo tu presencia fresca y atractiva.<\/p>\n<p>Incorporar este perfume a tu rutina no solo realza tu presencia, sino que tambi\u00e9n renueva tu confianza con un toque de lujo y distinci\u00f3n.<\/p>\n<p>&nbsp;<\/p>\n<ul>\n<li><span lang=\"en-AE\"><strong><span>Notas de salida:\u00a0<\/span><\/strong>pera, pomelo, grosella negra, pimienta rosa.<\/span><\/li>\n<li><span lang=\"en-AE\"><strong><span>Notasde coraz\u00f3n: <\/span><\/strong>Heliotropo, Pi\u00f1a, Rosa, Jazm\u00edn.<\/span><\/li>\n<li><span lang=\"en-AE\"><strong><span>Notas de fondo:\u00a0<\/span><\/strong>vainilla, haba tonka, pachul\u00ed, cedro, madera de \u00e1mbar.<\/span><\/li>\n<\/ul>\n","protected":false},"excerpt":{"rendered":"<p>PERLA PASSION Perla Passion es una fragancia suave y delicada, indudablemente femenina, este Eau de Parfum que irradia una estimulante<\/p>\n","protected":false},"featured_media":81782,"comment_status":"open","ping_status":"closed","template":"","meta":{"nf_dc_page":""},"product_brand":[1968],"product_cat":[84],"product_tag":[2068],"class_list":{"0":"post-81781","1":"product","2":"type-product","3":"status-publish","4":"has-post-thumbnail","6":"product_brand-mirada","7":"product_cat-perfumeria","8":"product_tag-2068","10":"first","11":"outofstock","12":"shipping-taxable","13":"purchasable","14":"product-type-simple"},"_links":{"self":[{"href":"https:\/\/brandss.com.py\/index\/wp-json\/wp\/v2\/product\/81781","targetHints":{"allow":["GET"]}}],"collection":[{"href":"https:\/\/brandss.com.py\/index\/wp-json\/wp\/v2\/product"}],"about":[{"href":"https:\/\/brandss.com.py\/index\/wp-json\/wp\/v2\/types\/product"}],"replies":[{"embeddable":true,"href":"https:\/\/brandss.com.py\/index\/wp-json\/wp\/v2\/comments?post=81781"}],"version-history":[{"count":2,"href":"https:\/\/brandss.com.py\/index\/wp-json\/wp\/v2\/product\/81781\/revisions"}],"predecessor-version":[{"id":81789,"href":"https:\/\/brandss.com.py\/index\/wp-json\/wp\/v2\/product\/81781\/revisions\/81789"}],"wp:featuredmedia":[{"embeddable":true,"href":"https:\/\/brandss.com.py\/index\/wp-json\/wp\/v2\/media\/81782"}],"wp:attachment":[{"href":"https:\/\/brandss.com.py\/index\/wp-json\/wp\/v2\/media?parent=81781"}],"wp:term":[{"taxonomy":"product_brand","embeddable":true,"href":"https:\/\/brandss.com.py\/index\/wp-json\/wp\/v2\/product_brand?post=81781"},{"taxonomy":"product_cat","embeddable":true,"href":"https:\/\/brandss.com.py\/index\/wp-json\/wp\/v2\/product_cat?post=81781"},{"taxonomy":"product_tag","embeddable":true,"href":"https:\/\/brandss.com.py\/index\/wp-json\/wp\/v2\/product_tag?post=81781"}],"curies":[{"name":"wp","href":"https:\/\/api.w.org\/{rel}","templated":true}]}}