{"id":81807,"date":"2025-05-09T19:23:45","date_gmt":"2025-05-09T19:23:45","guid":{"rendered":"https:\/\/brandss.com.py\/index\/?post_type=product&#038;p=81807"},"modified":"2026-04-11T11:23:16","modified_gmt":"2026-04-11T11:23:16","slug":"perfume-femenino-britney-spears-fantasy-midnight-edp-100ml","status":"publish","type":"product","link":"https:\/\/brandss.com.py\/index\/producto\/perfume-femenino-britney-spears-fantasy-midnight-edp-100ml\/","title":{"rendered":"PERFUME FEMENINO BRITNEY SPEARS FANTASY MIDNIGHT EDP 100ML"},"content":{"rendered":"<p><img loading=\"lazy\" decoding=\"async\" class=\"\" src=\"https:\/\/upload.wikimedia.org\/wikipedia\/commons\/9\/94\/Britney_Spears.png\" alt=\"Archivo:Britney Spears.png - Wikipedia, la enciclopedia libre\" width=\"123\" height=\"65\" \/><\/p>\n<h1>FANTASY MIDNIGHT<\/h1>\n<p>Es una invitaci\u00f3n a so\u00f1ar, a explorar los deseos m\u00e1s profundos y a vivir sin l\u00edmites bajo el velo de la noche. Perfecto para las noches de fiesta o para aquellos momentos en que deseas dejar una impresi\u00f3n duradera, Midnight Fantasy de Britney Spears es m\u00e1s que un perfume: es una declaraci\u00f3n de libertad y audacia.<\/p>\n<ul>\n<li>Midnight Fantasy abre con una irresistible combinaci\u00f3n de ciruela jugosa, cereza \u00e1cida y frambuesa, creando un inicio vibrante que captura la esencia de una medianoche m\u00e1gica.<\/li>\n<li>Estas notas de salida se complementan perfectamente con el coraz\u00f3n del perfume, donde el iris, la orqu\u00eddea y la fresia se entrelazan para revelar un bouquet floral ricamente femenino y envolvente.<\/li>\n<li>La base de la fragancia descansa sobre un lecho c\u00e1lido y sensual de \u00e1mbar, almizcle y vainilla, notas que aportan profundidad, riqueza y una persistencia inolvidable.<\/li>\n<\/ul>\n<h3><img loading=\"lazy\" decoding=\"async\" class=\"alignleft\" src=\"https:\/\/exdtvcqvfop.exactdn.com\/wp-content\/uploads\/Midnight-Fantasy-de-Britney-Spears-para-mujer-flyer-2.jpg?strip=all&amp;lossy=1&amp;ssl=1\" width=\"594\" height=\"660\" \/><br \/>\nNotas Olfativas<\/h3>\n<p>&nbsp;<\/p>\n<p>Ad\u00e9ntrate en el mundo encantador y misterioso del perfume Midnight Fantasy de Britney Spears, un perfume que evoca el encanto de la noche con su mezcla embriagadora de frutas jugosas y flores ex\u00f3ticas.<\/p>\n<p>Lanzado en 2006 por la ic\u00f3nica pop star, este perfume se ha convertido en un must-have para las mujeres que buscan expresar su lado m\u00e1s atrevido y seductor.<\/p>\n<p><span>La fragancia se abre con una tentadora mezcla de cereza oscura y ciruela ex\u00f3tica, creando un aroma dulce y afrutado.<\/span><\/p>\n<p><span>El coraz\u00f3n de la fragancia es una combinaci\u00f3n de orqu\u00eddeas que florecen de noche y frangipani, que proporciona un car\u00e1cter sensual y floral.<\/span><\/p>\n<p><span>Las notas de fondo de almizcle, vainilla y maderas proporcionan un final c\u00e1lido y duradero, dejando una estela de misterio y encanto.<\/span><\/p>\n<p><span>Inspirada en la calidad m\u00e1gica de la medianoche, Britney Spears Midnight Fantasy EDP es la fragancia perfecta para las mujeres que abrazan su lado misterioso y seductor<\/span><\/p>\n<p><strong>Notas de salida: <\/strong>ciruela, cereza \u00e1cida y frambuesa.<\/p>\n<p><strong>Notas de coraz\u00f3n: <\/strong>iris, orqu\u00eddea y fresia.<\/p>\n<p><strong>Notas de fondo:<\/strong>\u00a0\u00e1mbar, almizcle y vainilla.<\/p>\n","protected":false},"excerpt":{"rendered":"<p>FANTASY MIDNIGHT Es una invitaci\u00f3n a so\u00f1ar, a explorar los deseos m\u00e1s profundos y a vivir sin l\u00edmites bajo el<\/p>\n","protected":false},"featured_media":81808,"comment_status":"open","ping_status":"closed","template":"","meta":{"nf_dc_page":""},"product_brand":[122],"product_cat":[84],"product_tag":[3072],"class_list":{"0":"post-81807","1":"product","2":"type-product","3":"status-publish","4":"has-post-thumbnail","6":"product_brand-britney-spears","7":"product_cat-perfumeria","8":"product_tag-3072","10":"first","11":"instock","12":"shipping-taxable","13":"purchasable","14":"product-type-simple"},"_links":{"self":[{"href":"https:\/\/brandss.com.py\/index\/wp-json\/wp\/v2\/product\/81807","targetHints":{"allow":["GET"]}}],"collection":[{"href":"https:\/\/brandss.com.py\/index\/wp-json\/wp\/v2\/product"}],"about":[{"href":"https:\/\/brandss.com.py\/index\/wp-json\/wp\/v2\/types\/product"}],"replies":[{"embeddable":true,"href":"https:\/\/brandss.com.py\/index\/wp-json\/wp\/v2\/comments?post=81807"}],"version-history":[{"count":1,"href":"https:\/\/brandss.com.py\/index\/wp-json\/wp\/v2\/product\/81807\/revisions"}],"predecessor-version":[{"id":81815,"href":"https:\/\/brandss.com.py\/index\/wp-json\/wp\/v2\/product\/81807\/revisions\/81815"}],"wp:featuredmedia":[{"embeddable":true,"href":"https:\/\/brandss.com.py\/index\/wp-json\/wp\/v2\/media\/81808"}],"wp:attachment":[{"href":"https:\/\/brandss.com.py\/index\/wp-json\/wp\/v2\/media?parent=81807"}],"wp:term":[{"taxonomy":"product_brand","embeddable":true,"href":"https:\/\/brandss.com.py\/index\/wp-json\/wp\/v2\/product_brand?post=81807"},{"taxonomy":"product_cat","embeddable":true,"href":"https:\/\/brandss.com.py\/index\/wp-json\/wp\/v2\/product_cat?post=81807"},{"taxonomy":"product_tag","embeddable":true,"href":"https:\/\/brandss.com.py\/index\/wp-json\/wp\/v2\/product_tag?post=81807"}],"curies":[{"name":"wp","href":"https:\/\/api.w.org\/{rel}","templated":true}]}}