{"id":81817,"date":"2025-05-10T11:24:02","date_gmt":"2025-05-10T11:24:02","guid":{"rendered":"https:\/\/brandss.com.py\/index\/?post_type=product&#038;p=81817"},"modified":"2025-05-20T11:41:03","modified_gmt":"2025-05-20T11:41:03","slug":"smartfy-dn-01bl-depiladora-nasal-recargable-azul","status":"publish","type":"product","link":"https:\/\/brandss.com.py\/index\/producto\/smartfy-dn-01bl-depiladora-nasal-recargable-azul\/","title":{"rendered":"DEPILADOR NASAL SMARTFY DN 01L RECARGABLE BLUE"},"content":{"rendered":"<h1>SMARTFY DN-01BL<\/h1>\n<p>La depiladora nasal Smartfy DN-01BL proporciona una depilaci\u00f3n r\u00e1pida y precisa, dise\u00f1ada espec\u00edficamente para la zona nasal. Con un dise\u00f1o compacto y c\u00f3modo, ofrece un agarre seguro y una buena experiencia de uso. Su cabezal de corte elimina suavemente el vello no deseado.<\/p>\n<h3 class=\"visby-bold f40-home texto-madrid bold mb-2\">Caracter\u00edsticas t\u00e9cnicas<\/h3>\n<div class=\"w-100 rounded20 bordinha-cinza mt-3 mb-5\">\n<div id=\"item_product2\" class=\"col-12 item_product active\">\n<div class=\"col-12 box_detail\">\n<div class=\"col-12 item_detail item_dark \">\n<div class=\"col-6 item\">Marca<\/div>\n<div class=\"col-6 item\">Smartfy<\/div>\n<\/div>\n<div class=\"col-12 item_detail \">\n<div class=\"col-6 item\">Modelo<\/div>\n<div class=\"col-6 item\">DN-01BL<\/div>\n<\/div>\n<div class=\"col-12 item_detail item_dark \">\n<div class=\"col-6 item\">Color<\/div>\n<div class=\"col-6 item\">Azul<\/div>\n<\/div>\n<div class=\"col-12 item_detail \">\n<div class=\"col-6 item\">Funciones<\/div>\n<div class=\"col-6 item\">Recortadora de pelo<\/div>\n<\/div>\n<div class=\"col-12 item_detail item_dark \">\n<div class=\"col-6 item\">Poder<\/div>\n<div class=\"col-6 item\">2W<\/div>\n<\/div>\n<div class=\"col-12 item_detail \">\n<div class=\"col-6 item\">Uso<\/div>\n<div class=\"col-6 item\">Cejas &#8211; Barba &#8211; Vello de la nariz &#8211; Pelo de las orejas<\/div>\n<\/div>\n<div class=\"col-12 item_detail item_dark \">\n<div class=\"col-6 item\">Incluye<\/div>\n<div class=\"col-6 item\">Cable de carga &#8211; Cepillo de limpieza<\/div>\n<\/div>\n<div class=\"col-12 item_detail \">\n<div class=\"col-6 item\">Dimensiones del paquete<\/div>\n<div class=\"col-6 item\">16.10 cm x 7.40 cm x 3.10 cm<\/div>\n<\/div>\n<div class=\"col-12 item_detail item_dark \">\n<div class=\"col-6 item\">Peso bruto<\/div>\n<div class=\"col-6 item\">0,090 kg<\/div>\n<\/div>\n<\/div>\n<\/div>\n<\/div>\n","protected":false},"excerpt":{"rendered":"<p>SMARTFY DN-01BL La depiladora nasal Smartfy DN-01BL proporciona una depilaci\u00f3n r\u00e1pida y precisa, dise\u00f1ada espec\u00edficamente para la zona nasal. Con<\/p>\n","protected":false},"featured_media":81818,"comment_status":"open","ping_status":"closed","template":"","meta":{"nf_dc_page":""},"product_brand":[],"product_cat":[89],"product_tag":[],"class_list":{"0":"post-81817","1":"product","2":"type-product","3":"status-publish","4":"has-post-thumbnail","6":"product_cat-electronicos","8":"first","9":"instock","10":"shipping-taxable","11":"purchasable","12":"product-type-simple"},"_links":{"self":[{"href":"https:\/\/brandss.com.py\/index\/wp-json\/wp\/v2\/product\/81817","targetHints":{"allow":["GET"]}}],"collection":[{"href":"https:\/\/brandss.com.py\/index\/wp-json\/wp\/v2\/product"}],"about":[{"href":"https:\/\/brandss.com.py\/index\/wp-json\/wp\/v2\/types\/product"}],"replies":[{"embeddable":true,"href":"https:\/\/brandss.com.py\/index\/wp-json\/wp\/v2\/comments?post=81817"}],"version-history":[{"count":3,"href":"https:\/\/brandss.com.py\/index\/wp-json\/wp\/v2\/product\/81817\/revisions"}],"predecessor-version":[{"id":82448,"href":"https:\/\/brandss.com.py\/index\/wp-json\/wp\/v2\/product\/81817\/revisions\/82448"}],"wp:featuredmedia":[{"embeddable":true,"href":"https:\/\/brandss.com.py\/index\/wp-json\/wp\/v2\/media\/81818"}],"wp:attachment":[{"href":"https:\/\/brandss.com.py\/index\/wp-json\/wp\/v2\/media?parent=81817"}],"wp:term":[{"taxonomy":"product_brand","embeddable":true,"href":"https:\/\/brandss.com.py\/index\/wp-json\/wp\/v2\/product_brand?post=81817"},{"taxonomy":"product_cat","embeddable":true,"href":"https:\/\/brandss.com.py\/index\/wp-json\/wp\/v2\/product_cat?post=81817"},{"taxonomy":"product_tag","embeddable":true,"href":"https:\/\/brandss.com.py\/index\/wp-json\/wp\/v2\/product_tag?post=81817"}],"curies":[{"name":"wp","href":"https:\/\/api.w.org\/{rel}","templated":true}]}}