{"id":81823,"date":"2025-05-10T11:31:10","date_gmt":"2025-05-10T11:31:10","guid":{"rendered":"https:\/\/brandss.com.py\/index\/?post_type=product&#038;p=81823"},"modified":"2025-05-20T11:38:12","modified_gmt":"2025-05-20T11:38:12","slug":"smartfy-dn-01rb-depiladora-nasal-recortadora-alimentada-por-pilas-aa-rojo","status":"publish","type":"product","link":"https:\/\/brandss.com.py\/index\/producto\/smartfy-dn-01rb-depiladora-nasal-recortadora-alimentada-por-pilas-aa-rojo\/","title":{"rendered":"DEPILADOR NASAL SMARTFY DN-01RB\/ 2W \/ A PILA BLACK\/RED"},"content":{"rendered":"<h1>SMARTFY DN-01RB<\/h1>\n<p>La depiladora nasal Smartfy DN-01RB Trimmer ofrece un corte preciso y c\u00f3modo, eliminando r\u00e1pidamente el vello no deseado. Es f\u00e1cil de limpiar y mantener, y su dise\u00f1o hace que sea f\u00e1cil de manejar, proporcionando una experiencia segura y sin tirones.<\/p>\n<h3 class=\"visby-bold f40-home texto-madrid bold mb-2\">Caracter\u00edsticas t\u00e9cnicas<\/h3>\n<div class=\"w-100 rounded20 bordinha-cinza mt-3 mb-5\">\n<div id=\"item_product2\" class=\"col-12 item_product active\">\n<div class=\"col-12 box_detail\">\n<div class=\"col-12 item_detail item_dark \">\n<div class=\"col-6 item\">Marca<\/div>\n<div class=\"col-6 item\">Smartfy<\/div>\n<\/div>\n<div class=\"col-12 item_detail \">\n<div class=\"col-6 item\">Modelo<\/div>\n<div class=\"col-6 item\">DN-01RB<\/div>\n<\/div>\n<div class=\"col-12 item_detail item_dark \">\n<div class=\"col-6 item\">Color<\/div>\n<div class=\"col-6 item\">Rojo<\/div>\n<\/div>\n<div class=\"col-12 item_detail \">\n<div class=\"col-6 item\">Funciones<\/div>\n<div class=\"col-6 item\">Recortadora de pelo<\/div>\n<\/div>\n<div class=\"col-12 item_detail item_dark \">\n<div class=\"col-6 item\">Poder<\/div>\n<div class=\"col-6 item\">2W<\/div>\n<\/div>\n<div class=\"col-12 item_detail \">\n<div class=\"col-6 item\">Uso<\/div>\n<div class=\"col-6 item\">Cejas &#8211; Barba &#8211; Vello de la nariz &#8211; Pelo de las orejas<\/div>\n<\/div>\n<div class=\"col-12 item_detail item_dark \">\n<div class=\"col-6 item\">Incluye<\/div>\n<div class=\"col-6 item\">Cepillo de limpieza<\/div>\n<\/div>\n<div class=\"col-12 item_detail \">\n<div class=\"col-6 item\">Dimensiones del paquete<\/div>\n<div class=\"col-6 item\">14.30 cm X 6.80 cm X 3.20 cm<\/div>\n<\/div>\n<div class=\"col-12 item_detail item_dark \">\n<div class=\"col-6 item\">Peso bruto<\/div>\n<div class=\"col-6 item\">0,068 kg<\/div>\n<\/div>\n<\/div>\n<\/div>\n<\/div>\n","protected":false},"excerpt":{"rendered":"<p>SMARTFY DN-01RB La depiladora nasal Smartfy DN-01RB Trimmer ofrece un corte preciso y c\u00f3modo, eliminando r\u00e1pidamente el vello no deseado.<\/p>\n","protected":false},"featured_media":81824,"comment_status":"open","ping_status":"closed","template":"","meta":{"nf_dc_page":""},"product_brand":[],"product_cat":[89],"product_tag":[],"class_list":{"0":"post-81823","1":"product","2":"type-product","3":"status-publish","4":"has-post-thumbnail","6":"product_cat-electronicos","8":"first","9":"instock","10":"shipping-taxable","11":"purchasable","12":"product-type-simple"},"_links":{"self":[{"href":"https:\/\/brandss.com.py\/index\/wp-json\/wp\/v2\/product\/81823","targetHints":{"allow":["GET"]}}],"collection":[{"href":"https:\/\/brandss.com.py\/index\/wp-json\/wp\/v2\/product"}],"about":[{"href":"https:\/\/brandss.com.py\/index\/wp-json\/wp\/v2\/types\/product"}],"replies":[{"embeddable":true,"href":"https:\/\/brandss.com.py\/index\/wp-json\/wp\/v2\/comments?post=81823"}],"version-history":[{"count":3,"href":"https:\/\/brandss.com.py\/index\/wp-json\/wp\/v2\/product\/81823\/revisions"}],"predecessor-version":[{"id":82442,"href":"https:\/\/brandss.com.py\/index\/wp-json\/wp\/v2\/product\/81823\/revisions\/82442"}],"wp:featuredmedia":[{"embeddable":true,"href":"https:\/\/brandss.com.py\/index\/wp-json\/wp\/v2\/media\/81824"}],"wp:attachment":[{"href":"https:\/\/brandss.com.py\/index\/wp-json\/wp\/v2\/media?parent=81823"}],"wp:term":[{"taxonomy":"product_brand","embeddable":true,"href":"https:\/\/brandss.com.py\/index\/wp-json\/wp\/v2\/product_brand?post=81823"},{"taxonomy":"product_cat","embeddable":true,"href":"https:\/\/brandss.com.py\/index\/wp-json\/wp\/v2\/product_cat?post=81823"},{"taxonomy":"product_tag","embeddable":true,"href":"https:\/\/brandss.com.py\/index\/wp-json\/wp\/v2\/product_tag?post=81823"}],"curies":[{"name":"wp","href":"https:\/\/api.w.org\/{rel}","templated":true}]}}