{"id":81836,"date":"2025-05-10T11:39:38","date_gmt":"2025-05-10T11:39:38","guid":{"rendered":"https:\/\/brandss.com.py\/index\/?post_type=product&#038;p=81836"},"modified":"2025-11-03T19:06:21","modified_gmt":"2025-11-03T19:06:21","slug":"smartfy-dn-02bl-depiladora-nasal-recargable-azul-ycon-negro","status":"publish","type":"product","link":"https:\/\/brandss.com.py\/index\/producto\/smartfy-dn-02bl-depiladora-nasal-recargable-azul-ycon-negro\/","title":{"rendered":"DEPILADOR NASAL SMARTFY DN 02BL 2W DIGITAL BLUE"},"content":{"rendered":"<h1><img loading=\"lazy\" decoding=\"async\" class=\"\" src=\"https:\/\/smartfybrasil.com.br\/assets\/sm-com-TZeQkCLv.png\" alt=\"Smartfy\" width=\"71\" height=\"51\" \/><\/h1>\n<h1>DN-02BL<\/h1>\n<p>Con su dise\u00f1o compacto y ergon\u00f3mico, la depiladora nasal Smartfy DN-02BL ofrece un agarre c\u00f3modo y seguro. El cabezal de afeitado elimina r\u00e1pidamente el vello no deseado, dejando la piel limpia y libre de irritaciones.<\/p>\n<h3 class=\"visby-bold f40-home texto-madrid bold mb-2\">Caracter\u00edsticas t\u00e9cnicas<\/h3>\n<div class=\"w-100 rounded20 bordinha-cinza mt-3 mb-5\">\n<div id=\"item_product2\" class=\"col-12 item_product active\">\n<div class=\"col-12 box_detail\">\n<div class=\"col-12 item_detail item_dark \">\n<div class=\"col-6 item\">Marca: Smartfy<\/div>\n<\/div>\n<div class=\"col-12 item_detail \">\n<div class=\"col-6 item\">Modelo: DN-02BL<\/div>\n<\/div>\n<div class=\"col-12 item_detail item_dark \">\n<div class=\"col-6 item\">Color: Azul y Negro<\/div>\n<\/div>\n<div class=\"col-12 item_detail \">\n<div class=\"col-6 item\">Funciones: Recortadora de pelo<\/div>\n<\/div>\n<div class=\"col-12 item_detail item_dark \">\n<div class=\"col-6 item\">Poder: 2W<\/div>\n<\/div>\n<div class=\"col-12 item_detail \">\n<div class=\"col-6 item\">Uso: Cejas &#8211; Barba &#8211; Vello de la nariz &#8211; Pelo de las orejas<\/div>\n<\/div>\n<div class=\"col-12 item_detail item_dark \">\n<div class=\"col-6 item\">Incluye: Cable de carga &#8211; Cepillo de limpieza<\/div>\n<\/div>\n<div class=\"col-12 item_detail \">\n<div class=\"col-6 item\">Dimensiones del paquete: 16.10 cm x 5.70 cm x 2.60 cm<\/div>\n<\/div>\n<div class=\"col-12 item_detail item_dark \">\n<div class=\"col-6 item\">Peso bruto: 0,064 kg<\/div>\n<\/div>\n<\/div>\n<\/div>\n<\/div>\n","protected":false},"excerpt":{"rendered":"<p>DN-02BL Con su dise\u00f1o compacto y ergon\u00f3mico, la depiladora nasal Smartfy DN-02BL ofrece un agarre c\u00f3modo y seguro. El cabezal<\/p>\n","protected":false},"featured_media":81837,"comment_status":"open","ping_status":"closed","template":"","meta":{"nf_dc_page":""},"product_brand":[1209],"product_cat":[89],"product_tag":[1267],"class_list":{"0":"post-81836","1":"product","2":"type-product","3":"status-publish","4":"has-post-thumbnail","6":"product_brand-smartfy","7":"product_cat-electronicos","8":"product_tag-1267","10":"first","11":"instock","12":"shipping-taxable","13":"purchasable","14":"product-type-simple"},"_links":{"self":[{"href":"https:\/\/brandss.com.py\/index\/wp-json\/wp\/v2\/product\/81836","targetHints":{"allow":["GET"]}}],"collection":[{"href":"https:\/\/brandss.com.py\/index\/wp-json\/wp\/v2\/product"}],"about":[{"href":"https:\/\/brandss.com.py\/index\/wp-json\/wp\/v2\/types\/product"}],"replies":[{"embeddable":true,"href":"https:\/\/brandss.com.py\/index\/wp-json\/wp\/v2\/comments?post=81836"}],"version-history":[{"count":5,"href":"https:\/\/brandss.com.py\/index\/wp-json\/wp\/v2\/product\/81836\/revisions"}],"predecessor-version":[{"id":93209,"href":"https:\/\/brandss.com.py\/index\/wp-json\/wp\/v2\/product\/81836\/revisions\/93209"}],"wp:featuredmedia":[{"embeddable":true,"href":"https:\/\/brandss.com.py\/index\/wp-json\/wp\/v2\/media\/81837"}],"wp:attachment":[{"href":"https:\/\/brandss.com.py\/index\/wp-json\/wp\/v2\/media?parent=81836"}],"wp:term":[{"taxonomy":"product_brand","embeddable":true,"href":"https:\/\/brandss.com.py\/index\/wp-json\/wp\/v2\/product_brand?post=81836"},{"taxonomy":"product_cat","embeddable":true,"href":"https:\/\/brandss.com.py\/index\/wp-json\/wp\/v2\/product_cat?post=81836"},{"taxonomy":"product_tag","embeddable":true,"href":"https:\/\/brandss.com.py\/index\/wp-json\/wp\/v2\/product_tag?post=81836"}],"curies":[{"name":"wp","href":"https:\/\/api.w.org\/{rel}","templated":true}]}}