{"id":81843,"date":"2025-05-10T12:33:15","date_gmt":"2025-05-10T12:33:15","guid":{"rendered":"https:\/\/brandss.com.py\/index\/?post_type=product&#038;p=81843"},"modified":"2026-04-11T10:54:33","modified_gmt":"2026-04-11T10:54:33","slug":"perfume-masculino-mont-blanc-legend-spirit-edt-100ml","status":"publish","type":"product","link":"https:\/\/brandss.com.py\/index\/producto\/perfume-masculino-mont-blanc-legend-spirit-edt-100ml\/","title":{"rendered":"PERFUME MASCULINO MONT BLANC LEGEND SPIRIT EDT 100ML"},"content":{"rendered":"<p><img loading=\"lazy\" decoding=\"async\" class=\"\" src=\"https:\/\/logos-world.net\/wp-content\/uploads\/2022\/09\/Montblanc-Logo.png\" alt=\"Montblanc Logo, symbol, meaning, history, PNG, brand\" width=\"98\" height=\"55\" \/><\/p>\n<h1>LEGEND SPIRIT<\/h1>\n<div data-v-1616a034=\"\">\n<p class=\"value\" data-v-1616a034=\"\"><span>Inspirado en todas las formas y matices del blanco, desde la nieve hasta el m\u00e1rmol, Legend Spirit es tan fresco, viril e impresionante como un paisaje resplandeciente. Legend Spirit destaca gracias a su est\u00e9tica radicalmente moderna de inmaculada laca blanca brillante y templado acero.<img loading=\"lazy\" decoding=\"async\" class=\"alignleft\" src=\"https:\/\/cdn.fynd.com\/v2\/falling-surf-7c8bb8\/fyprod\/wrkr\/products\/pictures\/item\/free\/resize-w:1024\/000000000491327932\/--tUOIbIdV-000000000491327932_5.jpg\" width=\"439\" height=\"439\" \/><\/span><\/p>\n<p data-v-1616a034=\"\"><b>\u00a0Legend Spirit<\/b> es una fragancia equilibrada y vers\u00e1til, adecuada para uso diario y ocasiones informales. Su sutil elegancia y frescura la convierten en una opci\u00f3n popular para aquellos que buscan un aroma limpio y sofisticado.<\/p>\n<p data-v-1616a034=\"\">Esta nueva fragancia revela un estilo m\u00e1s desenfadado y despreocupado aspecto del hombre Montblanc Legend, a\u00fan representa el atractivo vers\u00e1til y la elegancia por excelencia elementos de su car\u00e1cter.<\/p>\n<p data-v-1616a034=\"\">\n<\/div>\n<div data-v-1616a034=\"\">\n<h3 class=\"key headlineM\">Notas Olfativas:<\/h3>\n<p>&nbsp;<\/p>\n<p class=\"value\" data-v-1616a034=\"\">Esta fresca fragancia arom\u00e1tica amaderada est\u00e1 compuesta por ingredientes excepcionales. Las brillantes notas de salida de pimienta rosa, pomelo amargo y bergamota c\u00edtrica y transparente se liberan al instante. Su coraz\u00f3n, poderosamente arom\u00e1tico, late con fuerza gracias a la intensa lavanda, el hipn\u00f3tico cardamomo y un vigorizante acorde acu\u00e1tico. Las maderas blancas (s\u00e1ndalo, cedro y cachemira) se funden sensualmente con el musgo de roble, creando unas notas de fondo envolventes y aut\u00e9nticas, suavizadas por un c\u00f3ctel de almizcles blancos.<\/p>\n<p>La fragancia se calienta en la piel, vibra al contacto con el aire y cobra fuerza al liberar una estela inconfundible.<\/p>\n<p><strong>Familia Olfativa:<\/strong> Amaderado Marino Acuoso.<\/p>\n<p><strong>Nota de salida:<\/strong> bergamota, pimienta rosa y pomelo.<\/p>\n<p><strong>Nota de coraz\u00f3n:<\/strong> cardamomo, lavanda y acorde acu\u00e1tico.<\/p>\n<p><strong>Nota de fondo:<\/strong> acorde de musgo de roble, almizcles blancos y madera de cachemira.<\/p>\n<\/div>\n","protected":false},"excerpt":{"rendered":"<p>LEGEND SPIRIT Inspirado en todas las formas y matices del blanco, desde la nieve hasta el m\u00e1rmol, Legend Spirit es<\/p>\n","protected":false},"featured_media":81844,"comment_status":"open","ping_status":"closed","template":"","meta":{"nf_dc_page":""},"product_brand":[1033],"product_cat":[84],"product_tag":[2075],"class_list":{"0":"post-81843","1":"product","2":"type-product","3":"status-publish","4":"has-post-thumbnail","6":"product_brand-mont-blanc","7":"product_cat-perfumeria","8":"product_tag-2075","10":"first","11":"instock","12":"sale","13":"shipping-taxable","14":"purchasable","15":"product-type-simple"},"_links":{"self":[{"href":"https:\/\/brandss.com.py\/index\/wp-json\/wp\/v2\/product\/81843","targetHints":{"allow":["GET"]}}],"collection":[{"href":"https:\/\/brandss.com.py\/index\/wp-json\/wp\/v2\/product"}],"about":[{"href":"https:\/\/brandss.com.py\/index\/wp-json\/wp\/v2\/types\/product"}],"replies":[{"embeddable":true,"href":"https:\/\/brandss.com.py\/index\/wp-json\/wp\/v2\/comments?post=81843"}],"version-history":[{"count":1,"href":"https:\/\/brandss.com.py\/index\/wp-json\/wp\/v2\/product\/81843\/revisions"}],"predecessor-version":[{"id":81850,"href":"https:\/\/brandss.com.py\/index\/wp-json\/wp\/v2\/product\/81843\/revisions\/81850"}],"wp:featuredmedia":[{"embeddable":true,"href":"https:\/\/brandss.com.py\/index\/wp-json\/wp\/v2\/media\/81844"}],"wp:attachment":[{"href":"https:\/\/brandss.com.py\/index\/wp-json\/wp\/v2\/media?parent=81843"}],"wp:term":[{"taxonomy":"product_brand","embeddable":true,"href":"https:\/\/brandss.com.py\/index\/wp-json\/wp\/v2\/product_brand?post=81843"},{"taxonomy":"product_cat","embeddable":true,"href":"https:\/\/brandss.com.py\/index\/wp-json\/wp\/v2\/product_cat?post=81843"},{"taxonomy":"product_tag","embeddable":true,"href":"https:\/\/brandss.com.py\/index\/wp-json\/wp\/v2\/product_tag?post=81843"}],"curies":[{"name":"wp","href":"https:\/\/api.w.org\/{rel}","templated":true}]}}