{"id":81864,"date":"2025-05-10T13:46:37","date_gmt":"2025-05-10T13:46:37","guid":{"rendered":"https:\/\/brandss.com.py\/index\/?post_type=product&#038;p=81864"},"modified":"2025-11-01T18:05:22","modified_gmt":"2025-11-01T18:05:22","slug":"smartfy-gb01b-globo-de-levitacion-14cm-con-led-bivot-azul","status":"publish","type":"product","link":"https:\/\/brandss.com.py\/index\/producto\/smartfy-gb01b-globo-de-levitacion-14cm-con-led-bivot-azul\/","title":{"rendered":"GLOBO DE LEVITACI\u00d3N SMARTFY GB01B LED 2V BLUE"},"content":{"rendered":"<h1><img loading=\"lazy\" decoding=\"async\" class=\"\" src=\"https:\/\/smartfybrasil.com.br\/assets\/sm-com-TZeQkCLv.png\" alt=\"Smartfy\" width=\"76\" height=\"54\" \/><\/h1>\n<h1>GB01B<\/h1>\n<p>El globo magn\u00e9tico se mantiene como un testimonio de durabilidad y robustez. Su construcci\u00f3n superior mejora su dureza para soportar el uso mientras conserva su encanto original durante un per\u00edodo prolongado. D\u00e1ndote un globo magn\u00e9tico visualmente atractivo y duradero. Integra la realizaci\u00f3n de la precisi\u00f3n de ingenier\u00eda con un aspecto altamente est\u00e9tico.<\/p>\n<p>Este globo flotante proporciona una experiencia visual fascinante que seguramente despertar\u00e1 el inter\u00e9s de los espectadores. A diferencia de los globos tradicionales, este globo de levitaci\u00f3n seguramente atraer\u00e1 la atenci\u00f3n, estimular\u00e1 la curiosidad y servir\u00e1 como un gran iniciador de conversaci\u00f3n.<\/p>\n<p>Est\u00e9tica visual del globo flotante: en un ambiente oscuro, el globo flotante realmente cobra vida. Equipado con cuatro luces LED de colores, proporciona un efecto visualmente impresionante, creando un espect\u00e1culo luminoso cuando se alimenta.<\/p>\n<p>El globo cuenta con un mecanismo de levitaci\u00f3n magn\u00e9tica que le permite mantenerse suspendido en el aire y girar de manera continua sin necesidad de contacto f\u00edsico con la base. Este efecto de rotaci\u00f3n de 360 grados no solo le da un aspecto futurista y din\u00e1mico, sino que tambi\u00e9n permite visualizar cualquier parte del mapa con facilidad.<\/p>\n<h3 class=\"visby-bold f40-home texto-madrid bold mb-2\">Caracter\u00edsticas t\u00e9cnicas<\/h3>\n<div class=\"w-100 rounded20 bordinha-cinza mt-3 mb-5\">\n<div id=\"item_product2\" class=\"col-12 item_product active\">\n<div class=\"col-12 box_detail\">\n<div class=\"col-12 item_detail item_dark \">\n<div class=\"col-6 item\">Marca: Smartfy<\/div>\n<\/div>\n<div class=\"col-12 item_detail \">\n<div class=\"col-6 item\">Modelo: GB01B<\/div>\n<\/div>\n<div class=\"col-12 item_detail item_dark \">\n<div class=\"col-6 item\">Color: Azul<\/div>\n<\/div>\n<div class=\"col-12 item_detail \">\n<div class=\"col-6 item\">Tama\u00f1o del globo terr\u00e1queo: 14CM<\/div>\n<\/div>\n<div class=\"col-12 item_detail item_dark \">\n<div class=\"col-6 item\">Tama\u00f1o de la base: 19CM<\/div>\n<\/div>\n<div class=\"col-12 item_detail \">\n<div class=\"col-6 item\">Funciones: Iluminaci\u00f3n LED &#8211; Tecnolog\u00eda de levitaci\u00f3n magn\u00e9tica &#8211; Base antideslizante &#8211; Movimiento silencioso<\/div>\n<\/div>\n<div class=\"col-12 item_detail item_dark \">\n<div class=\"col-6 item\">Voltaje: 110-220 V &#8211; 50\/60 Hz<\/div>\n<\/div>\n<div class=\"col-12 item_detail \">\n<div class=\"col-6 item\">Dimensiones del paquete: 21.00 cm x 23.20 cm x 20.50 cm<\/div>\n<\/div>\n<div class=\"col-12 item_detail item_dark \">\n<div class=\"col-6 item\">Peso bruto: 1.232 kg<\/div>\n<\/div>\n<\/div>\n<\/div>\n<\/div>\n","protected":false},"excerpt":{"rendered":"<p>GB01B El globo magn\u00e9tico se mantiene como un testimonio de durabilidad y robustez. Su construcci\u00f3n superior mejora su dureza para<\/p>\n","protected":false},"featured_media":81865,"comment_status":"open","ping_status":"closed","template":"","meta":{"nf_dc_page":""},"product_brand":[1209],"product_cat":[89],"product_tag":[1213],"class_list":{"0":"post-81864","1":"product","2":"type-product","3":"status-publish","4":"has-post-thumbnail","6":"product_brand-smartfy","7":"product_cat-electronicos","8":"product_tag-1213","10":"first","11":"instock","12":"shipping-taxable","13":"purchasable","14":"product-type-simple"},"_links":{"self":[{"href":"https:\/\/brandss.com.py\/index\/wp-json\/wp\/v2\/product\/81864","targetHints":{"allow":["GET"]}}],"collection":[{"href":"https:\/\/brandss.com.py\/index\/wp-json\/wp\/v2\/product"}],"about":[{"href":"https:\/\/brandss.com.py\/index\/wp-json\/wp\/v2\/types\/product"}],"replies":[{"embeddable":true,"href":"https:\/\/brandss.com.py\/index\/wp-json\/wp\/v2\/comments?post=81864"}],"version-history":[{"count":5,"href":"https:\/\/brandss.com.py\/index\/wp-json\/wp\/v2\/product\/81864\/revisions"}],"predecessor-version":[{"id":93136,"href":"https:\/\/brandss.com.py\/index\/wp-json\/wp\/v2\/product\/81864\/revisions\/93136"}],"wp:featuredmedia":[{"embeddable":true,"href":"https:\/\/brandss.com.py\/index\/wp-json\/wp\/v2\/media\/81865"}],"wp:attachment":[{"href":"https:\/\/brandss.com.py\/index\/wp-json\/wp\/v2\/media?parent=81864"}],"wp:term":[{"taxonomy":"product_brand","embeddable":true,"href":"https:\/\/brandss.com.py\/index\/wp-json\/wp\/v2\/product_brand?post=81864"},{"taxonomy":"product_cat","embeddable":true,"href":"https:\/\/brandss.com.py\/index\/wp-json\/wp\/v2\/product_cat?post=81864"},{"taxonomy":"product_tag","embeddable":true,"href":"https:\/\/brandss.com.py\/index\/wp-json\/wp\/v2\/product_tag?post=81864"}],"curies":[{"name":"wp","href":"https:\/\/api.w.org\/{rel}","templated":true}]}}