{"id":81869,"date":"2025-05-12T11:22:35","date_gmt":"2025-05-12T11:22:35","guid":{"rendered":"https:\/\/brandss.com.py\/index\/?post_type=product&#038;p=81869"},"modified":"2025-06-12T16:29:40","modified_gmt":"2025-06-12T16:29:40","slug":"conjunto-deportivo-masculino-fila-essence-chaqueta-pantalon","status":"publish","type":"product","link":"https:\/\/brandss.com.py\/index\/producto\/conjunto-deportivo-masculino-fila-essence-chaqueta-pantalon\/","title":{"rendered":"CONJUNTO DEPORTIVO MASCULINO FILA ESSENCE CHAQUETA + PANTAL\u00d3N"},"content":{"rendered":"<p><img loading=\"lazy\" decoding=\"async\" class=\"\" src=\"https:\/\/1000marcas.net\/wp-content\/uploads\/2019\/12\/logo-Fila.png\" alt=\"Logo de Fila: la historia y el significado del logotipo, la marca y el  s\u00edmbolo. | png, vector\" width=\"107\" height=\"60\" \/><\/p>\n<h1>ESSENCE<\/h1>\n<p>El Conjunto Fila Essence es perfecto para tus entrenamientos y partidos con amigos. Cuenta con un cuello alto y cierre total, adem\u00e1s de bolsillos en ambas prendas para llevar lo necesario con vos y mantenerte abrigado en los d\u00edas de menor temperatura. Personaliza el calce del pantal\u00f3n gracias a su cintura el\u00e1stico con cord\u00f3n de ajuste y lleva un conjunto pr\u00e1ctico y vers\u00e1til para lucirlo en cualquier ocasi\u00f3n.<\/p>\n<p><span>Confeccionado en punto de poli\u00e9ster, con corte regular, cuello alto, bolsillos laterales en el corte y tirador de cremallera personalizado Fila. El ch\u00e1ndal explora bloques de color y ribetes para ofrecer un estilo aut\u00e9ntico, acompa\u00f1ado de pu\u00f1os y dobladillo acanalados y una cremallera frontal.<\/span><\/p>\n<p><span>Los pantalones tienen un dise\u00f1o con la entrepierna desplazada hacia adelante para una mayor comodidad y movilidad durante cualquier ejercicio y adem\u00e1s un cord\u00f3n ajustable para un mayor ajuste de la cintura.<\/span><\/p>\n<ul class=\"row\">\n<li class=\"col-12 col-md-6 attribute-values\"><span class=\"label\">G\u00e9nero:<\/span> Masculino.<\/li>\n<li>Modelo: F11AT082-2950.<\/li>\n<li class=\"col-12 col-md-6 attribute-values\"><span class=\"label\">Color:<\/span> Azul Marino+Blanco.<\/li>\n<li class=\"col-12 col-md-6 attribute-values\"><span class=\"label\">Adecuado para:<\/span> Todo el d\u00eda.<\/li>\n<li class=\"col-12 col-md-6 attribute-values\"><span class=\"label\">Material:<\/span> Poli\u00e9ster.<\/li>\n<li class=\"col-12 col-md-6 attribute-values\"><span class=\"label\">Bolsillo:<\/span> Con Bolsillo.<\/li>\n<li class=\"col-12 col-md-6 attribute-values\"><span class=\"label\">Composici\u00f3n:<\/span> 100% Poli\u00e9ster.<\/li>\n<li class=\"col-12 col-md-6 attribute-values\"><span class=\"label\">Origen:<\/span> Importado.<\/li>\n<\/ul>\n","protected":false},"excerpt":{"rendered":"<p>ESSENCE El Conjunto Fila Essence es perfecto para tus entrenamientos y partidos con amigos. Cuenta con un cuello alto y<\/p>\n","protected":false},"featured_media":81870,"comment_status":"open","ping_status":"closed","template":"","meta":{"nf_dc_page":""},"product_brand":[],"product_cat":[76],"product_tag":[],"class_list":{"0":"post-81869","1":"product","2":"type-product","3":"status-publish","4":"has-post-thumbnail","6":"product_cat-masculino","8":"first","9":"instock","10":"shipping-taxable","11":"purchasable","12":"product-type-simple"},"_links":{"self":[{"href":"https:\/\/brandss.com.py\/index\/wp-json\/wp\/v2\/product\/81869","targetHints":{"allow":["GET"]}}],"collection":[{"href":"https:\/\/brandss.com.py\/index\/wp-json\/wp\/v2\/product"}],"about":[{"href":"https:\/\/brandss.com.py\/index\/wp-json\/wp\/v2\/types\/product"}],"replies":[{"embeddable":true,"href":"https:\/\/brandss.com.py\/index\/wp-json\/wp\/v2\/comments?post=81869"}],"version-history":[{"count":1,"href":"https:\/\/brandss.com.py\/index\/wp-json\/wp\/v2\/product\/81869\/revisions"}],"predecessor-version":[{"id":81879,"href":"https:\/\/brandss.com.py\/index\/wp-json\/wp\/v2\/product\/81869\/revisions\/81879"}],"wp:featuredmedia":[{"embeddable":true,"href":"https:\/\/brandss.com.py\/index\/wp-json\/wp\/v2\/media\/81870"}],"wp:attachment":[{"href":"https:\/\/brandss.com.py\/index\/wp-json\/wp\/v2\/media?parent=81869"}],"wp:term":[{"taxonomy":"product_brand","embeddable":true,"href":"https:\/\/brandss.com.py\/index\/wp-json\/wp\/v2\/product_brand?post=81869"},{"taxonomy":"product_cat","embeddable":true,"href":"https:\/\/brandss.com.py\/index\/wp-json\/wp\/v2\/product_cat?post=81869"},{"taxonomy":"product_tag","embeddable":true,"href":"https:\/\/brandss.com.py\/index\/wp-json\/wp\/v2\/product_tag?post=81869"}],"curies":[{"name":"wp","href":"https:\/\/api.w.org\/{rel}","templated":true}]}}