{"id":81889,"date":"2025-05-12T12:48:39","date_gmt":"2025-05-12T12:48:39","guid":{"rendered":"https:\/\/brandss.com.py\/index\/?post_type=product&#038;p=81889"},"modified":"2026-03-14T16:23:47","modified_gmt":"2026-03-14T16:23:47","slug":"perfume-femenino-marina-de-bourbon-majestic-style-edp-100ml","status":"publish","type":"product","link":"https:\/\/brandss.com.py\/index\/producto\/perfume-femenino-marina-de-bourbon-majestic-style-edp-100ml\/","title":{"rendered":"PERFUME FEMENINO MARINA DE BOURBON MAJESTIC STYLE EDP 100ML"},"content":{"rendered":"<p><img loading=\"lazy\" decoding=\"async\" class=\"\" src=\"https:\/\/www.marinadebourbon.com\/cdn\/shop\/files\/LOGO_MDB_NOIR.png?v=1684838797&amp;width=1891\" alt=\"SYMBOL ROYAL\" width=\"113\" height=\"51\" \/><\/p>\n<h1>MAJESTIC STYLE<\/h1>\n<p>Esta fragancia de estela cautivadora se abre con un bouquet floral embriagador y voluptuoso, realzado por la frescura de los c\u00edtricos y matices de t\u00e9, mientras que la sensualidad del pachul\u00ed y la nobleza de las maderas le confieren una profundidad magn\u00e9tica, envolvente y seductora.<\/p>\n<p><img loading=\"lazy\" decoding=\"async\" class=\"alignleft\" src=\"https:\/\/www.marinadebourbon.com\/cdn\/shop\/files\/Majestic-photo1.jpg?v=1718351014&amp;width=1000\" width=\"635\" height=\"635\" \/><\/p>\n<h3>Notas Olfativas<\/h3>\n<p>&nbsp;<\/p>\n<p>Es una fragancia femenina que combina la frescura de los c\u00edtricos y el t\u00e9 con un coraz\u00f3n floral de peon\u00eda y fresia, culminando en una base amaderada y terrosa. Ideal para la mujer moderna que busca una esencia elegante y envolvente.\u200b Majestic Style de Princesse Marina De Bourbon es una fragancia de la familia olfativa Chipre Floral para Mujeres. Esta fragrancia es nueva. Majestic Style se lanz\u00f3 en 2024.<\/p>\n<p>&nbsp;<\/p>\n<p><strong>Notas de salida:<\/strong> bergamota, c\u00edtricos y t\u00e9.<\/p>\n<p>&nbsp;<\/p>\n<p><strong>Notas de coraz\u00f3n:<\/strong> grosellas negras, fresia y peon\u00eda.<\/p>\n<p>&nbsp;<\/p>\n<p><strong>Notas de fondo:<\/strong> s\u00e1ndalo, pachul\u00ed y musgo de roble.<\/p>\n","protected":false},"excerpt":{"rendered":"<p>MAJESTIC STYLE Esta fragancia de estela cautivadora se abre con un bouquet floral embriagador y voluptuoso, realzado por la frescura<\/p>\n","protected":false},"featured_media":81890,"comment_status":"open","ping_status":"closed","template":"","meta":{"nf_dc_page":""},"product_brand":[1767],"product_cat":[84],"product_tag":[2076],"class_list":{"0":"post-81889","1":"product","2":"type-product","3":"status-publish","4":"has-post-thumbnail","6":"product_brand-marina-de-bourbon","7":"product_cat-perfumeria","8":"product_tag-2076","10":"first","11":"instock","12":"sale","13":"shipping-taxable","14":"purchasable","15":"product-type-simple"},"_links":{"self":[{"href":"https:\/\/brandss.com.py\/index\/wp-json\/wp\/v2\/product\/81889","targetHints":{"allow":["GET"]}}],"collection":[{"href":"https:\/\/brandss.com.py\/index\/wp-json\/wp\/v2\/product"}],"about":[{"href":"https:\/\/brandss.com.py\/index\/wp-json\/wp\/v2\/types\/product"}],"replies":[{"embeddable":true,"href":"https:\/\/brandss.com.py\/index\/wp-json\/wp\/v2\/comments?post=81889"}],"version-history":[{"count":1,"href":"https:\/\/brandss.com.py\/index\/wp-json\/wp\/v2\/product\/81889\/revisions"}],"predecessor-version":[{"id":81895,"href":"https:\/\/brandss.com.py\/index\/wp-json\/wp\/v2\/product\/81889\/revisions\/81895"}],"wp:featuredmedia":[{"embeddable":true,"href":"https:\/\/brandss.com.py\/index\/wp-json\/wp\/v2\/media\/81890"}],"wp:attachment":[{"href":"https:\/\/brandss.com.py\/index\/wp-json\/wp\/v2\/media?parent=81889"}],"wp:term":[{"taxonomy":"product_brand","embeddable":true,"href":"https:\/\/brandss.com.py\/index\/wp-json\/wp\/v2\/product_brand?post=81889"},{"taxonomy":"product_cat","embeddable":true,"href":"https:\/\/brandss.com.py\/index\/wp-json\/wp\/v2\/product_cat?post=81889"},{"taxonomy":"product_tag","embeddable":true,"href":"https:\/\/brandss.com.py\/index\/wp-json\/wp\/v2\/product_tag?post=81889"}],"curies":[{"name":"wp","href":"https:\/\/api.w.org\/{rel}","templated":true}]}}