{"id":81907,"date":"2025-05-12T13:18:21","date_gmt":"2025-05-12T13:18:21","guid":{"rendered":"https:\/\/brandss.com.py\/index\/?post_type=product&#038;p=81907"},"modified":"2025-11-03T13:40:22","modified_gmt":"2025-11-03T13:40:22","slug":"smartfy-pe01g-olla-arrocera-electrica-400w-1l-220-240v-50-60hz-negro-con-gris","status":"publish","type":"product","link":"https:\/\/brandss.com.py\/index\/producto\/smartfy-pe01g-olla-arrocera-electrica-400w-1l-220-240v-50-60hz-negro-con-gris\/","title":{"rendered":"ARROCERA EL\u00c9CTRICA SMARTFY PE01G 400W 1L 220V BLACK\/GREY"},"content":{"rendered":"<h3><img loading=\"lazy\" decoding=\"async\" class=\"\" src=\"https:\/\/smartfybrasil.com.br\/assets\/sm-com-TZeQkCLv.png\" alt=\"Smartfy\" width=\"83\" height=\"59\" \/><\/h3>\n<h1>PE01G<\/h1>\n<p>La olla arrocera el\u00e9ctrica Smartfy PE01G es perfecta para quienes buscan practicidad en su vida diaria. Con una capacidad de 1 litro, es ideal para preparar porciones m\u00e1s peque\u00f1as de arroz de forma r\u00e1pida y eficaz. Su cuerpo de acero inoxidable proporciona durabilidad y un toque moderno a tu cocina. El recipiente interior antiadherente y extra\u00edble facilita la limpieza y evita que los alimentos se peguen. Adem\u00e1s, cuenta con funciones de cocci\u00f3n, calentamiento autom\u00e1tico y preparaci\u00f3n de vapor, lo que lo hace vers\u00e1til para diferentes necesidades culinarias. Con 400W de potencia, garantiza una cocci\u00f3n uniforme y eficiente, consumiendo poca energ\u00eda.<\/p>\n<h3><strong>Caracter\u00edsticas principales<\/strong><\/h3>\n<p>&nbsp;<\/p>\n<ul>\n<li>Capacidad de 1 litro: Ideal para peque\u00f1as porciones, perfecto para uso individual o en pareja.<\/li>\n<li>Funci\u00f3n 3 en 1 \u2013 Cocinar, calentar y cocinar al vapor: Versatilidad para diferentes tipos de preparaci\u00f3n.<\/li>\n<li>Cuerpo de acero inoxidable: Dise\u00f1o moderno, resistente y duradero.<\/li>\n<li>Recipiente antiadherente y extra\u00edble: F\u00e1cil de limpiar y evita que los alimentos se peguen.<\/li>\n<li>Sistema de calentamiento autom\u00e1tico: mantiene la comida caliente durante m\u00e1s tiempo despu\u00e9s de su preparaci\u00f3n.<\/li>\n<li>Potencia 400W: Cocci\u00f3n eficiente con bajo consumo energ\u00e9tico.<\/li>\n<li>Bajo consumo energ\u00e9tico: S\u00f3lo 0,4 kWh, proporcionando ahorro y eficiencia.<\/li>\n<\/ul>\n<p>&nbsp;<\/p>\n<h3><strong>Especificaciones t\u00e9cnicas<\/strong><\/h3>\n<p>&nbsp;<\/p>\n<ul>\n<li>Marca: Smartfy<\/li>\n<li>Modelo: PE01G<\/li>\n<li>Color: Negro\/Gris<\/li>\n<li>Capacidad: 1 litro<\/li>\n<li>Funciones: Cocinar, calentar, cocinar al vapor.<\/li>\n<li>Material: Cuerpo de acero inoxidable.<\/li>\n<li>Revestimiento interior: antiadherente<\/li>\n<li>Potencia: 400W<\/li>\n<li>Consumo: 0,4 kWh<\/li>\n<li>Voltaje: 220-240 V ~ 50\/60 Hz<\/li>\n<li>Dimensiones del embalaje: 25,9 \u00d7 24,2 \u00d7 24,5 cm<\/li>\n<li>Peso bruto: 1.794 kg<\/li>\n<\/ul>\n","protected":false},"excerpt":{"rendered":"<p>PE01G La olla arrocera el\u00e9ctrica Smartfy PE01G es perfecta para quienes buscan practicidad en su vida diaria. Con una capacidad<\/p>\n","protected":false},"featured_media":81909,"comment_status":"open","ping_status":"closed","template":"","meta":{"nf_dc_page":""},"product_brand":[1209],"product_cat":[83],"product_tag":[1239],"class_list":{"0":"post-81907","1":"product","2":"type-product","3":"status-publish","4":"has-post-thumbnail","6":"product_brand-smartfy","7":"product_cat-hogar","8":"product_tag-1239","10":"first","11":"outofstock","12":"shipping-taxable","13":"purchasable","14":"product-type-simple"},"_links":{"self":[{"href":"https:\/\/brandss.com.py\/index\/wp-json\/wp\/v2\/product\/81907","targetHints":{"allow":["GET"]}}],"collection":[{"href":"https:\/\/brandss.com.py\/index\/wp-json\/wp\/v2\/product"}],"about":[{"href":"https:\/\/brandss.com.py\/index\/wp-json\/wp\/v2\/types\/product"}],"replies":[{"embeddable":true,"href":"https:\/\/brandss.com.py\/index\/wp-json\/wp\/v2\/comments?post=81907"}],"version-history":[{"count":5,"href":"https:\/\/brandss.com.py\/index\/wp-json\/wp\/v2\/product\/81907\/revisions"}],"predecessor-version":[{"id":93185,"href":"https:\/\/brandss.com.py\/index\/wp-json\/wp\/v2\/product\/81907\/revisions\/93185"}],"wp:featuredmedia":[{"embeddable":true,"href":"https:\/\/brandss.com.py\/index\/wp-json\/wp\/v2\/media\/81909"}],"wp:attachment":[{"href":"https:\/\/brandss.com.py\/index\/wp-json\/wp\/v2\/media?parent=81907"}],"wp:term":[{"taxonomy":"product_brand","embeddable":true,"href":"https:\/\/brandss.com.py\/index\/wp-json\/wp\/v2\/product_brand?post=81907"},{"taxonomy":"product_cat","embeddable":true,"href":"https:\/\/brandss.com.py\/index\/wp-json\/wp\/v2\/product_cat?post=81907"},{"taxonomy":"product_tag","embeddable":true,"href":"https:\/\/brandss.com.py\/index\/wp-json\/wp\/v2\/product_tag?post=81907"}],"curies":[{"name":"wp","href":"https:\/\/api.w.org\/{rel}","templated":true}]}}