{"id":81908,"date":"2025-05-12T13:27:15","date_gmt":"2025-05-12T13:27:15","guid":{"rendered":"https:\/\/brandss.com.py\/index\/?post_type=product&#038;p=81908"},"modified":"2026-03-14T12:12:47","modified_gmt":"2026-03-14T12:12:47","slug":"perfume-masculino-mercedes-benz-sign-for-men-edp-100ml","status":"publish","type":"product","link":"https:\/\/brandss.com.py\/index\/producto\/perfume-masculino-mercedes-benz-sign-for-men-edp-100ml\/","title":{"rendered":"PERFUME MASCULINO MERCEDES BENZ SIGN FOR MEN EDP 100ML"},"content":{"rendered":"<p><img loading=\"lazy\" decoding=\"async\" class=\"\" src=\"https:\/\/images.seeklogo.com\/logo-png\/19\/2\/mercedes-benz-logo-png_seeklogo-190348.png\" alt=\"Mercedes Benz Logo PNG Vector (AI) Free Download\" width=\"89\" height=\"89\" \/><\/p>\n<h1>SIGN FOR MEN<\/h1>\n<p><span>SIGN impresiona por su potencia, intensidad y estela. Las notas de salida revelan la efervescencia del cardamomo, que se fusiona con pimienta rosa SFE para aportar frescura y contrastar con un fondo m\u00e1s avainillado. Las notas de fondo tambi\u00e9n incluyen haba tonka y almizcle blanco, que crean una atm\u00f3sfera c\u00e1lida y sensual antes de fundirse con cachemira y pachul\u00ed amaderado SFE. A continuaci\u00f3n, se presentan pomelo amargo, manzana crujiente y un bouquet floral compuesto por lavanda arom\u00e1tica, flor de azahar, geranio rosa y, ahora poco com\u00fan en perfumer\u00eda, absoluto de hoja de violeta, creando un equilibrio sofisticado que el maestro perfumista Olivier Cresp ha refinado con esmero.<\/span><br \/>\n<img loading=\"lazy\" decoding=\"async\" class=\"alignleft\" src=\"https:\/\/labelleperfumes.com\/cdn\/shop\/products\/mercedes-benz-sign-ad1_800x.webp?v=1664473349\" width=\"661\" height=\"661\" \/><br \/>\n<span>La excelencia ya tiene su fragancia: SIGN.<\/span><\/p>\n<p><span>Unas palabras de Olivier Cresp&#8230;<\/span><\/p>\n<p><span>\u00abEncontr\u00e9 materias primas excepcionales en Guatemala, en particular el cardamomo. A mi regreso, quise usar este oro verde en una nueva creaci\u00f3n para hombre. SIGN es una fragancia maravillosa y multifac\u00e9tica creada en torno a esta singular especia\u00bb.<\/span><\/p>\n<p><span>Comprometidos con lo que importa&#8230;<\/span><\/p>\n<p><span>Consciente de los problemas ambientales, Mercedes-Benz est\u00e1 implementando gradualmente nuevas iniciativas para asumir la responsabilidad y pensar en el futuro. La legendaria marca utiliza m\u00e1s del 40 % de vidrio reciclado para fabricar esta nueva botella. El interior que guarda la preciada botella en su caja est\u00e1 fabricado con papel reciclado con certificaci\u00f3n FSC y es reciclable. Otro punto importante es que Mercedes-Benz ha elegido (en colaboraci\u00f3n con Firmenich) dos ingredientes de origen sostenible para componer su fragancia. Se ha establecido una colaboraci\u00f3n con comunidades agr\u00edcolas locales de Guatemala para el cardamomo, y se han firmado acuerdos de desarrollo con Java y Sumatra para obtener pachul\u00ed de excepcional calidad.<\/span><\/p>\n<p>&nbsp;<\/p>\n<h3>Notas Olfativas<\/h3>\n<p>&nbsp;<\/p>\n<p><span class=\"product__intro-excerpt\"><span>Una nueva fragancia ic\u00f3nica y moderna, s\u00edmbolo de uni\u00f3n, una aut\u00e9ntica firma de \u00e9xito. Creada por el Maestro.<\/span><\/span>\u00a0<span class=\"product__intro-text\"><span>Del perfumista Olivier Cresp, la fragancia SIGN impresiona por su potencia, intensidad y estela. Contiene una especia excepcional de origen sostenible: el cardamomo de Guatemala. Es la esencia de una composici\u00f3n c\u00e1lida y sensual que combina pimienta rosa, haba tonka, pachul\u00ed, lavanda, flor de azahar, geranio y hojas de violeta.<\/span><\/span><\/p>\n<div><strong>Notas de salida: <\/strong>hojas de violeta, cardamomo guatemalteco y pimienta rosa.<\/div>\n<div><strong>Notas de coraz\u00f3n:<\/strong>\u00a0flor de azahar del naranjo, lavanda y geranio.<\/div>\n<div><strong>Notas de fondo:<\/strong>\u00a0haba tonka, madera de cachemira y pachul\u00ed.<\/div>\n","protected":false},"excerpt":{"rendered":"<p>SIGN FOR MEN SIGN impresiona por su potencia, intensidad y estela. Las notas de salida revelan la efervescencia del cardamomo,<\/p>\n","protected":false},"featured_media":81919,"comment_status":"open","ping_status":"closed","template":"","meta":{"nf_dc_page":""},"product_brand":[793],"product_cat":[84],"product_tag":[2077],"class_list":{"0":"post-81908","1":"product","2":"type-product","3":"status-publish","4":"has-post-thumbnail","6":"product_brand-mercedes-benz","7":"product_cat-perfumeria","8":"product_tag-2077","10":"first","11":"outofstock","12":"shipping-taxable","13":"purchasable","14":"product-type-simple"},"_links":{"self":[{"href":"https:\/\/brandss.com.py\/index\/wp-json\/wp\/v2\/product\/81908","targetHints":{"allow":["GET"]}}],"collection":[{"href":"https:\/\/brandss.com.py\/index\/wp-json\/wp\/v2\/product"}],"about":[{"href":"https:\/\/brandss.com.py\/index\/wp-json\/wp\/v2\/types\/product"}],"replies":[{"embeddable":true,"href":"https:\/\/brandss.com.py\/index\/wp-json\/wp\/v2\/comments?post=81908"}],"version-history":[{"count":1,"href":"https:\/\/brandss.com.py\/index\/wp-json\/wp\/v2\/product\/81908\/revisions"}],"predecessor-version":[{"id":81927,"href":"https:\/\/brandss.com.py\/index\/wp-json\/wp\/v2\/product\/81908\/revisions\/81927"}],"wp:featuredmedia":[{"embeddable":true,"href":"https:\/\/brandss.com.py\/index\/wp-json\/wp\/v2\/media\/81919"}],"wp:attachment":[{"href":"https:\/\/brandss.com.py\/index\/wp-json\/wp\/v2\/media?parent=81908"}],"wp:term":[{"taxonomy":"product_brand","embeddable":true,"href":"https:\/\/brandss.com.py\/index\/wp-json\/wp\/v2\/product_brand?post=81908"},{"taxonomy":"product_cat","embeddable":true,"href":"https:\/\/brandss.com.py\/index\/wp-json\/wp\/v2\/product_cat?post=81908"},{"taxonomy":"product_tag","embeddable":true,"href":"https:\/\/brandss.com.py\/index\/wp-json\/wp\/v2\/product_tag?post=81908"}],"curies":[{"name":"wp","href":"https:\/\/api.w.org\/{rel}","templated":true}]}}