{"id":81934,"date":"2025-05-12T17:39:24","date_gmt":"2025-05-12T17:39:24","guid":{"rendered":"https:\/\/brandss.com.py\/index\/?post_type=product&#038;p=81934"},"modified":"2026-03-30T18:35:48","modified_gmt":"2026-03-30T18:35:48","slug":"perfume-femenino-karen-low-pure-dor-edp-100ml","status":"publish","type":"product","link":"https:\/\/brandss.com.py\/index\/producto\/perfume-femenino-karen-low-pure-dor-edp-100ml\/","title":{"rendered":"PERFUME FEMENINO KAREN LOW PURE D\u2019OR EDP 100ML"},"content":{"rendered":"<p>&nbsp;<\/p>\n<p><img loading=\"lazy\" decoding=\"async\" class=\"\" src=\"https:\/\/fimgs.net\/mdimg\/dizajneri\/o.2257.jpg\" alt=\"Karen Low Fragancias Y Colonias\" width=\"84\" height=\"59\" \/><\/p>\n<h1>PURE D\u2019OR<\/h1>\n<p>Este olor es como las joyas que la mujer . Multifac\u00e9tico como un diamante, el perfume brilla. Llev\u00e1ndote a trav\u00e9s de su prado de flores refrescantes, esta fragancia floral-frutal comienza con una ola refrescante de c\u00edtricos y frutas picantes, el aroma de flores reci\u00e9n florecidas a lo largo del camino<\/p>\n<p><img loading=\"lazy\" decoding=\"async\" class=\"alignleft\" src=\"https:\/\/http2.mlstatic.com\/D_NQ_NP_2X_954309-MLB49432204376_032022-F.webp\" width=\"308\" height=\"525\" \/><\/p>\n<p>herboso flotando en el aire y finalmente disminuyendo a una dulzura suave en medio de la terrosidad profunda del paisaje del jard\u00edn.<\/p>\n<h3>\n<p>Notas Olfativas<\/h3>\n<p>Pure d&#8217;Or es una fragancia de la familia olfativa Floral Frutal para Mujeres.<\/p>\n<p><span><b>Notas de salida<\/b>:\u00a0<\/span>Mandarina, Bergamota, Grosella Negra.<br \/>\n<span><b>Notas de coraz\u00f3n<\/b>:\u00a0<\/span>Pachul\u00ed, Rosa, Flor de Azahar, Manzanilla.<br \/>\n<span><b>Notas de fondo<\/b>:\u00a0<\/span>\u00c1mbar, Almizcle, Cistus, Madera de Cedro, Vainilla.<\/p>\n","protected":false},"excerpt":{"rendered":"<p>&nbsp; PURE D\u2019OR Este olor es como las joyas que la mujer . Multifac\u00e9tico como un diamante, el perfume brilla.<\/p>\n","protected":false},"featured_media":81935,"comment_status":"open","ping_status":"closed","template":"","meta":{"nf_dc_page":""},"product_brand":[1934],"product_cat":[84],"product_tag":[2079],"class_list":{"0":"post-81934","1":"product","2":"type-product","3":"status-publish","4":"has-post-thumbnail","6":"product_brand-karen-low","7":"product_cat-perfumeria","8":"product_tag-2079","10":"first","11":"instock","12":"sale","13":"shipping-taxable","14":"purchasable","15":"product-type-simple"},"_links":{"self":[{"href":"https:\/\/brandss.com.py\/index\/wp-json\/wp\/v2\/product\/81934","targetHints":{"allow":["GET"]}}],"collection":[{"href":"https:\/\/brandss.com.py\/index\/wp-json\/wp\/v2\/product"}],"about":[{"href":"https:\/\/brandss.com.py\/index\/wp-json\/wp\/v2\/types\/product"}],"replies":[{"embeddable":true,"href":"https:\/\/brandss.com.py\/index\/wp-json\/wp\/v2\/comments?post=81934"}],"version-history":[{"count":1,"href":"https:\/\/brandss.com.py\/index\/wp-json\/wp\/v2\/product\/81934\/revisions"}],"predecessor-version":[{"id":81939,"href":"https:\/\/brandss.com.py\/index\/wp-json\/wp\/v2\/product\/81934\/revisions\/81939"}],"wp:featuredmedia":[{"embeddable":true,"href":"https:\/\/brandss.com.py\/index\/wp-json\/wp\/v2\/media\/81935"}],"wp:attachment":[{"href":"https:\/\/brandss.com.py\/index\/wp-json\/wp\/v2\/media?parent=81934"}],"wp:term":[{"taxonomy":"product_brand","embeddable":true,"href":"https:\/\/brandss.com.py\/index\/wp-json\/wp\/v2\/product_brand?post=81934"},{"taxonomy":"product_cat","embeddable":true,"href":"https:\/\/brandss.com.py\/index\/wp-json\/wp\/v2\/product_cat?post=81934"},{"taxonomy":"product_tag","embeddable":true,"href":"https:\/\/brandss.com.py\/index\/wp-json\/wp\/v2\/product_tag?post=81934"}],"curies":[{"name":"wp","href":"https:\/\/api.w.org\/{rel}","templated":true}]}}