{"id":81955,"date":"2025-05-12T18:44:55","date_gmt":"2025-05-12T18:44:55","guid":{"rendered":"https:\/\/brandss.com.py\/index\/?post_type=product&#038;p=81955"},"modified":"2025-11-03T12:03:04","modified_gmt":"2025-11-03T12:03:04","slug":"smartfy-fg01w-cocina-electrica-1000w-1-quemador-espiral-220v-50-60hz-blanco","status":"publish","type":"product","link":"https:\/\/brandss.com.py\/index\/producto\/smartfy-fg01w-cocina-electrica-1000w-1-quemador-espiral-220v-50-60hz-blanco\/","title":{"rendered":"COCINA EL\u00c9CTRICA SMARTFY FG01W 1 QUEMADOR ESPIRAL 1000W 220V WHITE"},"content":{"rendered":"<h1><img loading=\"lazy\" decoding=\"async\" class=\"\" src=\"https:\/\/smartfybrasil.com.br\/assets\/sm-com-TZeQkCLv.png\" alt=\"Smartfy\" width=\"72\" height=\"51\" \/><\/h1>\n<h1>FG01W<\/h1>\n<p>Con un dise\u00f1o compacto y una tecnolog\u00eda eficiente, la estufa el\u00e9ctrica Smartfy FG01W es ideal para aquellos con una cocina peque\u00f1a. Su boca y sus 1000W de potencia permiten un calentamiento r\u00e1pido y constante, garantizando m\u00e1s agilidad a la hora de cocinar.<\/p>\n<h3 class=\"visby-bold f40-home texto-madrid bold mb-2\">Caracter\u00edsticas t\u00e9cnicas<\/h3>\n<div class=\"w-100 rounded20 bordinha-cinza mt-3 mb-5\">\n<div id=\"item_product2\" class=\"col-12 item_product active\">\n<div class=\"col-12 box_detail\">\n<div class=\"col-12 item_detail item_dark \">\n<div class=\"col-6 item\">Marca: Smartfy<\/div>\n<\/div>\n<div class=\"col-12 item_detail \">\n<div class=\"col-6 item\">Modelo: FG01W<\/div>\n<\/div>\n<div class=\"col-12 item_detail item_dark \">\n<div class=\"col-6 item\">Color: Blanco<\/div>\n<\/div>\n<div class=\"col-12 item_detail \">\n<div class=\"col-6 item\">Poder: 1000W<\/div>\n<\/div>\n<div class=\"col-12 item_detail item_dark \">\n<div class=\"col-6 item\">N\u00famero de bocas: 1<\/div>\n<\/div>\n<div class=\"col-12 item_detail \">\n<div class=\"col-6 item\">Funciones: Port\u00e1til, pr\u00e1ctico y ligero &#8211; Calefacci\u00f3n en una placa con un di\u00e1metro de 140 mm &#8211; Regulador de termostato &#8211; Luz indicadora de encendido\/apagado<\/div>\n<\/div>\n<div class=\"col-12 item_detail item_dark \">\n<div class=\"col-6 item\">Funciones: Alcanza hasta 600 \u00b0C en menos de 5 minutos &#8211; Apagado autom\u00e1tico cuando se alcanza la temperatura deseada<\/div>\n<\/div>\n<div class=\"col-12 item_detail \">\n<div class=\"col-6 item\">Consumo: 1.0kw\/h<\/div>\n<\/div>\n<div class=\"col-12 item_detail item_dark \">\n<div class=\"col-6 item\">Frecuencia: 50\/60 Hz<\/div>\n<\/div>\n<div class=\"col-12 item_detail \">\n<div class=\"col-6 item\">Voltaje: 220V<\/div>\n<\/div>\n<div class=\"col-12 item_detail item_dark \">\n<div class=\"col-6 item\">Dimensiones del paquete: 25.10 cm x 22.00 cm x 6.50 cm<\/div>\n<\/div>\n<div class=\"col-12 item_detail \">\n<div class=\"col-6 item\">Peso bruto: 0,618 kg<\/div>\n<\/div>\n<\/div>\n<\/div>\n<\/div>\n","protected":false},"excerpt":{"rendered":"<p>FG01W Con un dise\u00f1o compacto y una tecnolog\u00eda eficiente, la estufa el\u00e9ctrica Smartfy FG01W es ideal para aquellos con una<\/p>\n","protected":false},"featured_media":81956,"comment_status":"open","ping_status":"closed","template":"","meta":{"nf_dc_page":""},"product_brand":[1209],"product_cat":[83],"product_tag":[1226],"class_list":{"0":"post-81955","1":"product","2":"type-product","3":"status-publish","4":"has-post-thumbnail","6":"product_brand-smartfy","7":"product_cat-hogar","8":"product_tag-1226","10":"first","11":"instock","12":"shipping-taxable","13":"purchasable","14":"product-type-simple"},"_links":{"self":[{"href":"https:\/\/brandss.com.py\/index\/wp-json\/wp\/v2\/product\/81955","targetHints":{"allow":["GET"]}}],"collection":[{"href":"https:\/\/brandss.com.py\/index\/wp-json\/wp\/v2\/product"}],"about":[{"href":"https:\/\/brandss.com.py\/index\/wp-json\/wp\/v2\/types\/product"}],"replies":[{"embeddable":true,"href":"https:\/\/brandss.com.py\/index\/wp-json\/wp\/v2\/comments?post=81955"}],"version-history":[{"count":4,"href":"https:\/\/brandss.com.py\/index\/wp-json\/wp\/v2\/product\/81955\/revisions"}],"predecessor-version":[{"id":93163,"href":"https:\/\/brandss.com.py\/index\/wp-json\/wp\/v2\/product\/81955\/revisions\/93163"}],"wp:featuredmedia":[{"embeddable":true,"href":"https:\/\/brandss.com.py\/index\/wp-json\/wp\/v2\/media\/81956"}],"wp:attachment":[{"href":"https:\/\/brandss.com.py\/index\/wp-json\/wp\/v2\/media?parent=81955"}],"wp:term":[{"taxonomy":"product_brand","embeddable":true,"href":"https:\/\/brandss.com.py\/index\/wp-json\/wp\/v2\/product_brand?post=81955"},{"taxonomy":"product_cat","embeddable":true,"href":"https:\/\/brandss.com.py\/index\/wp-json\/wp\/v2\/product_cat?post=81955"},{"taxonomy":"product_tag","embeddable":true,"href":"https:\/\/brandss.com.py\/index\/wp-json\/wp\/v2\/product_tag?post=81955"}],"curies":[{"name":"wp","href":"https:\/\/api.w.org\/{rel}","templated":true}]}}