{"id":81968,"date":"2025-05-12T19:11:48","date_gmt":"2025-05-12T19:11:48","guid":{"rendered":"https:\/\/brandss.com.py\/index\/?post_type=product&#038;p=81968"},"modified":"2026-03-30T19:17:42","modified_gmt":"2026-03-30T19:17:42","slug":"perfume-femenino-boulevard-montmartre-edp-100ml","status":"publish","type":"product","link":"https:\/\/brandss.com.py\/index\/producto\/perfume-femenino-boulevard-montmartre-edp-100ml\/","title":{"rendered":"PERFUME FEMENINO BOULEVARD MONTMARTRE EDP 100ML"},"content":{"rendered":"<p><img loading=\"lazy\" decoding=\"async\" class=\"\" src=\"https:\/\/luliz.com\/media\/amasty\/shopby\/option_images\/logo_new_1_1.jpg\" alt=\"boulevard paris - perfumes - luliz - jordan\" width=\"133\" height=\"133\" \/><\/p>\n<h1>MONTMARTRE<\/h1>\n<div class=\"elementor-element elementor-element-78e253d elementor-widget elementor-widget-text-editor\" data-widget_type=\"text-editor.default\" data-element_type=\"widget\" data-id=\"78e253d\">\n<div class=\"elementor-widget-container\">\n<p class=\"elementor-text-editor elementor-clearfix\"><span>Montmartre conserva el legado de un Par\u00eds eternamente bohemio. Esta es la historia del Moulin Rouge, de los bailarines que se reun\u00edan con los pintores en el coraz\u00f3n de las escaleras, de la subida a la colina de Montmartre, coronada por la majestuosa bas\u00edlica del Sacr\u00e9-Coeur, para admirar Par\u00eds. Incluso hoy, visitamos este barrio por su ambiente festivo o para observar a los artistas callejeros.<\/span><\/p>\n<\/div>\n<\/div>\n<div class=\"elementor-element elementor-element-800d726 elementor-widget elementor-widget-text-editor\" data-widget_type=\"text-editor.default\" data-element_type=\"widget\" data-id=\"800d726\">\n<div class=\"elementor-widget-container\">\n<p class=\"elementor-text-editor elementor-clearfix\">Inspirada en la atm\u00f3sfera rom\u00e1ntica de este distrito con una historia impregnada de excentricidad, Boulevard crea una fragancia entre tradici\u00f3n y vanguardia. La entrada en notas verdes, fugaz, despliega una determinaci\u00f3n singular gracias a sus toques de naranja. Esta falsa despreocupaci\u00f3n da paso a un coraz\u00f3n colorido y denso, que fusiona la sensualidad ic\u00f3nica del jazm\u00edn y la madreselva con el intenso y m\u00e1gico poder del nardo. Esta sobredosis olfativa, delicada y embriagadora, se asienta sobre las notas polvorientas del iris, combinadas con los ecos orientales de la vainilla y el s\u00e1ndalo. Montmartre abre una estela profunda e inesperada, dando paso a una poderosa emoci\u00f3n.<\/p>\n<h3>Notas Olfativas<\/h3>\n<p>La fragancia comienza con notas verdes con un toque de vivaz naranja. Esta despreocupaci\u00f3n da paso a un coraz\u00f3n colorido y exuberante donde la sensualidad ic\u00f3nica del jazm\u00edn se fusiona con la madreselva y el nardo. Esta sobredosis olfativa es embriagadora y delicada, y se asienta en notas polvorientas de iris, combinadas con los ecos orientales de vainilla y s\u00e1ndalo.<\/p>\n<p>Montmartre enciende el alma bohemia y crea una emoci\u00f3n poderosa.<\/p>\n<div class=\"elementor-text-editor elementor-clearfix\"><span><strong>Nota de salida:<\/strong> Naranja, Notas verdes.<\/span><\/div>\n<div class=\"elementor-text-editor elementor-clearfix\"><span><strong>Nota de coraz\u00f3n:<\/strong> Nardos, Jazm\u00edn, Madreselva.<\/span><\/div>\n<div class=\"elementor-text-editor elementor-clearfix\"><span><strong>Nota de fondo:<\/strong> Iris, S\u00e1ndalo, Vainilla<\/span><\/div>\n<\/div>\n<\/div>\n","protected":false},"excerpt":{"rendered":"<p>MONTMARTRE Montmartre conserva el legado de un Par\u00eds eternamente bohemio. Esta es la historia del Moulin Rouge, de los bailarines<\/p>\n","protected":false},"featured_media":81969,"comment_status":"open","ping_status":"closed","template":"","meta":{"nf_dc_page":""},"product_brand":[1713],"product_cat":[84],"product_tag":[2082],"class_list":{"0":"post-81968","1":"product","2":"type-product","3":"status-publish","4":"has-post-thumbnail","6":"product_brand-boulevard","7":"product_cat-perfumeria","8":"product_tag-2082","10":"first","11":"outofstock","12":"shipping-taxable","13":"purchasable","14":"product-type-simple"},"_links":{"self":[{"href":"https:\/\/brandss.com.py\/index\/wp-json\/wp\/v2\/product\/81968","targetHints":{"allow":["GET"]}}],"collection":[{"href":"https:\/\/brandss.com.py\/index\/wp-json\/wp\/v2\/product"}],"about":[{"href":"https:\/\/brandss.com.py\/index\/wp-json\/wp\/v2\/types\/product"}],"replies":[{"embeddable":true,"href":"https:\/\/brandss.com.py\/index\/wp-json\/wp\/v2\/comments?post=81968"}],"version-history":[{"count":1,"href":"https:\/\/brandss.com.py\/index\/wp-json\/wp\/v2\/product\/81968\/revisions"}],"predecessor-version":[{"id":81973,"href":"https:\/\/brandss.com.py\/index\/wp-json\/wp\/v2\/product\/81968\/revisions\/81973"}],"wp:featuredmedia":[{"embeddable":true,"href":"https:\/\/brandss.com.py\/index\/wp-json\/wp\/v2\/media\/81969"}],"wp:attachment":[{"href":"https:\/\/brandss.com.py\/index\/wp-json\/wp\/v2\/media?parent=81968"}],"wp:term":[{"taxonomy":"product_brand","embeddable":true,"href":"https:\/\/brandss.com.py\/index\/wp-json\/wp\/v2\/product_brand?post=81968"},{"taxonomy":"product_cat","embeddable":true,"href":"https:\/\/brandss.com.py\/index\/wp-json\/wp\/v2\/product_cat?post=81968"},{"taxonomy":"product_tag","embeddable":true,"href":"https:\/\/brandss.com.py\/index\/wp-json\/wp\/v2\/product_tag?post=81968"}],"curies":[{"name":"wp","href":"https:\/\/api.w.org\/{rel}","templated":true}]}}