{"id":81974,"date":"2025-05-13T11:54:59","date_gmt":"2025-05-13T11:54:59","guid":{"rendered":"https:\/\/brandss.com.py\/index\/?post_type=product&#038;p=81974"},"modified":"2026-03-30T19:17:42","modified_gmt":"2026-03-30T19:17:42","slug":"perfume-femenino-boulevard-cher-paris-edp-100ml","status":"publish","type":"product","link":"https:\/\/brandss.com.py\/index\/producto\/perfume-femenino-boulevard-cher-paris-edp-100ml\/","title":{"rendered":"PERFUME FEMENINO BOULEVARD CHER PARIS EDP 100ML"},"content":{"rendered":"<p><img loading=\"lazy\" decoding=\"async\" class=\"\" src=\"https:\/\/luliz.com\/media\/amasty\/shopby\/option_images\/logo_new_1_1.jpg\" alt=\"boulevard paris - perfumes - luliz - jordan\" width=\"91\" height=\"91\" \/><\/p>\n<h1>CHER PARIS<\/h1>\n<div class=\"elementor-element elementor-element-78e253d elementor-widget elementor-widget-text-editor\" data-id=\"78e253d\" data-element_type=\"widget\" data-widget_type=\"text-editor.default\">\n<div class=\"elementor-widget-container\">\n<div class=\"elementor-text-editor elementor-clearfix\">\n<p><span>Querido Par\u00eds cuenta la historia de todas las mujeres parisinas. Es una carta de amor a la capital de Francia, una ciudad m\u00e1gica imbuida de libertad, un lugar de deslumbramiento y gracia. Con esta fragancia, Boulevard celebra la vida y nos recuerda que en Par\u00eds, nada es demasiado bueno para ser verdad.<\/span><\/p>\n<\/div>\n<\/div>\n<\/div>\n<div class=\"elementor-element elementor-element-53e7ec5 elementor-widget elementor-widget-text-editor\" data-id=\"53e7ec5\" data-element_type=\"widget\" data-widget_type=\"text-editor.default\">\n<div class=\"elementor-widget-container\">\n<div class=\"elementor-text-editor elementor-clearfix\">\n<p><span>Inspirada en el poder rom\u00e1ntico de Par\u00eds, Boulevard quiere rendir homenaje a la Mujer en toda su complejidad. Cher Paris es una fragancia sorprendente y profundamente irresistible, que captura la dualidad femenina en todo su esplendor.<\/span><\/p>\n<p><img loading=\"lazy\" decoding=\"async\" class=\"alignleft\" src=\"https:\/\/basket-12.wbbasket.ru\/vol1739\/part173998\/173998583\/images\/big\/1.webp\" width=\"494\" height=\"659\" \/><\/p>\n<h3>\nNotas Olfativas<\/h3>\n<p>Cher Paris de Boulevard es una fragancia encantadora de la familia olfativa oriental vainilla, dise\u00f1ada para la mujer moderna que irradia elegancia y sensualidad. Esta fragancia combina la dulzura y calidez de las notas de vainilla con la profundidad y misterio de los acordes orientales, creando una experiencia olfativa cautivadora y seductora. Con cada rociada, Cher Paris envuelve a la mujer en un aura de feminidad y sofisticaci\u00f3n, potenciando su presencia y dejando una impresi\u00f3n duradera y envolvente. Esta fragancia es la elecci\u00f3n perfecta para la mujer que busca una fragancia distintiva que complemente su estilo refinado y su personalidad magn\u00e9tica<\/p>\n<p>Las notas de salida esbozan una personalidad tierna y vivaz, combinando la delicadeza de la almendra con la bergamota chispeante. El coraz\u00f3n crea una composici\u00f3n elegante, combinando el rom\u00e1ntico jazm\u00edn y el delicado iris en un lado, y las apasionadas notas de nardos y s\u00e1ndalo en el otro. Finalmente, la fragancia da paso a una sensualidad audaz, con la intensidad oscura de la uni\u00f3n del cacao y el haba tonka, combinada con una vainilla c\u00e1lida realzada por notas vibrantes de caf\u00e9.<\/p>\n<\/div>\n<p>&nbsp;<\/p>\n<p>&nbsp;<\/p>\n<p><span><strong>Nota de salida:<\/strong> Almendra, Bergamota.<br \/>\n<\/span><br \/>\n<span><strong>Nota de coraz\u00f3n:<\/strong> S\u00e1ndalo, Jazm\u00edn, Nardos, Iris.<br \/>\n<\/span><br \/>\n<span><strong>Nota de fondo:<\/strong> Caf\u00e9, Haba tonka, Vainilla, Cacao.<\/span><\/p>\n<\/div>\n<\/div>\n","protected":false},"excerpt":{"rendered":"<p>CHER PARIS Querido Par\u00eds cuenta la historia de todas las mujeres parisinas. Es una carta de amor a la capital<\/p>\n","protected":false},"featured_media":81975,"comment_status":"open","ping_status":"closed","template":"","meta":{"nf_dc_page":""},"product_brand":[1713],"product_cat":[84],"product_tag":[2083],"class_list":{"0":"post-81974","1":"product","2":"type-product","3":"status-publish","4":"has-post-thumbnail","6":"product_brand-boulevard","7":"product_cat-perfumeria","8":"product_tag-2083","10":"first","11":"outofstock","12":"shipping-taxable","13":"purchasable","14":"product-type-simple"},"_links":{"self":[{"href":"https:\/\/brandss.com.py\/index\/wp-json\/wp\/v2\/product\/81974","targetHints":{"allow":["GET"]}}],"collection":[{"href":"https:\/\/brandss.com.py\/index\/wp-json\/wp\/v2\/product"}],"about":[{"href":"https:\/\/brandss.com.py\/index\/wp-json\/wp\/v2\/types\/product"}],"replies":[{"embeddable":true,"href":"https:\/\/brandss.com.py\/index\/wp-json\/wp\/v2\/comments?post=81974"}],"version-history":[{"count":1,"href":"https:\/\/brandss.com.py\/index\/wp-json\/wp\/v2\/product\/81974\/revisions"}],"predecessor-version":[{"id":81981,"href":"https:\/\/brandss.com.py\/index\/wp-json\/wp\/v2\/product\/81974\/revisions\/81981"}],"wp:featuredmedia":[{"embeddable":true,"href":"https:\/\/brandss.com.py\/index\/wp-json\/wp\/v2\/media\/81975"}],"wp:attachment":[{"href":"https:\/\/brandss.com.py\/index\/wp-json\/wp\/v2\/media?parent=81974"}],"wp:term":[{"taxonomy":"product_brand","embeddable":true,"href":"https:\/\/brandss.com.py\/index\/wp-json\/wp\/v2\/product_brand?post=81974"},{"taxonomy":"product_cat","embeddable":true,"href":"https:\/\/brandss.com.py\/index\/wp-json\/wp\/v2\/product_cat?post=81974"},{"taxonomy":"product_tag","embeddable":true,"href":"https:\/\/brandss.com.py\/index\/wp-json\/wp\/v2\/product_tag?post=81974"}],"curies":[{"name":"wp","href":"https:\/\/api.w.org\/{rel}","templated":true}]}}