{"id":81982,"date":"2025-05-13T12:03:18","date_gmt":"2025-05-13T12:03:18","guid":{"rendered":"https:\/\/brandss.com.py\/index\/?post_type=product&#038;p=81982"},"modified":"2025-05-13T12:03:54","modified_gmt":"2025-05-13T12:03:54","slug":"estufa-electrica-smartfy-fg02w-1000w-1-quemador-plancha-220v-50-60hz-blanco","status":"publish","type":"product","link":"https:\/\/brandss.com.py\/index\/producto\/estufa-electrica-smartfy-fg02w-1000w-1-quemador-plancha-220v-50-60hz-blanco\/","title":{"rendered":"ESTUFA ELECTRICA SMARTFY FG02W &#8211; 1000W &#8211; 1 QUEMADOR &#8211; PLANCHA &#8211; 220V 50\/60HZ &#8211; BLANCO"},"content":{"rendered":"<h1>SMARTFY FG02W<\/h1>\n<p>Esta estufa el\u00e9ctrica port\u00e1til es la elecci\u00f3n perfecta para aquellos que necesitan comodidad, agilidad y eficiencia en la preparaci\u00f3n de comidas. Compacto, ligero y f\u00e1cil de transportar, es ideal para aquellos que buscan practicidad en la vida cotidiana, ya sea en casa, en la oficina o incluso cuando se viaja.<\/p>\n<h3 class=\"visby-bold f40-home texto-madrid bold mb-2\">Caracter\u00edsticas t\u00e9cnicas<\/h3>\n<div class=\"w-100 rounded20 bordinha-cinza mt-3 mb-5\">\n<div id=\"item_product2\" class=\"col-12 item_product active\">\n<div class=\"col-12 box_detail\">\n<div class=\"col-12 item_detail item_dark \">\n<div class=\"col-6 item\">Marca<\/div>\n<div class=\"col-6 item\">Smartfy<\/div>\n<\/div>\n<div class=\"col-12 item_detail \">\n<div class=\"col-6 item\">Modelo<\/div>\n<div class=\"col-6 item\">FG02W<\/div>\n<\/div>\n<div class=\"col-12 item_detail item_dark \">\n<div class=\"col-6 item\">Color<\/div>\n<div class=\"col-6 item\">Blanco<\/div>\n<\/div>\n<div class=\"col-12 item_detail \">\n<div class=\"col-6 item\">Poder<\/div>\n<div class=\"col-6 item\">1000W<\/div>\n<\/div>\n<div class=\"col-12 item_detail item_dark \">\n<div class=\"col-6 item\">N\u00famero de bocas<\/div>\n<div class=\"col-6 item\">1<\/div>\n<\/div>\n<div class=\"col-12 item_detail \">\n<div class=\"col-6 item\">Funciones<\/div>\n<div class=\"col-6 item\">Port\u00e1til, pr\u00e1ctico y ligero &#8211; Calefacci\u00f3n en una placa con un di\u00e1metro de 155 mm &#8211; Termostato de regulaci\u00f3n &#8211; Luz indicadora de encendido\/apagado &#8211; Se puede utilizar en interiores y exteriores<\/div>\n<\/div>\n<div class=\"col-12 item_detail item_dark \">\n<div class=\"col-6 item\">Funciones<\/div>\n<div class=\"col-6 item\">Alcanza hasta 600 \u00b0C en menos de 5 minutos &#8211; Apagado autom\u00e1tico cuando se alcanza la temperatura deseada<\/div>\n<\/div>\n<div class=\"col-12 item_detail \">\n<div class=\"col-6 item\">Consumo<\/div>\n<div class=\"col-6 item\">1.0kw\/h<\/div>\n<\/div>\n<div class=\"col-12 item_detail item_dark \">\n<div class=\"col-6 item\">Frecuencia<\/div>\n<div class=\"col-6 item\">50\/60 Hz<\/div>\n<\/div>\n<div class=\"col-12 item_detail \">\n<div class=\"col-6 item\">Voltaje<\/div>\n<div class=\"col-6 item\">220V<\/div>\n<\/div>\n<div class=\"col-12 item_detail item_dark \">\n<div class=\"col-6 item\">Dimensiones del paquete<\/div>\n<div class=\"col-6 item\">25.10 cm x 22.00 cm x 6.00 cm<\/div>\n<\/div>\n<div class=\"col-12 item_detail \">\n<div class=\"col-6 item\">Peso bruto<\/div>\n<div class=\"col-6 item\">1.172 kg<\/div>\n<\/div>\n<\/div>\n<\/div>\n<\/div>\n","protected":false},"excerpt":{"rendered":"<p>SMARTFY FG02W Esta estufa el\u00e9ctrica port\u00e1til es la elecci\u00f3n perfecta para aquellos que necesitan comodidad, agilidad y eficiencia en la<\/p>\n","protected":false},"featured_media":81983,"comment_status":"open","ping_status":"closed","template":"","meta":{"nf_dc_page":""},"product_brand":[],"product_cat":[83],"product_tag":[],"class_list":{"0":"post-81982","1":"product","2":"type-product","3":"status-publish","4":"has-post-thumbnail","6":"product_cat-hogar","8":"first","9":"instock","10":"shipping-taxable","11":"purchasable","12":"product-type-simple"},"_links":{"self":[{"href":"https:\/\/brandss.com.py\/index\/wp-json\/wp\/v2\/product\/81982","targetHints":{"allow":["GET"]}}],"collection":[{"href":"https:\/\/brandss.com.py\/index\/wp-json\/wp\/v2\/product"}],"about":[{"href":"https:\/\/brandss.com.py\/index\/wp-json\/wp\/v2\/types\/product"}],"replies":[{"embeddable":true,"href":"https:\/\/brandss.com.py\/index\/wp-json\/wp\/v2\/comments?post=81982"}],"version-history":[{"count":1,"href":"https:\/\/brandss.com.py\/index\/wp-json\/wp\/v2\/product\/81982\/revisions"}],"predecessor-version":[{"id":81984,"href":"https:\/\/brandss.com.py\/index\/wp-json\/wp\/v2\/product\/81982\/revisions\/81984"}],"wp:featuredmedia":[{"embeddable":true,"href":"https:\/\/brandss.com.py\/index\/wp-json\/wp\/v2\/media\/81983"}],"wp:attachment":[{"href":"https:\/\/brandss.com.py\/index\/wp-json\/wp\/v2\/media?parent=81982"}],"wp:term":[{"taxonomy":"product_brand","embeddable":true,"href":"https:\/\/brandss.com.py\/index\/wp-json\/wp\/v2\/product_brand?post=81982"},{"taxonomy":"product_cat","embeddable":true,"href":"https:\/\/brandss.com.py\/index\/wp-json\/wp\/v2\/product_cat?post=81982"},{"taxonomy":"product_tag","embeddable":true,"href":"https:\/\/brandss.com.py\/index\/wp-json\/wp\/v2\/product_tag?post=81982"}],"curies":[{"name":"wp","href":"https:\/\/api.w.org\/{rel}","templated":true}]}}