{"id":81989,"date":"2025-05-13T12:10:39","date_gmt":"2025-05-13T12:10:39","guid":{"rendered":"https:\/\/brandss.com.py\/index\/?post_type=product&#038;p=81989"},"modified":"2025-05-13T12:11:01","modified_gmt":"2025-05-13T12:11:01","slug":"estufa-electrica-smartfy-fg03b-2000w-2-quemadores-espiral-220v-50-60hz-negro","status":"publish","type":"product","link":"https:\/\/brandss.com.py\/index\/producto\/estufa-electrica-smartfy-fg03b-2000w-2-quemadores-espiral-220v-50-60hz-negro\/","title":{"rendered":"ESTUFA ELECTRICA SMARTFY FG03B &#8211; 2000W &#8211; 2 QUEMADORES &#8211; ESPIRAL &#8211; 220V 50\/60HZ &#8211; NEGRO"},"content":{"rendered":"<h1>SMARTFY FG03B<\/h1>\n<p>Para aquellos que valoran la agilidad y la eficiencia, la estufa el\u00e9ctrica Smartfy FG03B es la soluci\u00f3n perfecta. Su dise\u00f1o compacto y sus 2000W de potencia en 2 bocas ofrecen el equilibrio ideal entre rendimiento y ahorro de espacio.<\/p>\n<h3 class=\"visby-bold f40-home texto-madrid bold mb-2\">Caracter\u00edsticas t\u00e9cnicas<\/h3>\n<div class=\"w-100 rounded20 bordinha-cinza mt-3 mb-5\">\n<div id=\"item_product2\" class=\"col-12 item_product active\">\n<div class=\"col-12 box_detail\">\n<div class=\"col-12 item_detail item_dark \">\n<div class=\"col-6 item\">Marca<\/div>\n<div class=\"col-6 item\">Smartfy<\/div>\n<\/div>\n<div class=\"col-12 item_detail \">\n<div class=\"col-6 item\">Modelo<\/div>\n<div class=\"col-6 item\">FG03B<\/div>\n<\/div>\n<div class=\"col-12 item_detail item_dark \">\n<div class=\"col-6 item\">Color<\/div>\n<div class=\"col-6 item\">Negro<\/div>\n<\/div>\n<div class=\"col-12 item_detail \">\n<div class=\"col-6 item\">Poder<\/div>\n<div class=\"col-6 item\">2000W<\/div>\n<\/div>\n<div class=\"col-12 item_detail item_dark \">\n<div class=\"col-6 item\">N\u00famero de bocas<\/div>\n<div class=\"col-6 item\">2<\/div>\n<\/div>\n<div class=\"col-12 item_detail \">\n<div class=\"col-6 item\">Funciones<\/div>\n<div class=\"col-6 item\">Port\u00e1til, pr\u00e1ctico y ligero &#8211; Calefacci\u00f3n en una placa con un di\u00e1metro de 140 mm &#8211; Termostato de regulaci\u00f3n &#8211; Luz indicadora de encendido\/apagado &#8211; Se puede utilizar en interiores y exteriores<\/div>\n<\/div>\n<div class=\"col-12 item_detail item_dark \">\n<div class=\"col-6 item\">Funciones<\/div>\n<div class=\"col-6 item\">Alcanza hasta 600 \u00b0C en menos de 5 minutos &#8211; Apagado autom\u00e1tico cuando se alcanza la temperatura deseada<\/div>\n<\/div>\n<div class=\"col-12 item_detail \">\n<div class=\"col-6 item\">Consumo<\/div>\n<div class=\"col-6 item\">2.0kw\/h<\/div>\n<\/div>\n<div class=\"col-12 item_detail item_dark \">\n<div class=\"col-6 item\">Frecuencia<\/div>\n<div class=\"col-6 item\">50\/60 Hz<\/div>\n<\/div>\n<div class=\"col-12 item_detail \">\n<div class=\"col-6 item\">Voltaje<\/div>\n<div class=\"col-6 item\">220V<\/div>\n<\/div>\n<div class=\"col-12 item_detail item_dark \">\n<div class=\"col-6 item\">Dimensiones del paquete<\/div>\n<div class=\"col-6 item\">24,20 cm x 43,80 cm x 6,30 cm<\/div>\n<\/div>\n<div class=\"col-12 item_detail \">\n<div class=\"col-6 item\">Peso bruto<\/div>\n<div class=\"col-6 item\">1.194 kg<\/div>\n<\/div>\n<\/div>\n<\/div>\n<\/div>\n","protected":false},"excerpt":{"rendered":"<p>SMARTFY FG03B Para aquellos que valoran la agilidad y la eficiencia, la estufa el\u00e9ctrica Smartfy FG03B es la soluci\u00f3n perfecta.<\/p>\n","protected":false},"featured_media":81990,"comment_status":"open","ping_status":"closed","template":"","meta":{"nf_dc_page":""},"product_brand":[],"product_cat":[83],"product_tag":[],"class_list":{"0":"post-81989","1":"product","2":"type-product","3":"status-publish","4":"has-post-thumbnail","6":"product_cat-hogar","8":"first","9":"instock","10":"shipping-taxable","11":"purchasable","12":"product-type-simple"},"_links":{"self":[{"href":"https:\/\/brandss.com.py\/index\/wp-json\/wp\/v2\/product\/81989","targetHints":{"allow":["GET"]}}],"collection":[{"href":"https:\/\/brandss.com.py\/index\/wp-json\/wp\/v2\/product"}],"about":[{"href":"https:\/\/brandss.com.py\/index\/wp-json\/wp\/v2\/types\/product"}],"replies":[{"embeddable":true,"href":"https:\/\/brandss.com.py\/index\/wp-json\/wp\/v2\/comments?post=81989"}],"version-history":[{"count":1,"href":"https:\/\/brandss.com.py\/index\/wp-json\/wp\/v2\/product\/81989\/revisions"}],"predecessor-version":[{"id":81991,"href":"https:\/\/brandss.com.py\/index\/wp-json\/wp\/v2\/product\/81989\/revisions\/81991"}],"wp:featuredmedia":[{"embeddable":true,"href":"https:\/\/brandss.com.py\/index\/wp-json\/wp\/v2\/media\/81990"}],"wp:attachment":[{"href":"https:\/\/brandss.com.py\/index\/wp-json\/wp\/v2\/media?parent=81989"}],"wp:term":[{"taxonomy":"product_brand","embeddable":true,"href":"https:\/\/brandss.com.py\/index\/wp-json\/wp\/v2\/product_brand?post=81989"},{"taxonomy":"product_cat","embeddable":true,"href":"https:\/\/brandss.com.py\/index\/wp-json\/wp\/v2\/product_cat?post=81989"},{"taxonomy":"product_tag","embeddable":true,"href":"https:\/\/brandss.com.py\/index\/wp-json\/wp\/v2\/product_tag?post=81989"}],"curies":[{"name":"wp","href":"https:\/\/api.w.org\/{rel}","templated":true}]}}