{"id":81997,"date":"2025-05-13T14:22:51","date_gmt":"2025-05-13T14:22:51","guid":{"rendered":"https:\/\/brandss.com.py\/index\/?post_type=product&#038;p=81997"},"modified":"2025-12-11T18:47:35","modified_gmt":"2025-12-11T18:47:35","slug":"perfume-femenino-adyan-rehla-edp-100ml","status":"publish","type":"product","link":"https:\/\/brandss.com.py\/index\/producto\/perfume-femenino-adyan-rehla-edp-100ml\/","title":{"rendered":"PERFUME FEMENINO ADYAN REHLA EDP 100ML"},"content":{"rendered":"<p><img loading=\"lazy\" decoding=\"async\" class=\"\" src=\"https:\/\/lujoperfume.com\/wp-content\/uploads\/2024\/06\/Logo-Adyan.png\" alt=\"Adyan Perfumes | Perfumes y decants | Lujo Perfume\" width=\"85\" height=\"85\" \/><\/p>\n<h1>REHLA<\/h1>\n<p>Declara tu estatus de seductora con\u00a0Rehla. Una fragancia afrodis\u00edaca. La promesa de una noche \u00fanica. <span>Una fragancia que captura la esencia del romance eterno.<\/span><\/p>\n<p>Rehla es un cautivador eau de parfum que te transporta a un viaje olfativo. Esta exquisita fragancia se presenta en un llamativo frasco morado adornado con intrincados patrones geom\u00e9tricos, convirti\u00e9ndola en una lujosa adici\u00f3n a cualquier tocador. Sum\u00e9rgete en el opulento y enigm\u00e1tico mundo de Rehla.<\/p>\n<p><img decoding=\"async\" class=\"alignleft\" src=\"https:\/\/m.media-amazon.com\/images\/I\/81m6DHaMK7L._AC_SX522_.jpg\" \/><\/p>\n<h3>Notas Olfativas<\/h3>\n<p>&nbsp;<\/p>\n<p>Rehla de Adyan es una fragancia de la familia olfativa \u00c1mbar Vainilla para Mujeres.\u00a0 Explora la seductora esencia de Rehla, donde la jugosa pera y la vibrante naranja tangerina se funden con la chispeante bergamota y el ex\u00f3tico lichi. La fresa a\u00f1ade un toque dulce y tentador, mientras la orqu\u00eddea de vainilla y el caf\u00e9 crean un acorde sensual y embriagador. El pralin\u00e9 y el caramelo se derriten en una danza de dulzura irresistible, realzada por la suavidad de la vainilla. El pachul\u00ed, el incienso y el regaliz aportan una profundidad misteriosa, mientras la cumarina y el papiro de Egipto completan esta fragancia adictiva, envolviendo cada momento en una nube de sofisticaci\u00f3n femenina!!!<\/p>\n<p><strong>Notas de salida:<\/strong> pera, naranja tangerina, bergamota y lichi.<\/p>\n<p><strong>Notas de coraz\u00f3n:<\/strong> fresa, orqu\u00eddea de vainilla y caf\u00e9.<\/p>\n<p><strong>Notas de fondo:<\/strong> pralin\u00e9, caramelo, vainilla, pachul\u00ed, incienso, regaliz, cumarina y papiro de Egipto.<\/p>\n","protected":false},"excerpt":{"rendered":"<p>REHLA Declara tu estatus de seductora con\u00a0Rehla. Una fragancia afrodis\u00edaca. La promesa de una noche \u00fanica. Una fragancia que captura<\/p>\n","protected":false},"featured_media":81998,"comment_status":"open","ping_status":"closed","template":"","meta":{"nf_dc_page":""},"product_brand":[1972],"product_cat":[84],"product_tag":[2084],"class_list":{"0":"post-81997","1":"product","2":"type-product","3":"status-publish","4":"has-post-thumbnail","6":"product_brand-adyan","7":"product_cat-perfumeria","8":"product_tag-2084","10":"first","11":"outofstock","12":"shipping-taxable","13":"purchasable","14":"product-type-simple"},"_links":{"self":[{"href":"https:\/\/brandss.com.py\/index\/wp-json\/wp\/v2\/product\/81997","targetHints":{"allow":["GET"]}}],"collection":[{"href":"https:\/\/brandss.com.py\/index\/wp-json\/wp\/v2\/product"}],"about":[{"href":"https:\/\/brandss.com.py\/index\/wp-json\/wp\/v2\/types\/product"}],"replies":[{"embeddable":true,"href":"https:\/\/brandss.com.py\/index\/wp-json\/wp\/v2\/comments?post=81997"}],"version-history":[{"count":1,"href":"https:\/\/brandss.com.py\/index\/wp-json\/wp\/v2\/product\/81997\/revisions"}],"predecessor-version":[{"id":82007,"href":"https:\/\/brandss.com.py\/index\/wp-json\/wp\/v2\/product\/81997\/revisions\/82007"}],"wp:featuredmedia":[{"embeddable":true,"href":"https:\/\/brandss.com.py\/index\/wp-json\/wp\/v2\/media\/81998"}],"wp:attachment":[{"href":"https:\/\/brandss.com.py\/index\/wp-json\/wp\/v2\/media?parent=81997"}],"wp:term":[{"taxonomy":"product_brand","embeddable":true,"href":"https:\/\/brandss.com.py\/index\/wp-json\/wp\/v2\/product_brand?post=81997"},{"taxonomy":"product_cat","embeddable":true,"href":"https:\/\/brandss.com.py\/index\/wp-json\/wp\/v2\/product_cat?post=81997"},{"taxonomy":"product_tag","embeddable":true,"href":"https:\/\/brandss.com.py\/index\/wp-json\/wp\/v2\/product_tag?post=81997"}],"curies":[{"name":"wp","href":"https:\/\/api.w.org\/{rel}","templated":true}]}}