{"id":82014,"date":"2025-05-13T17:27:46","date_gmt":"2025-05-13T17:27:46","guid":{"rendered":"https:\/\/brandss.com.py\/index\/?post_type=product&#038;p=82014"},"modified":"2026-03-31T17:24:32","modified_gmt":"2026-03-31T17:24:32","slug":"perfume-femenino-adyan-dalia-rouge-edp-100ml","status":"publish","type":"product","link":"https:\/\/brandss.com.py\/index\/producto\/perfume-femenino-adyan-dalia-rouge-edp-100ml\/","title":{"rendered":"PERFUME FEMENINO ADYAN DALIA ROUGE EDP 100ML"},"content":{"rendered":"<p><img loading=\"lazy\" decoding=\"async\" class=\"\" src=\"https:\/\/lujoperfume.com\/wp-content\/uploads\/2024\/06\/Logo-Adyan.png\" alt=\"Adyan Perfumes | Perfumes y decants | Lujo Perfume\" width=\"99\" height=\"99\" \/><\/p>\n<h1>DALIA ROUGE<\/h1>\n<p>Es uno de los perfumes de lujo m\u00e1s apreciados y codiciados del mundo. ROUGE es un perfume conocido por sus aromas complejos y cautivadores. Es una mezcla de notas florales, amaderadas y orientales, que crea una experiencia olfativa \u00fanica y memorable.<\/p>\n<p>Experimenta el encanto cautivador de Dalia Rouge de Adyan, un exquisito eau de parfum que revela un fascinante viaje olfativo. Elaborada con un arte meticuloso, alojado en una botella ornamentada adornada con patrones intrincados, Dalia Rouge es una verdadera obra maestra que eleva el arte de la perfumer\u00eda a nuevas alturas. Disfruta de esta cautivadora fragancia y deja que te transporte a un mundo de opulencia y encanto.<\/p>\n<p><img loading=\"lazy\" decoding=\"async\" class=\"alignleft\" src=\"https:\/\/m.media-amazon.com\/images\/I\/51tH27gTlyL.jpg\" width=\"430\" height=\"430\" \/><\/p>\n<h3>Notas Olfativas<\/h3>\n<p>&nbsp;<\/p>\n<p>Esta fragancia se abre con una tentadora obertura de notas de almendras, caf\u00e9, azafr\u00e1n y jazm\u00edn, seduciendo los sentidos desde el primer encuentro. A medida que el aroma se desarrolla, un coraz\u00f3n de rosa b\u00falgara, tuberoso, jazm\u00edn sambac, madera de \u00e1mbar y \u00e1mbar gris te envuelve en un abrazo sensual. Las notas de fondo de haba tonka, cacao, pralin\u00e9, vainilla, resina de abeto y cedro permanecen en la piel, dejando un rastro inolvidable de sofisticaci\u00f3n y encanto.<\/p>\n<div class=\"trix-content\">\n<div>Es una fragancia femenina que combina la dulzura de las almendras y el caf\u00e9 con un coraz\u00f3n floral de rosa b\u00falgara y jazm\u00edn sambac, culminando en una base c\u00e1lida de tonka, cacao y vainilla. Ideal para la mujer que busca una esencia intensa y envolvente.<\/div>\n<\/div>\n<div><\/div>\n<div class=\"trix-content\">\n<div><\/div>\n<\/div>\n<div class=\"trix-content\">\n<div><\/div>\n<div><strong>Notas de salida:<\/strong>\u00a0Almendra, caf\u00e9, azafr\u00e1n, jazm\u00edn.<\/p>\n<\/div>\n<div><strong>Notas de coraz\u00f3n:<\/strong>\u00a0Rosa b\u00falgara, nardo, jazm\u00edn sambac, amberwood, \u00e1mbar gris.<\/p>\n<\/div>\n<div><strong>Notas de fondo:<\/strong>\u00a0Haba tonka, cacao, pralin\u00e9, vainilla, resina de abeto, cedro.<\/div>\n<\/div>\n","protected":false},"excerpt":{"rendered":"<p>DALIA ROUGE Es uno de los perfumes de lujo m\u00e1s apreciados y codiciados del mundo. ROUGE es un perfume conocido<\/p>\n","protected":false},"featured_media":82015,"comment_status":"open","ping_status":"closed","template":"","meta":{"nf_dc_page":""},"product_brand":[1972],"product_cat":[84],"product_tag":[2085],"class_list":{"0":"post-82014","1":"product","2":"type-product","3":"status-publish","4":"has-post-thumbnail","6":"product_brand-adyan","7":"product_cat-perfumeria","8":"product_tag-2085","10":"first","11":"outofstock","12":"shipping-taxable","13":"purchasable","14":"product-type-simple"},"_links":{"self":[{"href":"https:\/\/brandss.com.py\/index\/wp-json\/wp\/v2\/product\/82014","targetHints":{"allow":["GET"]}}],"collection":[{"href":"https:\/\/brandss.com.py\/index\/wp-json\/wp\/v2\/product"}],"about":[{"href":"https:\/\/brandss.com.py\/index\/wp-json\/wp\/v2\/types\/product"}],"replies":[{"embeddable":true,"href":"https:\/\/brandss.com.py\/index\/wp-json\/wp\/v2\/comments?post=82014"}],"version-history":[{"count":1,"href":"https:\/\/brandss.com.py\/index\/wp-json\/wp\/v2\/product\/82014\/revisions"}],"predecessor-version":[{"id":82019,"href":"https:\/\/brandss.com.py\/index\/wp-json\/wp\/v2\/product\/82014\/revisions\/82019"}],"wp:featuredmedia":[{"embeddable":true,"href":"https:\/\/brandss.com.py\/index\/wp-json\/wp\/v2\/media\/82015"}],"wp:attachment":[{"href":"https:\/\/brandss.com.py\/index\/wp-json\/wp\/v2\/media?parent=82014"}],"wp:term":[{"taxonomy":"product_brand","embeddable":true,"href":"https:\/\/brandss.com.py\/index\/wp-json\/wp\/v2\/product_brand?post=82014"},{"taxonomy":"product_cat","embeddable":true,"href":"https:\/\/brandss.com.py\/index\/wp-json\/wp\/v2\/product_cat?post=82014"},{"taxonomy":"product_tag","embeddable":true,"href":"https:\/\/brandss.com.py\/index\/wp-json\/wp\/v2\/product_tag?post=82014"}],"curies":[{"name":"wp","href":"https:\/\/api.w.org\/{rel}","templated":true}]}}