{"id":82027,"date":"2025-05-13T18:14:16","date_gmt":"2025-05-13T18:14:16","guid":{"rendered":"https:\/\/brandss.com.py\/index\/?post_type=product&#038;p=82027"},"modified":"2025-12-11T18:48:18","modified_gmt":"2025-12-11T18:48:18","slug":"perfume-femenino-adyan-dalia-noir-edp-100ml","status":"publish","type":"product","link":"https:\/\/brandss.com.py\/index\/producto\/perfume-femenino-adyan-dalia-noir-edp-100ml\/","title":{"rendered":"PERFUME FEMENINO ADYAN DALIA NOIR EDP 100ML"},"content":{"rendered":"<p><img loading=\"lazy\" decoding=\"async\" class=\"\" src=\"https:\/\/lujoperfume.com\/wp-content\/uploads\/2024\/06\/Logo-Adyan.png\" alt=\"Adyan Perfumes | Perfumes y decants | Lujo Perfume\" width=\"90\" height=\"90\" \/><\/p>\n<h1>DALIA NOIR<\/h1>\n<p>Disfruta del cautivador encanto de Dalia Noir, un exquisito perfume. Esta sofisticada fragancia revela un seductor viaje olfativo, comenzando con las tentadoras notas de melocot\u00f3n y mandarina que tentan los sentidos. A medida que el aroma se despliega, revela un coraz\u00f3n de jazm\u00edn y lirio rojo, exudando un embriagador ramo floral. Finalmente, las notas de fondo de vainilla te envuelven en un c\u00e1lido y sensual abrazo, dejando una impresi\u00f3n duradera de elegancia y encanto. Dalia Noir es una mezcla magistral de aromas cautivadores, meticulosamente elaborada para elevar tu presencia y cautivar a quienes te rodean. Abraza la esencia de la sofisticaci\u00f3n con esta notable fragancia.<\/p>\n<h4><span class=\"a-list-item\">Fragancia lujosa:<\/span><\/h4>\n<p><span class=\"a-list-item\"><br \/>\nDalia Noir de Adyan es un exquisito Eau de Parfum con una cautivadora mezcla de notas afrutadas y florales.<\/span><\/p>\n<h4><span class=\"a-list-item\">Perfil de aroma:<\/span><\/h4>\n<p><span class=\"a-list-item\"><br \/>\nNotas altas de melocot\u00f3n y naranja mandarina, notas de coraz\u00f3n de jazm\u00edn y lirio rojo, y una nota base de vainilla cremosa.<\/span><\/p>\n<h4><span class=\"a-list-item\">Embalaje elegante:<\/span><\/h4>\n<p><span class=\"a-list-item\"><br \/>\nLa fragancia viene en una elegante botella negra adornada con intrincados dise\u00f1os florales, complementada con una elegante caja exterior.<\/span><\/p>\n<h4><span class=\"a-list-item\">Aroma de larga duraci\u00f3n:<\/span><\/h4>\n<p><span class=\"a-list-item\"><br \/>\nelaborado con ingredientes de alta calidad, este perfume ofrece una excelente estela y longevidad en la piel.<\/span><\/p>\n<h4><span class=\"a-list-item\">Uso vers\u00e1til:<\/span><\/h4>\n<p><span class=\"a-list-item\"><br \/>\nadecuado tanto para ocasiones diurnas como nocturnas, lo que te permite abrazar su aroma atractivo en varios momentos.<\/span><\/p>\n<p><img decoding=\"async\" class=\"alignleft\" src=\"https:\/\/m.media-amazon.com\/images\/I\/514ELilK9CL._SX466_.jpg\" \/><\/p>\n<h3>Notas Olfativas<\/h3>\n<p>&nbsp;<\/p>\n<p><span>El perfume <span dir=\"ltr\" lang=\"pt-BR\">Dalia Noir\u00a0<\/span>es una fragancia de la familia olfativa<\/span><span>\u00a0f<\/span><span><span dir=\"ltr\" lang=\"pt-BR\">loral oriental<\/span><\/span><span>\u00a0<\/span><span>para mujeres, ideal para mujeres que quieren expresar su feminidad y elegancia de una manera audaz e inolvidable..<\/span><span>\u00a0Con una concentraci\u00f3n del tipo Eau de Parfum, ofrece una duradera y alta intensidad arom\u00e1tica en la piel. Sus notas est\u00e1n compuestas por los siguientes ingredientes.<\/span><\/p>\n<ul>\n<li><span><span dir=\"ltr\" lang=\"pt-BR\"><strong>Notas de salida:<\/strong><\/span><span dir=\"ltr\" lang=\"pt-BR\"><strong>\u00a0<\/strong>Melocot\u00f3n, mandarina, naranja jugosa.\n<p><\/span><\/span><\/li>\n<li><span><span dir=\"ltr\" lang=\"pt-BR\"><strong>Notas de coraz\u00f3n:\u00a0<\/strong><\/span><span dir=\"ltr\" lang=\"pt-BR\">Jazm\u00edn, azucena roja.\n<p><\/span><\/span><\/li>\n<li><span><span dir=\"ltr\" lang=\"pt-BR\"><strong>Notas de fondo:<\/strong><\/span><span dir=\"ltr\" lang=\"pt-BR\"><strong>\u00a0<\/strong>Vainilla.<\/span><\/span><\/li>\n<\/ul>\n","protected":false},"excerpt":{"rendered":"<p>DALIA NOIR Disfruta del cautivador encanto de Dalia Noir, un exquisito perfume. Esta sofisticada fragancia revela un seductor viaje olfativo,<\/p>\n","protected":false},"featured_media":82036,"comment_status":"open","ping_status":"closed","template":"","meta":{"nf_dc_page":""},"product_brand":[1972],"product_cat":[84],"product_tag":[2086],"class_list":{"0":"post-82027","1":"product","2":"type-product","3":"status-publish","4":"has-post-thumbnail","6":"product_brand-adyan","7":"product_cat-perfumeria","8":"product_tag-2086","10":"first","11":"instock","12":"shipping-taxable","13":"purchasable","14":"product-type-simple"},"_links":{"self":[{"href":"https:\/\/brandss.com.py\/index\/wp-json\/wp\/v2\/product\/82027","targetHints":{"allow":["GET"]}}],"collection":[{"href":"https:\/\/brandss.com.py\/index\/wp-json\/wp\/v2\/product"}],"about":[{"href":"https:\/\/brandss.com.py\/index\/wp-json\/wp\/v2\/types\/product"}],"replies":[{"embeddable":true,"href":"https:\/\/brandss.com.py\/index\/wp-json\/wp\/v2\/comments?post=82027"}],"version-history":[{"count":1,"href":"https:\/\/brandss.com.py\/index\/wp-json\/wp\/v2\/product\/82027\/revisions"}],"predecessor-version":[{"id":82040,"href":"https:\/\/brandss.com.py\/index\/wp-json\/wp\/v2\/product\/82027\/revisions\/82040"}],"wp:featuredmedia":[{"embeddable":true,"href":"https:\/\/brandss.com.py\/index\/wp-json\/wp\/v2\/media\/82036"}],"wp:attachment":[{"href":"https:\/\/brandss.com.py\/index\/wp-json\/wp\/v2\/media?parent=82027"}],"wp:term":[{"taxonomy":"product_brand","embeddable":true,"href":"https:\/\/brandss.com.py\/index\/wp-json\/wp\/v2\/product_brand?post=82027"},{"taxonomy":"product_cat","embeddable":true,"href":"https:\/\/brandss.com.py\/index\/wp-json\/wp\/v2\/product_cat?post=82027"},{"taxonomy":"product_tag","embeddable":true,"href":"https:\/\/brandss.com.py\/index\/wp-json\/wp\/v2\/product_tag?post=82027"}],"curies":[{"name":"wp","href":"https:\/\/api.w.org\/{rel}","templated":true}]}}