{"id":82049,"date":"2025-05-14T18:12:13","date_gmt":"2025-05-14T18:12:13","guid":{"rendered":"https:\/\/brandss.com.py\/index\/?post_type=product&#038;p=82049"},"modified":"2026-02-21T12:36:34","modified_gmt":"2026-02-21T12:36:34","slug":"perfume-femenino-al-wataniah-eternal-roohi-edp-85ml","status":"publish","type":"product","link":"https:\/\/brandss.com.py\/index\/producto\/perfume-femenino-al-wataniah-eternal-roohi-edp-85ml\/","title":{"rendered":"PERFUME FEMENINO AL WATANIAH ETERNAL ROOHI EDP 85ML"},"content":{"rendered":"<p><img loading=\"lazy\" decoding=\"async\" class=\"\" src=\"https:\/\/alwataniah.com\/cdn\/shop\/files\/Logo-Al-Wataniah-1.webp?v=1716291507&amp;width=1100\" alt=\"Al Wataniah - Perfumes \u00c1rabes para Mujer, Hombre y Unisex \u2013 Alwataniah\" width=\"112\" height=\"112\" \/><\/p>\n<h1>ETERNAL ROOHI<\/h1>\n<p><span>Delicado y encantador que celebra la uni\u00f3n de la elegancia y la emoci\u00f3n profunda. El nombre &#8220;Roohi&#8221;, que significa &#8220;mi alma&#8221;, captura con precisi\u00f3n la esencia de esta fragancia: es personal, sensual e inolvidable. La introducci\u00f3n del perfume te da la bienvenida con notas frescas\u00a0<\/span>de c\u00edtricos\u00a0y frutas jugosas, que evocan una sensaci\u00f3n de ligereza y frescura.<\/p>\n<p>La botella de\u00a0Al Wataniah Roohi<span>\u00a0refleja la pureza y ternura de esta fragancia con su dise\u00f1o minimalista pero elegante. Este perfume es ideal para el uso diario as\u00ed como para ocasiones especiales en las que quieras resaltar tu belleza natural y enfatizar tu singularidad.<\/span><\/p>\n<h3>Notas Olfativas<\/h3>\n<p>La esencia fragante \u00fanica le da la bienvenida con una introducci\u00f3n picante de pimienta rosa, cardamomo y azafr\u00e1n, que se impregnan de notas agridulces de grosella negra. El coraz\u00f3n gourmet le deleitar\u00e1 con la dulce presencia del delicioso cacao, que se eleva gracias a la sensual rosa o al rastro ahumado y amaderado del vetiver. La base combina maltol con \u00e1mbar, pachul\u00ed y almizcle. Una esencia de fragancia cautivadora, \u00fanica y duradera: ese es el eau de parfum para mujer de Roohi.<\/p>\n<p><strong>Notas de salida:<\/strong> grosella negra; cardamomo; pimienta rosa; azafr\u00e1n.<br \/>\n<strong>Notas de coraz\u00f3n:<\/strong> cacao; rosas; vetiver.<br \/>\n<strong>Notas de fondo:<\/strong> \u00e1mbar; maltol; pachul\u00ed; almizcle.<\/p>\n","protected":false},"excerpt":{"rendered":"<p>ETERNAL ROOHI Delicado y encantador que celebra la uni\u00f3n de la elegancia y la emoci\u00f3n profunda. El nombre &#8220;Roohi&#8221;, que<\/p>\n","protected":false},"featured_media":82050,"comment_status":"open","ping_status":"closed","template":"","meta":{"nf_dc_page":""},"product_brand":[105],"product_cat":[84],"product_tag":[567],"class_list":{"0":"post-82049","1":"product","2":"type-product","3":"status-publish","4":"has-post-thumbnail","6":"product_brand-al-wataniah","7":"product_cat-perfumeria","8":"product_tag-567","10":"first","11":"instock","12":"shipping-taxable","13":"purchasable","14":"product-type-simple"},"_links":{"self":[{"href":"https:\/\/brandss.com.py\/index\/wp-json\/wp\/v2\/product\/82049","targetHints":{"allow":["GET"]}}],"collection":[{"href":"https:\/\/brandss.com.py\/index\/wp-json\/wp\/v2\/product"}],"about":[{"href":"https:\/\/brandss.com.py\/index\/wp-json\/wp\/v2\/types\/product"}],"replies":[{"embeddable":true,"href":"https:\/\/brandss.com.py\/index\/wp-json\/wp\/v2\/comments?post=82049"}],"version-history":[{"count":1,"href":"https:\/\/brandss.com.py\/index\/wp-json\/wp\/v2\/product\/82049\/revisions"}],"predecessor-version":[{"id":82054,"href":"https:\/\/brandss.com.py\/index\/wp-json\/wp\/v2\/product\/82049\/revisions\/82054"}],"wp:featuredmedia":[{"embeddable":true,"href":"https:\/\/brandss.com.py\/index\/wp-json\/wp\/v2\/media\/82050"}],"wp:attachment":[{"href":"https:\/\/brandss.com.py\/index\/wp-json\/wp\/v2\/media?parent=82049"}],"wp:term":[{"taxonomy":"product_brand","embeddable":true,"href":"https:\/\/brandss.com.py\/index\/wp-json\/wp\/v2\/product_brand?post=82049"},{"taxonomy":"product_cat","embeddable":true,"href":"https:\/\/brandss.com.py\/index\/wp-json\/wp\/v2\/product_cat?post=82049"},{"taxonomy":"product_tag","embeddable":true,"href":"https:\/\/brandss.com.py\/index\/wp-json\/wp\/v2\/product_tag?post=82049"}],"curies":[{"name":"wp","href":"https:\/\/api.w.org\/{rel}","templated":true}]}}