{"id":82078,"date":"2025-05-15T12:08:53","date_gmt":"2025-05-15T12:08:53","guid":{"rendered":"https:\/\/brandss.com.py\/index\/?post_type=product&#038;p=82078"},"modified":"2026-03-30T18:28:13","modified_gmt":"2026-03-30T18:28:13","slug":"perfume-unisex-avec-creations-blue-ambassador-edp-100ml","status":"publish","type":"product","link":"https:\/\/brandss.com.py\/index\/producto\/perfume-unisex-avec-creations-blue-ambassador-edp-100ml\/","title":{"rendered":"PERFUME UNISEX AVEC CREATIONS BLUE AMBASSADOR EDP 100ML"},"content":{"rendered":"<p><img loading=\"lazy\" decoding=\"async\" class=\"\" src=\"https:\/\/www.viabrasil.com.py\/storage\/marcas\/marca-logo37-1-1739793012.png\" alt=\"Bienvenidos | Via Brasil - Importaci\u00f3n y Distribuci\u00f3n de Perfumes\" width=\"94\" height=\"94\" \/><\/p>\n<h1>BLUE AMBASSADOR<\/h1>\n<p>Su composici\u00f3n equilibra notas c\u00edtricas, especiadas y amaderadas, creando un aroma vers\u00e1til y cautivador.<\/p>\n<h3>Notas Olfativas<\/h3>\n<p class=\"title-nota\"><strong>Notas de salida:<\/strong> Naranja y lim\u00f3n.<\/p>\n<p class=\"title-nota\"><strong>Notas de coraz\u00f3n:<\/strong> Canela, manzana, pi\u00f1a y lirio.<\/p>\n<p class=\"title-nota\"><strong>Notas de base:<\/strong> Madera y vainilla.<\/p>\n","protected":false},"excerpt":{"rendered":"<p>BLUE AMBASSADOR Su composici\u00f3n equilibra notas c\u00edtricas, especiadas y amaderadas, creando un aroma vers\u00e1til y cautivador. Notas Olfativas Notas de<\/p>\n","protected":false},"featured_media":82086,"comment_status":"open","ping_status":"closed","template":"","meta":{"nf_dc_page":""},"product_brand":[2089],"product_cat":[84],"product_tag":[2091],"class_list":{"0":"post-82078","1":"product","2":"type-product","3":"status-publish","4":"has-post-thumbnail","6":"product_brand-avec-creations","7":"product_cat-perfumeria","8":"product_tag-2091","10":"first","11":"outofstock","12":"shipping-taxable","13":"purchasable","14":"product-type-simple"},"_links":{"self":[{"href":"https:\/\/brandss.com.py\/index\/wp-json\/wp\/v2\/product\/82078","targetHints":{"allow":["GET"]}}],"collection":[{"href":"https:\/\/brandss.com.py\/index\/wp-json\/wp\/v2\/product"}],"about":[{"href":"https:\/\/brandss.com.py\/index\/wp-json\/wp\/v2\/types\/product"}],"replies":[{"embeddable":true,"href":"https:\/\/brandss.com.py\/index\/wp-json\/wp\/v2\/comments?post=82078"}],"version-history":[{"count":1,"href":"https:\/\/brandss.com.py\/index\/wp-json\/wp\/v2\/product\/82078\/revisions"}],"predecessor-version":[{"id":82085,"href":"https:\/\/brandss.com.py\/index\/wp-json\/wp\/v2\/product\/82078\/revisions\/82085"}],"wp:featuredmedia":[{"embeddable":true,"href":"https:\/\/brandss.com.py\/index\/wp-json\/wp\/v2\/media\/82086"}],"wp:attachment":[{"href":"https:\/\/brandss.com.py\/index\/wp-json\/wp\/v2\/media?parent=82078"}],"wp:term":[{"taxonomy":"product_brand","embeddable":true,"href":"https:\/\/brandss.com.py\/index\/wp-json\/wp\/v2\/product_brand?post=82078"},{"taxonomy":"product_cat","embeddable":true,"href":"https:\/\/brandss.com.py\/index\/wp-json\/wp\/v2\/product_cat?post=82078"},{"taxonomy":"product_tag","embeddable":true,"href":"https:\/\/brandss.com.py\/index\/wp-json\/wp\/v2\/product_tag?post=82078"}],"curies":[{"name":"wp","href":"https:\/\/api.w.org\/{rel}","templated":true}]}}