{"id":82080,"date":"2025-05-15T11:29:01","date_gmt":"2025-05-15T11:29:01","guid":{"rendered":"https:\/\/brandss.com.py\/index\/?post_type=product&#038;p=82080"},"modified":"2025-05-20T18:41:44","modified_gmt":"2025-05-20T18:41:44","slug":"maquina-de-hielo-smartfy-crystal-ice-supreme-mg01w-85w-1-5l-220v-50-60hz-negro","status":"publish","type":"product","link":"https:\/\/brandss.com.py\/index\/producto\/maquina-de-hielo-smartfy-crystal-ice-supreme-mg01w-85w-1-5l-220v-50-60hz-negro\/","title":{"rendered":"M\u00c1QUINA DE HIELO SMARTFY CRYSTAL ICE SUPREME MG01B 85W 1.5L  220V BLACK"},"content":{"rendered":"<h1>SMARTFY CRYSTAL ICE SUPREME MG01W<\/h1>\n<p>La m\u00e1quina de hielo Smartfy Crystal Ice Supreme MG01B es la soluci\u00f3n ideal para aquellos que buscan practicidad y eficiencia. Con 85W de potencia, produce hielo r\u00e1pidamente, perfecto para eventos, fiestas o incluso para el uso diario.<\/p>\n<h3 class=\"visby-bold f40-home texto-madrid bold mb-2\">Caracter\u00edsticas t\u00e9cnicas<\/h3>\n<div class=\"w-100 rounded20 bordinha-cinza mt-3 mb-5\">\n<div id=\"item_product2\" class=\"col-12 item_product active\">\n<div class=\"col-12 box_detail\">\n<div class=\"col-12 item_detail item_dark \">\n<div class=\"col-6 item\">Marca<\/div>\n<div class=\"col-6 item\">Smartfy<\/div>\n<\/div>\n<div class=\"col-12 item_detail \">\n<div class=\"col-6 item\">Modelo<\/div>\n<div class=\"col-6 item\">MG01B<\/div>\n<\/div>\n<div class=\"col-12 item_detail item_dark \">\n<div class=\"col-6 item\">Color<\/div>\n<div class=\"col-6 item\">Negro<\/div>\n<\/div>\n<div class=\"col-12 item_detail \">\n<div class=\"col-6 item\">Poder<\/div>\n<div class=\"col-6 item\">85W<\/div>\n<\/div>\n<div class=\"col-12 item_detail item_dark \">\n<div class=\"col-6 item\">Capacidad<\/div>\n<div class=\"col-6 item\">1.5 Litros<\/div>\n<\/div>\n<div class=\"col-12 item_detail \">\n<div class=\"col-6 item\">Producci\u00f3n de hielo<\/div>\n<div class=\"col-6 item\">12Kg\/24h<\/div>\n<\/div>\n<div class=\"col-12 item_detail item_dark \">\n<div class=\"col-6 item\">Funciones<\/div>\n<div class=\"col-6 item\">Funci\u00f3n de autolimpieza \/ Hielo transparente \/ Regular &#8211; Cesta extra\u00edble &#8211; Interruptor de encendido\/apagado &#8211; Indicador LED<\/div>\n<\/div>\n<div class=\"col-12 item_detail \">\n<div class=\"col-6 item\">Voltaje<\/div>\n<div class=\"col-6 item\">220V<\/div>\n<\/div>\n<div class=\"col-12 item_detail item_dark \">\n<div class=\"col-6 item\">Dimensiones del paquete<\/div>\n<div class=\"col-6 item\">31.80 cm X 34.00 cm X 26.60 cm<\/div>\n<\/div>\n<div class=\"col-12 item_detail \">\n<div class=\"col-6 item\">Peso bruto<\/div>\n<div class=\"col-6 item\">6.866 kg<\/div>\n<\/div>\n<\/div>\n<\/div>\n<\/div>\n","protected":false},"excerpt":{"rendered":"<p>SMARTFY CRYSTAL ICE SUPREME MG01W La m\u00e1quina de hielo Smartfy Crystal Ice Supreme MG01B es la soluci\u00f3n ideal para aquellos<\/p>\n","protected":false},"featured_media":82081,"comment_status":"open","ping_status":"closed","template":"","meta":{"nf_dc_page":""},"product_brand":[],"product_cat":[83],"product_tag":[],"class_list":{"0":"post-82080","1":"product","2":"type-product","3":"status-publish","4":"has-post-thumbnail","6":"product_cat-hogar","8":"first","9":"instock","10":"shipping-taxable","11":"purchasable","12":"product-type-simple"},"_links":{"self":[{"href":"https:\/\/brandss.com.py\/index\/wp-json\/wp\/v2\/product\/82080","targetHints":{"allow":["GET"]}}],"collection":[{"href":"https:\/\/brandss.com.py\/index\/wp-json\/wp\/v2\/product"}],"about":[{"href":"https:\/\/brandss.com.py\/index\/wp-json\/wp\/v2\/types\/product"}],"replies":[{"embeddable":true,"href":"https:\/\/brandss.com.py\/index\/wp-json\/wp\/v2\/comments?post=82080"}],"version-history":[{"count":3,"href":"https:\/\/brandss.com.py\/index\/wp-json\/wp\/v2\/product\/82080\/revisions"}],"predecessor-version":[{"id":82522,"href":"https:\/\/brandss.com.py\/index\/wp-json\/wp\/v2\/product\/82080\/revisions\/82522"}],"wp:featuredmedia":[{"embeddable":true,"href":"https:\/\/brandss.com.py\/index\/wp-json\/wp\/v2\/media\/82081"}],"wp:attachment":[{"href":"https:\/\/brandss.com.py\/index\/wp-json\/wp\/v2\/media?parent=82080"}],"wp:term":[{"taxonomy":"product_brand","embeddable":true,"href":"https:\/\/brandss.com.py\/index\/wp-json\/wp\/v2\/product_brand?post=82080"},{"taxonomy":"product_cat","embeddable":true,"href":"https:\/\/brandss.com.py\/index\/wp-json\/wp\/v2\/product_cat?post=82080"},{"taxonomy":"product_tag","embeddable":true,"href":"https:\/\/brandss.com.py\/index\/wp-json\/wp\/v2\/product_tag?post=82080"}],"curies":[{"name":"wp","href":"https:\/\/api.w.org\/{rel}","templated":true}]}}