{"id":82116,"date":"2025-05-15T17:51:18","date_gmt":"2025-05-15T17:51:18","guid":{"rendered":"https:\/\/brandss.com.py\/index\/?post_type=product&#038;p=82116"},"modified":"2026-03-30T18:25:17","modified_gmt":"2026-03-30T18:25:17","slug":"perfume-masculino-avec-creations-silver-king-edp-100ml","status":"publish","type":"product","link":"https:\/\/brandss.com.py\/index\/producto\/perfume-masculino-avec-creations-silver-king-edp-100ml\/","title":{"rendered":"PERFUME MASCULINO AVEC CREATIONS SILVER KING EDP 100ML"},"content":{"rendered":"<p><img loading=\"lazy\" decoding=\"async\" class=\"\" src=\"https:\/\/www.viabrasil.com.py\/storage\/marcas\/marca-logo37-1-1739793012.png\" alt=\"Bienvenidos | Via Brasil - Importaci\u00f3n y Distribuci\u00f3n de Perfumes\" width=\"109\" height=\"109\" \/><\/p>\n<h1>SILVER KING<\/h1>\n<p>Crean una base c\u00e1lida y sofisticada, perfecta para quienes buscan un perfume \u00fanico que deje una impresi\u00f3n memorable.<\/p>\n<p>&nbsp;<\/p>\n<h3>Notas Olfativas<\/h3>\n<p>&nbsp;<\/p>\n<p class=\"title-nota\"><strong>Notas de salida:<\/strong> Naranja, mar, mandarina y pimienta.<\/p>\n<p class=\"title-nota\"><strong>Notas de coraz\u00f3n:<\/strong> Neroli y cedro.<\/p>\n<p class=\"title-nota\"><strong>Notas de fondo:<\/strong> Vainilla, vetiver, haba tonka, almizcle blanco y \u00e1mbar.<\/p>\n","protected":false},"excerpt":{"rendered":"<p>SILVER KING Crean una base c\u00e1lida y sofisticada, perfecta para quienes buscan un perfume \u00fanico que deje una impresi\u00f3n memorable.<\/p>\n","protected":false},"featured_media":82117,"comment_status":"open","ping_status":"closed","template":"","meta":{"nf_dc_page":""},"product_brand":[2089],"product_cat":[84],"product_tag":[2096],"class_list":{"0":"post-82116","1":"product","2":"type-product","3":"status-publish","4":"has-post-thumbnail","6":"product_brand-avec-creations","7":"product_cat-perfumeria","8":"product_tag-2096","10":"first","11":"instock","12":"sale","13":"shipping-taxable","14":"purchasable","15":"product-type-simple"},"_links":{"self":[{"href":"https:\/\/brandss.com.py\/index\/wp-json\/wp\/v2\/product\/82116","targetHints":{"allow":["GET"]}}],"collection":[{"href":"https:\/\/brandss.com.py\/index\/wp-json\/wp\/v2\/product"}],"about":[{"href":"https:\/\/brandss.com.py\/index\/wp-json\/wp\/v2\/types\/product"}],"replies":[{"embeddable":true,"href":"https:\/\/brandss.com.py\/index\/wp-json\/wp\/v2\/comments?post=82116"}],"version-history":[{"count":2,"href":"https:\/\/brandss.com.py\/index\/wp-json\/wp\/v2\/product\/82116\/revisions"}],"predecessor-version":[{"id":82121,"href":"https:\/\/brandss.com.py\/index\/wp-json\/wp\/v2\/product\/82116\/revisions\/82121"}],"wp:featuredmedia":[{"embeddable":true,"href":"https:\/\/brandss.com.py\/index\/wp-json\/wp\/v2\/media\/82117"}],"wp:attachment":[{"href":"https:\/\/brandss.com.py\/index\/wp-json\/wp\/v2\/media?parent=82116"}],"wp:term":[{"taxonomy":"product_brand","embeddable":true,"href":"https:\/\/brandss.com.py\/index\/wp-json\/wp\/v2\/product_brand?post=82116"},{"taxonomy":"product_cat","embeddable":true,"href":"https:\/\/brandss.com.py\/index\/wp-json\/wp\/v2\/product_cat?post=82116"},{"taxonomy":"product_tag","embeddable":true,"href":"https:\/\/brandss.com.py\/index\/wp-json\/wp\/v2\/product_tag?post=82116"}],"curies":[{"name":"wp","href":"https:\/\/api.w.org\/{rel}","templated":true}]}}