{"id":82122,"date":"2025-05-15T18:32:34","date_gmt":"2025-05-15T18:32:34","guid":{"rendered":"https:\/\/brandss.com.py\/index\/?post_type=product&#038;p=82122"},"modified":"2025-12-11T18:53:32","modified_gmt":"2025-12-11T18:53:32","slug":"perfume-unisex-sahari-collection-zikrayat-edp-100ml","status":"publish","type":"product","link":"https:\/\/brandss.com.py\/index\/producto\/perfume-unisex-sahari-collection-zikrayat-edp-100ml\/","title":{"rendered":"PERFUME UNISEX SAHARI COLLECTION ZIKRAYAT EDP 100ML"},"content":{"rendered":"<p><img loading=\"lazy\" decoding=\"async\" class=\"\" src=\"https:\/\/encrypted-tbn0.gstatic.com\/images?q=tbn:ANd9GcTCyBSEQ8FyWWLlWSlAuCevNcAITRtV5zeZHQ&amp;s\" alt=\"PERFUME UNISEX SAHARI COLLECTIONS BLUE SULTAN EDP 100ML - Brands\" width=\"85\" height=\"85\" \/><\/p>\n<h1>ZIKRAYAT<\/h1>\n<p>Es una fragancia que teje recuerdos en cada respiraci\u00f3n, capturando momentos que perduran mucho despu\u00e9s de su muerte. Evoca nostalgia y elegancia, fusionando pasado y presente en perfecta armon\u00eda. Sutil pero profunda, deja una huella inolvidable que se siente familiar y atemporal. \u00dasala y deja que cada aroma cuente tu historia.<\/p>\n<h3><\/h3>\n<h3>Notas Olfativas<\/h3>\n<p>&nbsp;<\/p>\n<p>Zikrayat es una fragancia de la familia olfativa floral c\u00edtrico ambarado para hombres y mujeres. Con una concentraci\u00f3n del tipo Eau de Parfum, ofrece una duradera y alta intensidad arom\u00e1tica en la piel. Sus notas est\u00e1n compuestas por los siguientes ingredientes.<\/p>\n<ul>\n<li><strong>Notas de salida:<\/strong> Lim\u00f3n, bergamota, notas verdes.<\/li>\n<li><strong>Notas de coraz\u00f3n:\u00a0<\/strong>Jazm\u00edn, rosa, flor de naranja.<\/li>\n<li><strong>Notas de fondo:\u00a0<\/strong>\u00c1mbar, almizcle, s\u00e1ndalo, vainilla.<\/li>\n<\/ul>\n","protected":false},"excerpt":{"rendered":"<p>ZIKRAYAT Es una fragancia que teje recuerdos en cada respiraci\u00f3n, capturando momentos que perduran mucho despu\u00e9s de su muerte. Evoca<\/p>\n","protected":false},"featured_media":82123,"comment_status":"open","ping_status":"closed","template":"","meta":{"nf_dc_page":""},"product_brand":[1940],"product_cat":[84],"product_tag":[2097],"class_list":{"0":"post-82122","1":"product","2":"type-product","3":"status-publish","4":"has-post-thumbnail","6":"product_brand-sahari","7":"product_cat-perfumeria","8":"product_tag-2097","10":"first","11":"instock","12":"shipping-taxable","13":"purchasable","14":"product-type-simple"},"_links":{"self":[{"href":"https:\/\/brandss.com.py\/index\/wp-json\/wp\/v2\/product\/82122","targetHints":{"allow":["GET"]}}],"collection":[{"href":"https:\/\/brandss.com.py\/index\/wp-json\/wp\/v2\/product"}],"about":[{"href":"https:\/\/brandss.com.py\/index\/wp-json\/wp\/v2\/types\/product"}],"replies":[{"embeddable":true,"href":"https:\/\/brandss.com.py\/index\/wp-json\/wp\/v2\/comments?post=82122"}],"version-history":[{"count":1,"href":"https:\/\/brandss.com.py\/index\/wp-json\/wp\/v2\/product\/82122\/revisions"}],"predecessor-version":[{"id":82126,"href":"https:\/\/brandss.com.py\/index\/wp-json\/wp\/v2\/product\/82122\/revisions\/82126"}],"wp:featuredmedia":[{"embeddable":true,"href":"https:\/\/brandss.com.py\/index\/wp-json\/wp\/v2\/media\/82123"}],"wp:attachment":[{"href":"https:\/\/brandss.com.py\/index\/wp-json\/wp\/v2\/media?parent=82122"}],"wp:term":[{"taxonomy":"product_brand","embeddable":true,"href":"https:\/\/brandss.com.py\/index\/wp-json\/wp\/v2\/product_brand?post=82122"},{"taxonomy":"product_cat","embeddable":true,"href":"https:\/\/brandss.com.py\/index\/wp-json\/wp\/v2\/product_cat?post=82122"},{"taxonomy":"product_tag","embeddable":true,"href":"https:\/\/brandss.com.py\/index\/wp-json\/wp\/v2\/product_tag?post=82122"}],"curies":[{"name":"wp","href":"https:\/\/api.w.org\/{rel}","templated":true}]}}