{"id":82127,"date":"2025-05-15T19:07:02","date_gmt":"2025-05-15T19:07:02","guid":{"rendered":"https:\/\/brandss.com.py\/index\/?post_type=product&#038;p=82127"},"modified":"2025-12-11T18:54:09","modified_gmt":"2025-12-11T18:54:09","slug":"perfume-femenino-mirada-edge-pink-crystal-edp-100ml","status":"publish","type":"product","link":"https:\/\/brandss.com.py\/index\/producto\/perfume-femenino-mirada-edge-pink-crystal-edp-100ml\/","title":{"rendered":"PERFUME FEMENINO MIRADA EDGE PINK CRYSTAL EDP 100ML"},"content":{"rendered":"<p>&nbsp;<\/p>\n<p><img loading=\"lazy\" decoding=\"async\" class=\"\" src=\"https:\/\/www.fragrantica.es\/mdimg\/dizajneri\/o.6784.jpg\" alt=\"Mirada Fragancias Y Colonias\" width=\"105\" height=\"85\" \/><\/p>\n<h1>EDGE PINK CRYSTAL<\/h1>\n<p>Es una emocionante fragancia femenina que irradia frescura y sensualidad en cada gota. EDGE Pink Crystal es ideal para mujeres modernas que quieren destacarse con su encanto e individualidad. Esta fragancia se convertir\u00e1 en tu arma secreta, enfatizando la confianza y el atractivo en cualquier circunstancia, ya sea una reuni\u00f3n nocturna, una cita rom\u00e1ntica o un d\u00eda lleno de impresiones.<\/p>\n<p>Edge Pink Crystal es\u00a0una\u00a0fragancia m\u00e1gica dise\u00f1ada para quienes se desenvuelven por la vida con aplomo y elegancia. Deja que su refinada combinaci\u00f3n despierte tus sentidos y te inspire a aprovechar cada momento con confianza.<\/p>\n<h3>Notas Olfativas<\/h3>\n<p>Desde los primeros momentos te cautivar\u00e1n las brillantes notas de salida de pomelo, frambuesa y grosella negra, creando un estado de \u00e1nimo alegre y divertido, lleno de emociones brillantes y energ\u00eda. El coraz\u00f3n de la fragancia revela exquisitas notas florales de peon\u00eda, rosa y jazm\u00edn, a\u00f1adiendo elegancia y encanto rom\u00e1ntico a la composici\u00f3n. Esta delicada armon\u00eda crea una sensaci\u00f3n m\u00e1gica de feminidad y sofisticaci\u00f3n, transport\u00e1ndote al mundo de los jardines florecientes y de los jardines de verano. Las notas de fondo de vainilla, almizcle y cedro blanco completan la composici\u00f3n con un acento c\u00e1lido y elegante, d\u00e1ndole a la fragancia longevidad y profundidad.<\/p>\n<div><span><strong>Notas de salida:<\/strong> <\/span>pomelo, frambuesa, grosella negra.<\/div>\n<div><span><strong>Notas de coraz\u00f3n:<\/strong> <\/span>peon\u00eda, rosa, jazm\u00edn.<\/div>\n<div><strong>Notas de fondo: <\/strong>vainilla, almizcle, cedro blanco.<\/div>\n","protected":false},"excerpt":{"rendered":"<p>&nbsp; EDGE PINK CRYSTAL Es una emocionante fragancia femenina que irradia frescura y sensualidad en cada gota. EDGE Pink Crystal<\/p>\n","protected":false},"featured_media":82128,"comment_status":"open","ping_status":"closed","template":"","meta":{"nf_dc_page":""},"product_brand":[1968],"product_cat":[84],"product_tag":[2098],"class_list":{"0":"post-82127","1":"product","2":"type-product","3":"status-publish","4":"has-post-thumbnail","6":"product_brand-mirada","7":"product_cat-perfumeria","8":"product_tag-2098","10":"first","11":"outofstock","12":"shipping-taxable","13":"purchasable","14":"product-type-simple"},"_links":{"self":[{"href":"https:\/\/brandss.com.py\/index\/wp-json\/wp\/v2\/product\/82127","targetHints":{"allow":["GET"]}}],"collection":[{"href":"https:\/\/brandss.com.py\/index\/wp-json\/wp\/v2\/product"}],"about":[{"href":"https:\/\/brandss.com.py\/index\/wp-json\/wp\/v2\/types\/product"}],"replies":[{"embeddable":true,"href":"https:\/\/brandss.com.py\/index\/wp-json\/wp\/v2\/comments?post=82127"}],"version-history":[{"count":1,"href":"https:\/\/brandss.com.py\/index\/wp-json\/wp\/v2\/product\/82127\/revisions"}],"predecessor-version":[{"id":82132,"href":"https:\/\/brandss.com.py\/index\/wp-json\/wp\/v2\/product\/82127\/revisions\/82132"}],"wp:featuredmedia":[{"embeddable":true,"href":"https:\/\/brandss.com.py\/index\/wp-json\/wp\/v2\/media\/82128"}],"wp:attachment":[{"href":"https:\/\/brandss.com.py\/index\/wp-json\/wp\/v2\/media?parent=82127"}],"wp:term":[{"taxonomy":"product_brand","embeddable":true,"href":"https:\/\/brandss.com.py\/index\/wp-json\/wp\/v2\/product_brand?post=82127"},{"taxonomy":"product_cat","embeddable":true,"href":"https:\/\/brandss.com.py\/index\/wp-json\/wp\/v2\/product_cat?post=82127"},{"taxonomy":"product_tag","embeddable":true,"href":"https:\/\/brandss.com.py\/index\/wp-json\/wp\/v2\/product_tag?post=82127"}],"curies":[{"name":"wp","href":"https:\/\/api.w.org\/{rel}","templated":true}]}}