{"id":82134,"date":"2025-05-16T11:29:23","date_gmt":"2025-05-16T11:29:23","guid":{"rendered":"https:\/\/brandss.com.py\/index\/?post_type=product&#038;p=82134"},"modified":"2025-12-11T18:54:37","modified_gmt":"2025-12-11T18:54:37","slug":"perfume-femenino-camara-monarch-woman-edp-90ml","status":"publish","type":"product","link":"https:\/\/brandss.com.py\/index\/producto\/perfume-femenino-camara-monarch-woman-edp-90ml\/","title":{"rendered":"PERFUME FEMENINO CAMARA MONARCH WOMAN EDP 90ML"},"content":{"rendered":"<p><img loading=\"lazy\" decoding=\"async\" class=\"\" src=\"https:\/\/aunmasguapa.com\/cdn\/shop\/collections\/Captura_de_pantalla_2025-01-12_a_las_20.12.24.png?v=1736709579&amp;width=1500\" alt=\"A\u00fan M\u00e1s Guapa!\" width=\"111\" height=\"103\" \/><\/p>\n<h1>MONARCH WOMAN<\/h1>\n<p>Del\u00e9itese con este perfume femenino, un aroma que encarna la energ\u00eda vivaz, el encanto y el estilo moderno. Este Eau de Perfum est\u00e1 dise\u00f1ado para hacer que otros envidien tu presencia \u00fanica y elegante. La rica composici\u00f3n de perfume comienza con una cautivadora mezcla de acuerdos almizclados afrutados y florales.<\/p>\n<p>Este aroma est\u00e1 cuidadosamente curado para capturar la esencia de la feminidad, la elegancia y la sofisticaci\u00f3n. Con su fascinante mezcla de notas, eleva cualquier atuendo y cualquier ocasi\u00f3n, dejando una impresi\u00f3n duradera donde quiera que vaya. Disfrute de usted o de un ser querido del lujoso aroma de Camara Perfumes Morarch Women.<\/p>\n<p>Experimenta la magia de esta fragancia y abraza a tu monarca interior con cada spritz. As\u00ed que adelante, disfrute de este aroma cautivador y deje que se convierta en su fragancia caracter\u00edstica. Agregue Camara Perfumes Morarch Women a su colecci\u00f3n hoy y deje que este notable perfume se convierta en parte de su viaje hacia la confianza y la belleza.<\/p>\n<p>&nbsp;<\/p>\n<h3>\u00a0Notas Olfativas<\/h3>\n<p>&nbsp;<\/p>\n<p>Las notas superiores ofrecen una explosi\u00f3n de frescura afrutada, con toques de frambuesa que elevan instant\u00e1neamente su estado de \u00e1nimo. A medida que la fragancia se desarrolla, las notas del coraz\u00f3n revelan una deliciosa armon\u00eda de azahar, gardenia y s\u00e1ndalo, creando un cautivador ramo floral con un toque de terrosidad. Las encantadoras notas base de vainilla, tonos c\u00e1lidos en polvo y almizcle proporcionan un encanto duradero y reconfortante, haciendo de Camara Perfumes Morarch Women una fragancia perfecta para lo audaz y lo hermoso. Camara Perfumes es conocida por su exquisita colecci\u00f3n de fragancias para mujeres, y Morarch Women no es una excepci\u00f3n.<\/p>\n<ul class=\"a-unordered-list a-vertical a-spacing-mini\">\n<li class=\"a-spacing-mini\"><span class=\"a-list-item\"><span><strong>Nota de salida:<\/strong> Afrutado, frambuesa.<\/span><\/span><\/li>\n<li class=\"a-spacing-mini\"><span class=\"a-list-item\"><span><strong>Nota de coraz\u00f3n:<\/strong> flor de naranja, gardenia, s\u00e1ndalo<\/span><\/span><\/li>\n<li class=\"a-spacing-mini\"><span class=\"a-list-item\"><span><strong>Nota de fondo:<\/strong> vainilla, c\u00e1lida, polvorienta, almizcle.<\/span><\/span><\/li>\n<\/ul>\n","protected":false},"excerpt":{"rendered":"<p>MONARCH WOMAN Del\u00e9itese con este perfume femenino, un aroma que encarna la energ\u00eda vivaz, el encanto y el estilo moderno.<\/p>\n","protected":false},"featured_media":82135,"comment_status":"open","ping_status":"closed","template":"","meta":{"nf_dc_page":""},"product_brand":[1992],"product_cat":[84],"product_tag":[2099],"class_list":{"0":"post-82134","1":"product","2":"type-product","3":"status-publish","4":"has-post-thumbnail","6":"product_brand-camara","7":"product_cat-perfumeria","8":"product_tag-2099","10":"first","11":"outofstock","12":"shipping-taxable","13":"purchasable","14":"product-type-simple"},"_links":{"self":[{"href":"https:\/\/brandss.com.py\/index\/wp-json\/wp\/v2\/product\/82134","targetHints":{"allow":["GET"]}}],"collection":[{"href":"https:\/\/brandss.com.py\/index\/wp-json\/wp\/v2\/product"}],"about":[{"href":"https:\/\/brandss.com.py\/index\/wp-json\/wp\/v2\/types\/product"}],"replies":[{"embeddable":true,"href":"https:\/\/brandss.com.py\/index\/wp-json\/wp\/v2\/comments?post=82134"}],"version-history":[{"count":1,"href":"https:\/\/brandss.com.py\/index\/wp-json\/wp\/v2\/product\/82134\/revisions"}],"predecessor-version":[{"id":82140,"href":"https:\/\/brandss.com.py\/index\/wp-json\/wp\/v2\/product\/82134\/revisions\/82140"}],"wp:featuredmedia":[{"embeddable":true,"href":"https:\/\/brandss.com.py\/index\/wp-json\/wp\/v2\/media\/82135"}],"wp:attachment":[{"href":"https:\/\/brandss.com.py\/index\/wp-json\/wp\/v2\/media?parent=82134"}],"wp:term":[{"taxonomy":"product_brand","embeddable":true,"href":"https:\/\/brandss.com.py\/index\/wp-json\/wp\/v2\/product_brand?post=82134"},{"taxonomy":"product_cat","embeddable":true,"href":"https:\/\/brandss.com.py\/index\/wp-json\/wp\/v2\/product_cat?post=82134"},{"taxonomy":"product_tag","embeddable":true,"href":"https:\/\/brandss.com.py\/index\/wp-json\/wp\/v2\/product_tag?post=82134"}],"curies":[{"name":"wp","href":"https:\/\/api.w.org\/{rel}","templated":true}]}}