{"id":82141,"date":"2025-05-16T12:15:35","date_gmt":"2025-05-16T12:15:35","guid":{"rendered":"https:\/\/brandss.com.py\/index\/?post_type=product&#038;p=82141"},"modified":"2026-03-14T14:09:36","modified_gmt":"2026-03-14T14:09:36","slug":"perfume-unisex-lpdo-touche-edp-100ml","status":"publish","type":"product","link":"https:\/\/brandss.com.py\/index\/producto\/perfume-unisex-lpdo-touche-edp-100ml\/","title":{"rendered":"PERFUME UNISEX LPDO TOUCH\u00c9 EDPI 100ML"},"content":{"rendered":"<p><img loading=\"lazy\" decoding=\"async\" class=\"\" src=\"https:\/\/www.profumeriamancino.com\/img\/m\/233.jpg\" alt=\"Lpdo Desert Dor\u00e8 Eau de Parfum Intense\" width=\"105\" height=\"55\" \/><\/p>\n<h1>TOUCH\u00c9<\/h1>\n<p><span>Una fragancia refinada y seductora que deja huella. Este perfume unisex cautiva con sus notas envolventes y sofisticadas. D\u00e9jate llevar por las sensaciones \u00fanicas de Touch\u00e9.<\/span><\/p>\n<p><span>Una armoniosa combinaci\u00f3n de notas florales, especiadas y amaderadas que evocan elegancia y encanto. Experimenta el arte de la atracci\u00f3n con Touch\u00e9. La elecci\u00f3n perfecta para quienes buscan un aroma distintivo e inolvidable.<\/span><\/p>\n<div class=\"apm-flex-item-third-width\">\n<h5 class=\"a-spacing-mini\">Exquisita fragancia<\/h5>\n<p>Fragancias unisex que encarnan sensualidad apasionada y preciosa creando una experiencia de aroma \u00fanica y encantadora.<\/p>\n<\/div>\n<div class=\"apm-flex-item-third-width\">\n<h5 class=\"a-spacing-mini\">Elegante y vers\u00e1til<\/h5>\n<p>Perfil de aroma vers\u00e1til adecuado para todos, ya sea de d\u00eda o de noche, dejando una impresi\u00f3n memorable dondequiera que vayas.<\/p>\n<h3>Notas Olfativas<img decoding=\"async\" class=\"alignleft\" src=\"https:\/\/m.media-amazon.com\/images\/S\/aplus-media-library-service-media\/ceb968ed-feff-41a2-aa33-e4a1d6f47d62.__CR0,0,300,300_PT0_SX300_V1___.png\" \/><\/h3>\n<p>&nbsp;<\/p>\n<p><span>Touch\u00e9 es una cautivadora dosis de encanto y misterio en tus manos. Su composici\u00f3n, fresca y exuberante, cautiva con sus notas de salida de frutos rojos, maracuy\u00e1 y melocot\u00f3n. El coraz\u00f3n, persuasivo, combina heliotropo con lirio de los valles y pachul\u00ed con pera, fundi\u00e9ndose con un caramelo dulce y armonioso. Mientras que las notas de fondo, misteriosas y atractivas, cautivan con notas de almizcle y frambuesa, \u00e1mbar gris y notas lact\u00f3nicas.<\/span><\/p>\n<p>Touch\u00e9\u00a0es una fragancia de la familia olfativa para Hombres y Mujeres. Esta fragrancia es nueva.\u00a0Touch\u00e9\u00a0se lanz\u00f3 en 2023.<\/p>\n<p>&nbsp;<\/p>\n<p><span><strong>Notas de salida:<\/strong> Frutos rojos, maracuy\u00e1, melocot\u00f3n. \u00a0<\/span><\/p>\n<p><span><strong>Notas de coraz\u00f3n:<\/strong> Heliotropo, Lirio de los Valles, Pachul\u00ed, Pera, Caramelo<\/span><\/p>\n<p><span><strong>Notas de fondo:<\/strong> Almizcle, Frambuesa, \u00c1mbar gris, Lact\u00f3nico<\/span><\/p>\n<\/div>\n","protected":false},"excerpt":{"rendered":"<p>TOUCH\u00c9 Una fragancia refinada y seductora que deja huella. Este perfume unisex cautiva con sus notas envolventes y sofisticadas. D\u00e9jate<\/p>\n","protected":false},"featured_media":82143,"comment_status":"open","ping_status":"closed","template":"","meta":{"nf_dc_page":""},"product_brand":[2100],"product_cat":[84],"product_tag":[2101],"class_list":{"0":"post-82141","1":"product","2":"type-product","3":"status-publish","4":"has-post-thumbnail","6":"product_brand-lpdo","7":"product_cat-perfumeria","8":"product_tag-2101","10":"first","11":"outofstock","12":"shipping-taxable","13":"purchasable","14":"product-type-simple"},"_links":{"self":[{"href":"https:\/\/brandss.com.py\/index\/wp-json\/wp\/v2\/product\/82141","targetHints":{"allow":["GET"]}}],"collection":[{"href":"https:\/\/brandss.com.py\/index\/wp-json\/wp\/v2\/product"}],"about":[{"href":"https:\/\/brandss.com.py\/index\/wp-json\/wp\/v2\/types\/product"}],"replies":[{"embeddable":true,"href":"https:\/\/brandss.com.py\/index\/wp-json\/wp\/v2\/comments?post=82141"}],"version-history":[{"count":2,"href":"https:\/\/brandss.com.py\/index\/wp-json\/wp\/v2\/product\/82141\/revisions"}],"predecessor-version":[{"id":89017,"href":"https:\/\/brandss.com.py\/index\/wp-json\/wp\/v2\/product\/82141\/revisions\/89017"}],"wp:featuredmedia":[{"embeddable":true,"href":"https:\/\/brandss.com.py\/index\/wp-json\/wp\/v2\/media\/82143"}],"wp:attachment":[{"href":"https:\/\/brandss.com.py\/index\/wp-json\/wp\/v2\/media?parent=82141"}],"wp:term":[{"taxonomy":"product_brand","embeddable":true,"href":"https:\/\/brandss.com.py\/index\/wp-json\/wp\/v2\/product_brand?post=82141"},{"taxonomy":"product_cat","embeddable":true,"href":"https:\/\/brandss.com.py\/index\/wp-json\/wp\/v2\/product_cat?post=82141"},{"taxonomy":"product_tag","embeddable":true,"href":"https:\/\/brandss.com.py\/index\/wp-json\/wp\/v2\/product_tag?post=82141"}],"curies":[{"name":"wp","href":"https:\/\/api.w.org\/{rel}","templated":true}]}}