{"id":82164,"date":"2025-05-16T16:38:50","date_gmt":"2025-05-16T16:38:50","guid":{"rendered":"https:\/\/brandss.com.py\/index\/?post_type=product&#038;p=82164"},"modified":"2026-03-06T12:56:09","modified_gmt":"2026-03-06T12:56:09","slug":"mouse-xiaomi-mi-mouse-wireless-lite-2-xmwxsb02ym-black","status":"publish","type":"product","link":"https:\/\/brandss.com.py\/index\/producto\/mouse-xiaomi-mi-mouse-wireless-lite-2-xmwxsb02ym-black\/","title":{"rendered":"MOUSE XIAOMI MI MOUSE WIRELESS LITE 2 XMWXSB02YM BLACK"},"content":{"rendered":"<p><img loading=\"lazy\" decoding=\"async\" class=\"\" src=\"https:\/\/1000marcas.net\/wp-content\/uploads\/2019\/12\/Xiaomi-Logo.png\" alt=\"Logo de Xiaomi: la historia y el significado del logotipo, la marca y el  s\u00edmbolo. | png, vector\" width=\"144\" height=\"81\" \/><\/p>\n<h1>MI MOUSE WIRELESS LITE 2<\/h1>\n<p>El Mi Mouse Lite 2 ofrece conectividad inal\u00e1mbrica mediante un adaptador nano de 2,4 GHz, lo que garantiza una experiencia sin cables y f\u00e1cil de usar. Con una sensibilidad de 1000 DPI, proporciona precisi\u00f3n en cada movimiento. Cuenta con 3 botones integrados para una funcionalidad completa. Fabricado con materiales de alta calidad como PC, ABS y metal, es duradero y ligero. Su dise\u00f1o ergon\u00f3mico y sensible permite un posicionamiento r\u00e1pido, aliviando la presi\u00f3n en la mu\u00f1eca. La curvatura del cuerpo del mouse se adapta a una variedad de agarres y tama\u00f1os de manos para brindar comodidad y soporte constantes. Ya sea que lo use en el trabajo, en la oficina o para jugar, el mouse brinda una experiencia perfecta.<\/p>\n<p>&nbsp;<\/p>\n<p><strong>Especificaciones<\/strong><\/p>\n<p><strong>Marca:<\/strong> Xiaomi<br \/>\n<strong>Modelo:\u00a0<\/strong>XMWXSB02YM<br \/>\n<strong>Color:<\/strong> Negro<br \/>\n<strong>Conectividad: <\/strong>Inal\u00e1mbrica de 2.4GHz<br \/>\n<strong>DPI:<\/strong> 1000<br \/>\n<strong>Alimentaci\u00f3n:<\/strong> Pila AA<br \/>\n<strong>Botones:<\/strong> 3<br \/>\n<strong>Dimensiones del Embalaje:<\/strong> 12.00 cm X 8.20 cm X 4.40 cm<br \/>\n<strong>Peso Bruto:<\/strong> 0.103 kg<\/p>\n<p>&nbsp;<\/p>\n","protected":false},"excerpt":{"rendered":"<p>MI MOUSE WIRELESS LITE 2 El Mi Mouse Lite 2 ofrece conectividad inal\u00e1mbrica mediante un adaptador nano de 2,4 GHz,<\/p>\n","protected":false},"featured_media":82165,"comment_status":"open","ping_status":"closed","template":"","meta":{"nf_dc_page":""},"product_brand":[977],"product_cat":[92],"product_tag":[987],"class_list":{"0":"post-82164","1":"product","2":"type-product","3":"status-publish","4":"has-post-thumbnail","6":"product_brand-xiaomi","7":"product_cat-informatica","8":"product_tag-987","10":"first","11":"outofstock","12":"shipping-taxable","13":"purchasable","14":"product-type-simple"},"_links":{"self":[{"href":"https:\/\/brandss.com.py\/index\/wp-json\/wp\/v2\/product\/82164","targetHints":{"allow":["GET"]}}],"collection":[{"href":"https:\/\/brandss.com.py\/index\/wp-json\/wp\/v2\/product"}],"about":[{"href":"https:\/\/brandss.com.py\/index\/wp-json\/wp\/v2\/types\/product"}],"replies":[{"embeddable":true,"href":"https:\/\/brandss.com.py\/index\/wp-json\/wp\/v2\/comments?post=82164"}],"version-history":[{"count":1,"href":"https:\/\/brandss.com.py\/index\/wp-json\/wp\/v2\/product\/82164\/revisions"}],"predecessor-version":[{"id":82174,"href":"https:\/\/brandss.com.py\/index\/wp-json\/wp\/v2\/product\/82164\/revisions\/82174"}],"wp:featuredmedia":[{"embeddable":true,"href":"https:\/\/brandss.com.py\/index\/wp-json\/wp\/v2\/media\/82165"}],"wp:attachment":[{"href":"https:\/\/brandss.com.py\/index\/wp-json\/wp\/v2\/media?parent=82164"}],"wp:term":[{"taxonomy":"product_brand","embeddable":true,"href":"https:\/\/brandss.com.py\/index\/wp-json\/wp\/v2\/product_brand?post=82164"},{"taxonomy":"product_cat","embeddable":true,"href":"https:\/\/brandss.com.py\/index\/wp-json\/wp\/v2\/product_cat?post=82164"},{"taxonomy":"product_tag","embeddable":true,"href":"https:\/\/brandss.com.py\/index\/wp-json\/wp\/v2\/product_tag?post=82164"}],"curies":[{"name":"wp","href":"https:\/\/api.w.org\/{rel}","templated":true}]}}