{"id":82207,"date":"2025-05-17T11:39:14","date_gmt":"2025-05-17T11:39:14","guid":{"rendered":"https:\/\/brandss.com.py\/index\/?post_type=product&#038;p=82207"},"modified":"2025-10-13T19:05:43","modified_gmt":"2025-10-13T19:05:43","slug":"mouse-gamer-xiaomi-gaming-lite-yxsb01ym-rgb-black","status":"publish","type":"product","link":"https:\/\/brandss.com.py\/index\/producto\/mouse-gamer-xiaomi-gaming-lite-yxsb01ym-rgb-black\/","title":{"rendered":"MOUSE XIAOMI GAMING LITE YXSB01YM RGB BLACK"},"content":{"rendered":"<p><img loading=\"lazy\" decoding=\"async\" class=\"\" src=\"https:\/\/1000marcas.net\/wp-content\/uploads\/2019\/12\/Xiaomi-Logo.png\" alt=\"Logo de Xiaomi: la historia y el significado del logotipo, la marca y el  s\u00edmbolo. | png, vector\" width=\"119\" height=\"67\" \/><\/p>\n<h1>GAMING LITE<\/h1>\n<p>El Mouse Xiaomi Gaming Lite YXSB01YM RGB est\u00e1 fabricado con materiales como PC, ABS y metal, destacando por su dise\u00f1o ligero y resistente. Con un peso de solo 72 g, su carcasa \u201cgolpe cero\u201d ofrece integridad y soporte estructural, lo que lo hace \u00e1gil y r\u00e1pido en movimiento.<br \/>\nIncorpora iluminaci\u00f3n RGB ajustable en la parte trasera con efectos como serpentina, respiraci\u00f3n y m\u00e1s, cuya configuraci\u00f3n se guarda al apagar el dispositivo. Est\u00e1 equipado con un sensor PixArt de alta precisi\u00f3n, que soporta hasta 220 IPS y 6200 DPI, con cinco niveles configurables de DPI.<br \/>\nEl mouse cuenta con un microcontrolador ARM de 32 bits, una tasa de respuesta de 1 ms, y botones de alta durabilidad (80 millones de clics), ideales para diferentes escenarios de uso en videojuegos.<\/p>\n<h3>Especificaciones :<\/h3>\n<ul>\n<li><strong>Marca:<\/strong> XIAOMI.<\/li>\n<li><strong>Modelo:<\/strong> YXSB01YM.<\/li>\n<li><strong>Micro movimiento:<\/strong> TTC Gold.<\/li>\n<li><strong>Protecci\u00f3n:<\/strong> IP54.<\/li>\n<li><strong>M\u00e9todo de conexi\u00f3n:<\/strong> Por cable USB.<\/li>\n<li><strong>Sistema de soporte:<\/strong> Windows 7 y superior\/macOS 10,13 y superior.<\/li>\n<li><strong>Botones:<\/strong> Laterales.<\/li>\n<li><strong>Tiene cinco ajustes de:<\/strong> DPI de 400, 800, 1600, 3200 y 6200.<\/li>\n<li><strong>El paquete incluye:<\/strong> 1 Mouse Sellado Xiaomi en Caja.<\/li>\n<\/ul>\n","protected":false},"excerpt":{"rendered":"<p>GAMING LITE El Mouse Xiaomi Gaming Lite YXSB01YM RGB est\u00e1 fabricado con materiales como PC, ABS y metal, destacando por<\/p>\n","protected":false},"featured_media":82208,"comment_status":"open","ping_status":"closed","template":"","meta":{"nf_dc_page":""},"product_brand":[977],"product_cat":[92],"product_tag":[985],"class_list":{"0":"post-82207","1":"product","2":"type-product","3":"status-publish","4":"has-post-thumbnail","6":"product_brand-xiaomi","7":"product_cat-informatica","8":"product_tag-985","10":"first","11":"instock","12":"shipping-taxable","13":"purchasable","14":"product-type-simple"},"_links":{"self":[{"href":"https:\/\/brandss.com.py\/index\/wp-json\/wp\/v2\/product\/82207","targetHints":{"allow":["GET"]}}],"collection":[{"href":"https:\/\/brandss.com.py\/index\/wp-json\/wp\/v2\/product"}],"about":[{"href":"https:\/\/brandss.com.py\/index\/wp-json\/wp\/v2\/types\/product"}],"replies":[{"embeddable":true,"href":"https:\/\/brandss.com.py\/index\/wp-json\/wp\/v2\/comments?post=82207"}],"version-history":[{"count":2,"href":"https:\/\/brandss.com.py\/index\/wp-json\/wp\/v2\/product\/82207\/revisions"}],"predecessor-version":[{"id":92028,"href":"https:\/\/brandss.com.py\/index\/wp-json\/wp\/v2\/product\/82207\/revisions\/92028"}],"wp:featuredmedia":[{"embeddable":true,"href":"https:\/\/brandss.com.py\/index\/wp-json\/wp\/v2\/media\/82208"}],"wp:attachment":[{"href":"https:\/\/brandss.com.py\/index\/wp-json\/wp\/v2\/media?parent=82207"}],"wp:term":[{"taxonomy":"product_brand","embeddable":true,"href":"https:\/\/brandss.com.py\/index\/wp-json\/wp\/v2\/product_brand?post=82207"},{"taxonomy":"product_cat","embeddable":true,"href":"https:\/\/brandss.com.py\/index\/wp-json\/wp\/v2\/product_cat?post=82207"},{"taxonomy":"product_tag","embeddable":true,"href":"https:\/\/brandss.com.py\/index\/wp-json\/wp\/v2\/product_tag?post=82207"}],"curies":[{"name":"wp","href":"https:\/\/api.w.org\/{rel}","templated":true}]}}