{"id":82223,"date":"2025-05-17T12:37:08","date_gmt":"2025-05-17T12:37:08","guid":{"rendered":"https:\/\/brandss.com.py\/index\/?post_type=product&#038;p=82223"},"modified":"2025-10-13T19:08:36","modified_gmt":"2025-10-13T19:08:36","slug":"mouse-xiaomi-wireless-mi-mouse-3-xmwxsb03ym-black","status":"publish","type":"product","link":"https:\/\/brandss.com.py\/index\/producto\/mouse-xiaomi-wireless-mi-mouse-3-xmwxsb03ym-black\/","title":{"rendered":"MOUSE XIAOMI WIRELESS MI MOUSE 3 XMWXSB03YM BLACK"},"content":{"rendered":"<p><img loading=\"lazy\" decoding=\"async\" class=\"\" src=\"https:\/\/1000marcas.net\/wp-content\/uploads\/2019\/12\/Xiaomi-Logo.png\" alt=\"Logo de Xiaomi: la historia y el significado del logotipo, la marca y el s\u00edmbolo. | png, vector\" width=\"151\" height=\"85\" \/><\/p>\n<h1>WIRELESS MI MOUSE 3<\/h1>\n<p>El Xiaomi Mi Mouse Wireless 3 combina un dise\u00f1o moderno y ergon\u00f3mico, ideal para un uso prolongado y c\u00f3modo. Este mouse inal\u00e1mbrico cuenta con una resoluci\u00f3n de 1200 DPI, proporcionando precisi\u00f3n y fluidez en el movimiento del cursor. Su conectividad Bluetooth 4.2 garantiza una conexi\u00f3n estable y r\u00e1pida, mientras que su interfaz USB facilita la compatibilidad con diversos dispositivos. Con su estilo elegante y funcionalidad avanzada, el Xiaomi Mi Mouse Wireless 3 es una excelente elecci\u00f3n para usuarios que buscan un dispositivo de entrada fiable y eficiente.<\/p>\n<ul>\n<li><strong>Rendimiento superior:<\/strong> el mouse inal\u00e1mbrico Xiaomi 3 ofrece un rendimiento inal\u00e1mbrico eficiente con su conexi\u00f3n 2.4G y BT.<\/li>\n<li><strong>Compatibilidad vers\u00e1til:<\/strong> es compatible con Windows 10 y superior, as\u00ed como con macOS 10.13 y superior, lo que lo hace muy vers\u00e1til.<\/li>\n<li><strong>Dise\u00f1o liviano:<\/strong> Con un peso de solo 57 g, es lo suficientemente liviano para llevarlo a donde quiera que vaya.<\/li>\n<li><strong>Alta precisi\u00f3n:<\/strong> Con una regulaci\u00f3n de 1200DPI, este mouse otorga alta precisi\u00f3n a los usuarios.<\/li>\n<li>Combinaci\u00f3n de colores elegante y colorida, disfrute de una oficina tranquila.<\/li>\n<li>Modo dual Bluetooth de 2,4 GHz +, agarre c\u00f3modo, botones de tono suave.<\/li>\n<li>Curvas elegantes, agarre c\u00f3modo: reconstrucci\u00f3n de apariencia repetida, superficie curva ergon\u00f3mica de tallado ingenioso, soporte c\u00f3modo para la palma, tecnolog\u00eda de tratamiento de superficie delicada para mejorar el agarre agradable para la piel.<\/li>\n<li>Clic suave del bot\u00f3n, haga clic con confianza: TTC mueve suavemente el bot\u00f3n principal, hace clic silenciosamente mientras brinda un toque limpio para inspirar creatividad y tambi\u00e9n se puede usar en \u00e1reas p\u00fablicas sin molestar a los dem\u00e1s.<\/li>\n<li>Equipado con un sensor prototipo de precisi\u00f3n de 1200 DPI, el seguimiento sensible es r\u00e1pido, estable y preciso, y es conveniente para el uso diario.<\/li>\n<\/ul>\n<h3><strong>Especificaciones:<\/strong><\/h3>\n<p><strong>Modelo:<\/strong> XMWXSB03YM<br \/>\n<strong>Compatibilidad:<\/strong> Windows 10, macOS 10.13 y versiones m\u00e1s recientes<br \/>\n<strong>Entrada nominal:<\/strong> 1,5 V\u239350 mA<br \/>\n<strong>Materiales del producto:<\/strong> Pl\u00e1stico, metal<br \/>\n<strong>M\u00e9todo de conexi\u00f3n:<\/strong> Conexi\u00f3n inal\u00e1mbrica de 2,4 GHz, Bluetooth<br \/>\n<strong>Dimensiones del producto:<\/strong> 119 x 64 x 41 mm<br \/>\n<strong>Peso neto del producto:<\/strong> 57 g (sin bater\u00eda)<br \/>\n<strong>Temperatura de funcionamiento:<\/strong> 0\u00b0C a 40\u00b0C<br \/>\n<strong>Packing List:<\/strong><br \/>\nRat\u00f3n x1<\/p>\n<p>Receptor de 2,4 GHz x1 (Almacenado en el compartimento del receptor)<\/p>\n<p>Manual de usuario x1<\/p>\n","protected":false},"excerpt":{"rendered":"<p>WIRELESS MI MOUSE 3 El Xiaomi Mi Mouse Wireless 3 combina un dise\u00f1o moderno y ergon\u00f3mico, ideal para un uso<\/p>\n","protected":false},"featured_media":82224,"comment_status":"open","ping_status":"closed","template":"","meta":{"nf_dc_page":""},"product_brand":[977],"product_cat":[92],"product_tag":[986],"class_list":{"0":"post-82223","1":"product","2":"type-product","3":"status-publish","4":"has-post-thumbnail","6":"product_brand-xiaomi","7":"product_cat-informatica","8":"product_tag-986","10":"first","11":"outofstock","12":"shipping-taxable","13":"purchasable","14":"product-type-simple"},"_links":{"self":[{"href":"https:\/\/brandss.com.py\/index\/wp-json\/wp\/v2\/product\/82223","targetHints":{"allow":["GET"]}}],"collection":[{"href":"https:\/\/brandss.com.py\/index\/wp-json\/wp\/v2\/product"}],"about":[{"href":"https:\/\/brandss.com.py\/index\/wp-json\/wp\/v2\/types\/product"}],"replies":[{"embeddable":true,"href":"https:\/\/brandss.com.py\/index\/wp-json\/wp\/v2\/comments?post=82223"}],"version-history":[{"count":2,"href":"https:\/\/brandss.com.py\/index\/wp-json\/wp\/v2\/product\/82223\/revisions"}],"predecessor-version":[{"id":82230,"href":"https:\/\/brandss.com.py\/index\/wp-json\/wp\/v2\/product\/82223\/revisions\/82230"}],"wp:featuredmedia":[{"embeddable":true,"href":"https:\/\/brandss.com.py\/index\/wp-json\/wp\/v2\/media\/82224"}],"wp:attachment":[{"href":"https:\/\/brandss.com.py\/index\/wp-json\/wp\/v2\/media?parent=82223"}],"wp:term":[{"taxonomy":"product_brand","embeddable":true,"href":"https:\/\/brandss.com.py\/index\/wp-json\/wp\/v2\/product_brand?post=82223"},{"taxonomy":"product_cat","embeddable":true,"href":"https:\/\/brandss.com.py\/index\/wp-json\/wp\/v2\/product_cat?post=82223"},{"taxonomy":"product_tag","embeddable":true,"href":"https:\/\/brandss.com.py\/index\/wp-json\/wp\/v2\/product_tag?post=82223"}],"curies":[{"name":"wp","href":"https:\/\/api.w.org\/{rel}","templated":true}]}}