{"id":82231,"date":"2025-05-17T13:14:26","date_gmt":"2025-05-17T13:14:26","guid":{"rendered":"https:\/\/brandss.com.py\/index\/?post_type=product&#038;p=82231"},"modified":"2025-10-14T11:04:11","modified_gmt":"2025-10-14T11:04:11","slug":"mouse-xiaomi-wireless-mode-silent-edition-mi-dual-black","status":"publish","type":"product","link":"https:\/\/brandss.com.py\/index\/producto\/mouse-xiaomi-wireless-mode-silent-edition-mi-dual-black\/","title":{"rendered":"MOUSE XIAOMI WIRELESS MODE SILENT EDITION MI DUAL BLACK"},"content":{"rendered":"<p><img loading=\"lazy\" decoding=\"async\" class=\"\" src=\"https:\/\/1000marcas.net\/wp-content\/uploads\/2019\/12\/Xiaomi-Logo.png\" alt=\"Logo de Xiaomi: la historia y el significado del logotipo, la marca y el  s\u00edmbolo. | png, vector\" width=\"114\" height=\"64\" \/><\/p>\n<h1>WIRELESS MODE SILENT EDITION MI DUAL<\/h1>\n<p><span id=\"WHIPNRW\">Con\u00e9ctese de forma inal\u00e1mbrica con Bluetooth o con el min\u00fasculo receptor USB de 2.4 GHz que se encuentra en la cubierta inferior del mouse.\u00a0<\/span>Para que se puedan emparejar y trabajar sin problemas en 2 ordenadores, se puede cambiar libremente pulsando el bot\u00f3n de control de modo. Disfruta de un suave control del cursor, un seguimiento preciso y una f\u00e1cil selecci\u00f3n de texto por 1300 dpi.\u00a0Adem\u00e1s de poder cambiar libremente presionando el bot\u00f3n de control de modo dual.<\/p>\n<p>La reducci\u00f3n del ruido en el sonido de los clics, ayuda as\u00ed a disfrutar de un ambiente tranquilo para usted Deslizamiento y desplazamiento silencioso con una rueda de goma suave Dos botones laterales que puedes usar para controlar el avance y retroceso de la p\u00e1gina para aumentar la productividad. S\u00f3lo para Windows 8 o superior. Hasta 12 meses de duraci\u00f3n de la bater\u00eda con 2 pilas triple A.<\/p>\n<p>&nbsp;<\/p>\n<p><b>Conexi\u00f3n de modo dual<\/b><\/p>\n<p>\u2022 Con\u00e9ctese de forma inal\u00e1mbrica con Bluetooth o el<br \/>\npeque\u00f1o receptor USB de 2.4 GHz en la cubierta inferior del<br \/>\nmouse.<\/p>\n<p>\u2022 Permitiendo emparejarse y trabajar sin problemas en 2<br \/>\ncomputadoras, cambie libremente presionando el<br \/>\nbot\u00f3n de control de modo.<\/p>\n<p>&nbsp;<\/p>\n<p><b>Seguimiento de alta precisi\u00f3n<\/b><\/p>\n<p>\u2022 Disfrute de un nuevo control suave del cursor, un<br \/>\nseguimiento preciso y una f\u00e1cil selecci\u00f3n de texto de 1300<br \/>\nppp.<\/p>\n<p>&nbsp;<\/p>\n<p><b>Operaci\u00f3n ultra silenciosa<\/b><\/p>\n<p>\u2022 La reducci\u00f3n de ruido en el sonido del clic, ayuda a<br \/>\ndisfrutar de un ambiente tranquilo para usted y sus<br \/>\nvecinos.<\/p>\n<p>\u2022 Deslizamiento y desplazamiento silencioso con<br \/>\nrueda de goma suave.<\/p>\n<p>&nbsp;<\/p>\n<p><b>Control de bot\u00f3n lateral<\/b><\/p>\n<p>\u2022 Dos botones laterales que puede usar para controlar<br \/>\navance \/ retroceso de la p\u00e1gina para aumentar la<br \/>\nproductividad. Solo para Windows 8 o superior.<\/p>\n<p>&nbsp;<\/p>\n<p><b>Dise\u00f1o Ergon\u00f3mico<\/b><\/p>\n<p>\u2022 La elegante curva del cuerpo cabe naturalmente en la palma<br \/>\nde tu mano.<\/p>\n<p>\u2022 Tama\u00f1o ligero y compacto que es f\u00e1cil de usar y transportar.<br \/>\n\u2022 El acabado suave de pintura UV y la textura de puntos en el<br \/>\nlateral ofrecen m\u00e1s comodidad para el uso durante todo el<br \/>\nd\u00eda.<\/p>\n<p>&nbsp;<\/p>\n<p><b>Bajo consumo de energ\u00eda<\/b><\/p>\n<p>\u2022 Duraci\u00f3n de la bater\u00eda de hasta 12 meses con 2 bater\u00edas AAA<br \/>\nno incluidas<\/p>\n<p><b>Especificaciones:<\/b><\/p>\n<p><strong>Modelo:<\/strong> WXSMSBMW02.<br \/>\n<strong>Dimensiones:<\/strong> 112.7\u00d762.7\u00d736.8mm.<br \/>\n<strong>Peso neto:<\/strong> Approx. 93 g.<br \/>\n<strong>Material:<\/strong> ABS &amp; PC.<br \/>\n<strong>Color:<\/strong> Negro.<br \/>\n<strong>Conectividad inalambrica:<\/strong> Bluetooth 4.2 &amp; RF 2.4GHz.<br \/>\n<strong>Alcance inal\u00e1mbrico:<\/strong> Hasta 8m.<br \/>\n<strong>Nombre del dispositivo Bluetooth:<\/strong> Mi Silent Mouse.<br \/>\n<strong>Bater\u00eda:<\/strong> 2 baterias AAA no incluidas.<br \/>\n<strong>Compatible con:<\/strong> Windows10, macOS10.10, orAndroid 6.0 y above.<\/p>\n","protected":false},"excerpt":{"rendered":"<p>WIRELESS MODE SILENT EDITION MI DUAL Con\u00e9ctese de forma inal\u00e1mbrica con Bluetooth o con el min\u00fasculo receptor USB de 2.4<\/p>\n","protected":false},"featured_media":82232,"comment_status":"open","ping_status":"closed","template":"","meta":{"nf_dc_page":""},"product_brand":[977],"product_cat":[92],"product_tag":[991],"class_list":{"0":"post-82231","1":"product","2":"type-product","3":"status-publish","4":"has-post-thumbnail","6":"product_brand-xiaomi","7":"product_cat-informatica","8":"product_tag-991","10":"first","11":"outofstock","12":"shipping-taxable","13":"purchasable","14":"product-type-simple"},"_links":{"self":[{"href":"https:\/\/brandss.com.py\/index\/wp-json\/wp\/v2\/product\/82231","targetHints":{"allow":["GET"]}}],"collection":[{"href":"https:\/\/brandss.com.py\/index\/wp-json\/wp\/v2\/product"}],"about":[{"href":"https:\/\/brandss.com.py\/index\/wp-json\/wp\/v2\/types\/product"}],"replies":[{"embeddable":true,"href":"https:\/\/brandss.com.py\/index\/wp-json\/wp\/v2\/comments?post=82231"}],"version-history":[{"count":1,"href":"https:\/\/brandss.com.py\/index\/wp-json\/wp\/v2\/product\/82231\/revisions"}],"predecessor-version":[{"id":82240,"href":"https:\/\/brandss.com.py\/index\/wp-json\/wp\/v2\/product\/82231\/revisions\/82240"}],"wp:featuredmedia":[{"embeddable":true,"href":"https:\/\/brandss.com.py\/index\/wp-json\/wp\/v2\/media\/82232"}],"wp:attachment":[{"href":"https:\/\/brandss.com.py\/index\/wp-json\/wp\/v2\/media?parent=82231"}],"wp:term":[{"taxonomy":"product_brand","embeddable":true,"href":"https:\/\/brandss.com.py\/index\/wp-json\/wp\/v2\/product_brand?post=82231"},{"taxonomy":"product_cat","embeddable":true,"href":"https:\/\/brandss.com.py\/index\/wp-json\/wp\/v2\/product_cat?post=82231"},{"taxonomy":"product_tag","embeddable":true,"href":"https:\/\/brandss.com.py\/index\/wp-json\/wp\/v2\/product_tag?post=82231"}],"curies":[{"name":"wp","href":"https:\/\/api.w.org\/{rel}","templated":true}]}}