{"id":82272,"date":"2025-05-17T17:07:38","date_gmt":"2025-05-17T17:07:38","guid":{"rendered":"https:\/\/brandss.com.py\/index\/?post_type=product&#038;p=82272"},"modified":"2025-05-17T17:09:14","modified_gmt":"2025-05-17T17:09:14","slug":"auricular-klip-xtreme-zoundtune-inalambrico-kwh-010bk-black","status":"publish","type":"product","link":"https:\/\/brandss.com.py\/index\/producto\/auricular-klip-xtreme-zoundtune-inalambrico-kwh-010bk-black\/","title":{"rendered":"AURICULAR KLIP XTREME ZOUNDTUNE INAL\u00c1MBRICO KWH-010BK BLACK"},"content":{"rendered":"<p><img loading=\"lazy\" decoding=\"async\" class=\"\" src=\"https:\/\/www.accvent.com\/wp-content\/uploads\/2020\/03\/Logo-Klipxtreme-Colo-Color-Full.png\" alt=\"La transformaci\u00f3n de la marca \u2013 Accvent LLC\" width=\"144\" height=\"111\" \/><\/p>\n<h1>ZOUNDTUNE<\/h1>\n<p>Mu\u00e9vete libremente y con estilo con los Aud\u00edfonos de Diadema Inal\u00e1mbricos KLIP XTREME ZoundTune negro, Ligeros y s\u00faper c\u00f3modos, estos auriculares le dar\u00e1n a tu m\u00fasica un sonido potente y te permitir\u00e1n controlar tus llamadas telef\u00f3nicas sin perder tu ritmo vital. Ya sea camino a clases, en el trabajo o en la carretera, estos aud\u00edfonos te cubrir\u00e1n con una bater\u00eda de m\u00e1s de 25 horas de duraci\u00f3n. \u00a1C\u00f3mpralos ya y dale un nuevo aire a tu m\u00fasica!<\/p>\n<ul class=\"tab-details__keyFeatures--list\">\n<li class=\"tab-details__keyFeatures--item\">Dise\u00f1o liviano, compacto y plegable para un ajuste perfecto<\/li>\n<li class=\"tab-details__keyFeatures--item\">Llamadas claras gracias a su Micr\u00f3fono omnidireccional<\/li>\n<li class=\"tab-details__keyFeatures--item\">Botones integrados para controlar la reproducci\u00f3n de m\u00fasica<\/li>\n<li class=\"tab-details__keyFeatures--item\">Hasta 25 horas de reproducci\u00f3n de audio con una sola carga<\/li>\n<li class=\"tab-details__keyFeatures--item\">Ampl\u00eda la diversi\u00f3n con el cable de audio auxiliar 3.5mm<img loading=\"lazy\" decoding=\"async\" class=\"alignleft\" src=\"https:\/\/www.ktronix.com\/medias\/798302092075-009-750Wx750H?context=bWFzdGVyfGltYWdlc3w1ODYzNHxpbWFnZS93ZWJwfGFHVXpMMmhtWXk4eE5EZzROakV6T0RnM01UZ3pPQzgzT1Rnek1ESXdPVEl3TnpWZk1EQTVYemMxTUZkNE56VXdTQXxmMjRhNGM3YmY5M2M1N2VjZTMyNTJmYjc4ZWRmZTQxZjViNzg0ZjkxNTYyZjg2MmQ1NDk2YTQxNDIzMmM0YjA0\" width=\"613\" height=\"613\" \/><\/li>\n<\/ul>\n<div class=\"col-12 col-sm-6 pb-2 mb-2\"><img decoding=\"async\" src=\"https:\/\/klip-xtreme-frontend.s3.amazonaws.com\/media\/img\/Icon-Headphone-grupo.png\" alt=\"Aud\u00edfono\" height=\"25px\" \/> <span style=\"color: #1b1919;font-size: 12px\">Aud\u00edfono<\/span><\/p>\n<div>\n<ul>\n<li><strong>Factor de forma:<\/strong>\u00a0Supra-aural<\/li>\n<li><strong>Unidad de auriculares:<\/strong>\u00a040mm<\/li>\n<li><strong>M\u00e1xima potencia de salida:<\/strong>\u00a020mW (x2)<\/li>\n<li><strong>Frecuencia:<\/strong>\u00a0100HZ-20KHz<\/li>\n<li><strong>Impedancia:<\/strong>\u00a032\u03a9<\/li>\n<li><strong>Sensibilidad:<\/strong>\u00a0110\u00b13dB<\/li>\n<\/ul>\n<\/div>\n<\/div>\n<div class=\"col-12 col-sm-6 pb-2 mb-2\"><img decoding=\"async\" src=\"https:\/\/klip-xtreme-frontend.s3.amazonaws.com\/media\/img\/Icon-Microphone-grupo.png\" alt=\"Micr\u00f3fono\" height=\"25px\" \/> <span style=\"color: #1b1919;font-size: 12px\">Micr\u00f3fono<\/span><\/p>\n<div>\n<ul>\n<li><strong>Factor de forma:<\/strong>\u00a0Incorporado<\/li>\n<li><strong>Directividad:<\/strong>\u00a0Omnidireccional<\/li>\n<li><strong>Frecuencia:<\/strong>\u00a0100Hz-10Hz<\/li>\n<li><strong>Impedancia:<\/strong>\u00a0680\u03a9<\/li>\n<li><strong>Sensibilidad:<\/strong>\u00a0-42dB +-3dB<\/li>\n<li><strong>Control del volumen:\u00a0<\/strong>S\u00ed<\/li>\n<\/ul>\n<\/div>\n<\/div>\n<div class=\"col-12 col-sm-6 pb-2 mb-2\"><img decoding=\"async\" src=\"https:\/\/klip-xtreme-frontend.s3.amazonaws.com\/media\/img\/Icon-Connectivity-grupo.png\" alt=\"Conectividad\" height=\"25px\" \/> <span style=\"color: #1b1919;font-size: 12px\">Conectividad<\/span><\/p>\n<div>\n<ul>\n<li><strong>Tipo de conexi\u00f3n:<\/strong>\u00a0Compatible con Bluetooth<sup>\u00ae<\/sup>\u00a0v5.2 y puerto auxiliar de 3.5mm<\/li>\n<li><strong>Frecuencia de RF inal\u00e1mbrica:<\/strong>\u00a02.4GHz-2.480GHz<\/li>\n<li><strong>Alcance inal\u00e1mbrico:<\/strong>\u00a010m<sup>1<\/sup><\/li>\n<\/ul>\n<p><small class=\"\text-muted\">El logograma Bluetooth<sup>\u00ae<\/sup>\u00a0es propiedad de Bluetooth SIG, Inc. USB<br \/>\n<sup>1<\/sup>\u00a0El c\u00e1lculo del alcance se basa en un \u00e1rea libre de obst\u00e1culos e interferencias, y en una l\u00ednea recta entre dispositivos.<\/small><\/p>\n<\/div>\n<\/div>\n<div class=\"col-12 col-sm-6 pb-2 mb-2\"><img decoding=\"async\" src=\"https:\/\/klip-xtreme-frontend.s3.amazonaws.com\/media\/img\/Icon-Battery-grupo.png\" alt=\"Bater\u00eda\" height=\"25px\" \/> <span style=\"color: #1b1919;font-size: 12px\">Bater\u00eda<\/span><\/p>\n<div>\n<ul>\n<li><strong>Tipo:\u00a0<\/strong>500mAh, Bater\u00eda de litio (NiCoMn) O2<\/li>\n<li><strong>Tiempo de carga:\u00a0<\/strong>2 horas<\/li>\n<li><strong>Duraci\u00f3n<sup>2<\/sup>:\u00a0<\/strong>Volumen al 50%: Hasta 25 hrs. | Volumen al 100%: Hasta 15,5 hrs.<\/li>\n<li><strong>Tiempo en standby:\u00a0<\/strong>320 hrs.<\/li>\n<li><strong>Entrada de carga:\u00a0<\/strong>5V\/500mA &#8211; USB-C<sup>\u00ae<\/sup><\/li>\n<\/ul>\n<p><small class=\"\text-muted\">USB Type-C<sup>\u00ae<\/sup>\u00a0y USB-C<sup>\u00ae<\/sup>\u00a0son marcas comerciales registradas de USB Implementers Forum<br \/>\n<sup>2<\/sup>\u00a0El tiempo estimado depende del nivel de volumen y el tipo de archivos de audio que se reproduzca.<\/small><\/p>\n<\/div>\n<\/div>\n<div class=\"col-12 col-sm-6 pb-2 mb-2\"><img decoding=\"async\" src=\"https:\/\/klip-xtreme-frontend.s3.amazonaws.com\/media\/img\/Icon-Additional-information-grupo.png\" alt=\"Informaci\u00f3n adicional\" height=\"25px\" \/> <span style=\"color: #1b1919;font-size: 12px\">Informaci\u00f3n adicional<\/span><\/p>\n<div>\n<ul>\n<li><strong>Dimensiones del producto:\u00a0<\/strong>16,2 x 7,8 x 18,2 cm<\/li>\n<li><strong>Peso del producto:\u00a0<\/strong>188 g<\/li>\n<li><strong>Longitud del cable:\u00a0<\/strong>50 cm<\/li>\n<li><strong>Contenido del empaque:\u00a0<\/strong>Aud\u00edfonos | Cable de carga | Cable aux. de 3,5 mm | Manual de uso<\/li>\n<li><strong>Garant\u00eda:\u00a0<\/strong>Un a\u00f1o<\/li>\n<\/ul>\n<\/div>\n<\/div>\n","protected":false},"excerpt":{"rendered":"<p>ZOUNDTUNE Mu\u00e9vete libremente y con estilo con los Aud\u00edfonos de Diadema Inal\u00e1mbricos KLIP XTREME ZoundTune negro, Ligeros y s\u00faper c\u00f3modos,<\/p>\n","protected":false},"featured_media":82273,"comment_status":"open","ping_status":"closed","template":"","meta":{"nf_dc_page":""},"product_brand":[],"product_cat":[89],"product_tag":[],"class_list":{"0":"post-82272","1":"product","2":"type-product","3":"status-publish","4":"has-post-thumbnail","6":"product_cat-electronicos","8":"first","9":"instock","10":"shipping-taxable","11":"purchasable","12":"product-type-simple"},"_links":{"self":[{"href":"https:\/\/brandss.com.py\/index\/wp-json\/wp\/v2\/product\/82272","targetHints":{"allow":["GET"]}}],"collection":[{"href":"https:\/\/brandss.com.py\/index\/wp-json\/wp\/v2\/product"}],"about":[{"href":"https:\/\/brandss.com.py\/index\/wp-json\/wp\/v2\/types\/product"}],"replies":[{"embeddable":true,"href":"https:\/\/brandss.com.py\/index\/wp-json\/wp\/v2\/comments?post=82272"}],"version-history":[{"count":1,"href":"https:\/\/brandss.com.py\/index\/wp-json\/wp\/v2\/product\/82272\/revisions"}],"predecessor-version":[{"id":82279,"href":"https:\/\/brandss.com.py\/index\/wp-json\/wp\/v2\/product\/82272\/revisions\/82279"}],"wp:featuredmedia":[{"embeddable":true,"href":"https:\/\/brandss.com.py\/index\/wp-json\/wp\/v2\/media\/82273"}],"wp:attachment":[{"href":"https:\/\/brandss.com.py\/index\/wp-json\/wp\/v2\/media?parent=82272"}],"wp:term":[{"taxonomy":"product_brand","embeddable":true,"href":"https:\/\/brandss.com.py\/index\/wp-json\/wp\/v2\/product_brand?post=82272"},{"taxonomy":"product_cat","embeddable":true,"href":"https:\/\/brandss.com.py\/index\/wp-json\/wp\/v2\/product_cat?post=82272"},{"taxonomy":"product_tag","embeddable":true,"href":"https:\/\/brandss.com.py\/index\/wp-json\/wp\/v2\/product_tag?post=82272"}],"curies":[{"name":"wp","href":"https:\/\/api.w.org\/{rel}","templated":true}]}}