{"id":82300,"date":"2025-05-17T18:44:09","date_gmt":"2025-05-17T18:44:09","guid":{"rendered":"https:\/\/brandss.com.py\/index\/?post_type=product&#038;p=82300"},"modified":"2026-01-10T14:26:49","modified_gmt":"2026-01-10T14:26:49","slug":"altavoz-klip-xtreme-groovesplash-kbs-030pr-6w-purple","status":"publish","type":"product","link":"https:\/\/brandss.com.py\/index\/producto\/altavoz-klip-xtreme-groovesplash-kbs-030pr-6w-purple\/","title":{"rendered":"ALTAVOZ KLIP XTREME GROOVESPLASH KBS-030PR 6W PURPLE"},"content":{"rendered":"<p><img loading=\"lazy\" decoding=\"async\" class=\"\" src=\"https:\/\/www.accvent.com\/wp-content\/uploads\/2020\/03\/Logo-Klipxtreme-Colo-Color-Full.png\" alt=\"La transformaci\u00f3n de la marca \u2013 Accvent LLC\" width=\"116\" height=\"90\" \/><\/p>\n<h1>GROOVESPLASH<\/h1>\n<p>El sonido de un esp\u00edritu libre Todos conocemos a ese amigo que siempre es el alma de la fiesta, el que pone la m\u00fasica a todo volumen y hace que todos canten y bailen, el que siempre est\u00e1 dispuesto a vivir una aventura o un viaje por carretera improvisado en el \u00faltimo minuto. El\u00a0<strong>GrooveSplash<\/strong>\u00a0de Klip Xtreme es esa energ\u00eda, esa alegr\u00eda y ese esp\u00edritu libre en la forma de un parlante, el alma de toda fiesta. Es s\u00faper liviano y compacto, as\u00ed que m\u00e9telo en tu mochila, cu\u00e9lgalo por el cord\u00f3n del manubrio de tu bicicleta o simplemente c\u00e1rgalo en la palma de tu mano y ll\u00e9valo contigo al aire libre, sin importar el clima. Es resistente al agua, as\u00ed que no te preocupes, sigue ensayando esos nuevos pasos de baile bajo la lluvia, o bien entra a la playa con tu m\u00fasica, porque eres de los que cuando dice \u201cdivirt\u00e1monos\u201d, lo dice en serio.<br \/>\nNo importa si eres un aficionado a las fiestas en la piscina, si te inclinas m\u00e1s por las tertulias en la azotea o te encanta bailar en la calle para una multitud, sus 6 W de potencia siempre har\u00e1n sonar por todo lo alto tu lista de reproducci\u00f3n con un audio n\u00edtido y graves potentes gracias a la combinaci\u00f3n de un parlante de 45 mm y un radiador pasivo. Es compatible con Bluetooth\u00a0<sup>\u00ae<\/sup>\u00a0V5.3 y ha sido habilitado con tecnolog\u00eda TWS, as\u00ed que puedes emparejarlo con un segundo\u00a0<strong>GrooveSplash<\/strong>\u00a0si quieres ampliar la pista de baile y llenarla con tu m\u00fasica vibrando en est\u00e9reo. Y esa lista de reproducci\u00f3n \u201cMis favoritos\u201d que tanto te gusta, bueno, empieza a hacerla mucho m\u00e1s larga, porque tiene una bater\u00eda recargable incorporada que dura aproximadamente hasta 12 horas\u00a0<sup>3<\/sup>\u00a0de reproducci\u00f3n, para divertirte desde el atardecer hasta el amanecer.<\/p>\n<ul>\n<li>Parlante port\u00e1til de 6W resistente al agua con tecnolog\u00eda inal\u00e1mbrica compatible con Bluetooth\u00a0<sup>\u00ae<\/sup><\/li>\n<li>La tecnolog\u00eda TWS te permite transmitir audio a trav\u00e9s de dos unidades\u00a0<sup>4<\/sup>\u00a0id\u00e9nticas de manera simult\u00e1nea a una distancia de hasta 98 \u200b\u200bmetros, para crear una atm\u00f3sfera sonora en est\u00e9reo\u00a0<sup>2<\/sup>\u00a0.<\/li>\n<li>La bater\u00eda recargable integrada de 1500mAh ofrece aproximadamente hasta 12 horas de reproducci\u00f3n con una sola carga\u00a0<sup>3<\/sup>\u00a0.<\/li>\n<li>Clasificaci\u00f3n de protecci\u00f3n contra el agua IPX7\u00a0<sup>1<\/sup>\u00a0.<\/li>\n<li>El controlador de 45 mm ofrece una salida de sonido extraordinariamente potente y de alta calidad, complementada por un radiador pasivo de 45 x 40 mm que produce magn\u00edficos efectos de tumbas.<\/li>\n<li>El micr\u00f3fono integrado permite participar en conversaciones con manos libres con solo presionar un bot\u00f3n.<\/li>\n<li>Puerto USB-C\u00ae\u00a0<sup>para<\/sup>\u00a0una carga r\u00e1pida de 3 horas.<\/li>\n<li>El parlante tiene un dise\u00f1o liviano y compacto con una malla de tela resistente, una carcasa de goma suave y un pr\u00e1ctico cord\u00f3n para colgarlo de un gancho en tu mochila, en un banco del parque o en la rama de un \u00e1rbol, para que tu m\u00fasica te acompa\u00f1e all\u00e1 donde vayas.<\/li>\n<\/ul>\n<p class=\"line-small\"><small class=\"text-muted text-sm-left\"><sup>1<\/sup>\u00a0Puede sumergirse en agua hasta 1 metro durante 30 minutos.<br \/>\n<sup>2<\/sup>\u00a0La estimaci\u00f3n del alcance se basa en un \u00e1rea libre de obst\u00e1culos e interferencias, y dentro de la l\u00ednea de visi\u00f3n entre dispositivos.<br \/>\n<sup>3<\/sup>\u00a0Dependiendo del nivel de volumen y del tipo de archivos de audio que se est\u00e1n reproduciendo.<br \/>\n<sup>4<\/sup>\u00a0El segundo parlante no se incluye en el empaque. El TWS solo funciona con el mismo tipo de unidad.<\/small><\/p>\n<p class=\"line-small\"><small class=\"text-muted text-sm-left\">KlipXtreme\u00ae\u00a0\u00a0es marca registrada\u00a0<sup>.<\/sup>\u00a0Todos los derechos reservados. El nombre y el logograma Bluetooth\u00a0<sup>\u00ae<\/sup>\u00a0son marcas comerciales registradas propiedad de Bluetooth SIG, Inc. USB Type-C\u00a0<sup>\u00ae<\/sup>\u00a0y USB-C\u00a0<sup>\u00ae<\/sup>\u00a0son marcas comerciales registradas de USB Implementers Forum. Todas las dem\u00e1s marcas registradas y nombres comerciales son propiedad de sus respectivos due\u00f1os. Cualquier menci\u00f3n de estas se hace \u00fanicamente por motivo de identificaci\u00f3n y, por lo tanto, no constituye una adjudicaci\u00f3n de derechos, reconocimiento, patrocinio o afiliaci\u00f3n relacionados con esas marcas. Hecho en China.<\/small><\/p>\n<div class=\"col-12 col-sm-6 pb-2 mb-2\"><img decoding=\"async\" src=\"https:\/\/i0.wp.com\/klip-xtreme-frontend.s3.amazonaws.com\/media\/img\/Icon-Device-grupo.png?ssl=1\" alt=\"Dispositivo\" data-recalc-dims=\"1\" \/>\u00a0Dispositivo&nbsp;<\/p>\n<div>\n<ul>\n<li><strong>Tipo:<\/strong>\u00a0Parlante inal\u00e1mbrico port\u00e1til para exteriores<\/li>\n<li><strong>M\u00e1xima potencia de salida (RMS):<\/strong>\u00a06W<\/li>\n<li><strong>Entrada CC:<\/strong>\u00a05 V\/1 A<\/li>\n<\/ul>\n<\/div>\n<\/div>\n<div class=\"col-12 col-sm-6 pb-2 mb-2\"><img decoding=\"async\" src=\"https:\/\/i0.wp.com\/klip-xtreme-frontend.s3.amazonaws.com\/media\/img\/Icon-Highlighted-Features-grupo.png?ssl=1\" alt=\"Caracter\u00edsticas especiales\" data-recalc-dims=\"1\" \/>\u00a0Caracter\u00edsticas especiales&nbsp;<\/p>\n<div>\n<ul>\n<li><strong>Clasificaci\u00f3n de resistencia al agua:<\/strong>\u00a0Resistente al agua: IPX7\u00a0<sup>1<\/sup><\/li>\n<li><strong>Modalidad de manos libres:<\/strong>\u00a0S\u00ed<\/li>\n<li><strong>Verdadera Conexi\u00f3n Inal\u00e1mbrica\u00a0<\/strong><strong>Est\u00e9reo (TWS):<\/strong>\u00a0S\u00ed\u00a0<sup>4<\/sup><\/li>\n<\/ul>\n<p><small class=\"\text-muted\"><sup>1<\/sup>\u00a0Puede sumergirse en agua hasta 1 metro durante 30 minutos.<br \/>\n<sup>4<\/sup>\u00a0El segundo parlante no se incluye en el empaque. El TWS solo funciona con el mismo tipo de unidad.<\/small><\/p>\n<\/div>\n<\/div>\n<div class=\"col-12 col-sm-6 pb-2 mb-2\"><img decoding=\"async\" src=\"https:\/\/i0.wp.com\/klip-xtreme-frontend.s3.amazonaws.com\/media\/img\/Icon-Speaker-grupo.png?ssl=1\" alt=\"Parlante\" data-recalc-dims=\"1\" \/>\u00a0Parlante&nbsp;<\/p>\n<div>\n<ul>\n<li><strong>Unidades de parlantes:<\/strong>\u00a06W (\u00d845mm) y un radiador pasivo de 45 x 40 mm<\/li>\n<li><strong>Potencia de salida (RMS):<\/strong>\u00a06W<\/li>\n<li><strong>Frecuencia:<\/strong>\u00a080Hz-18KHz<\/li>\n<li><strong>Impedancia:<\/strong>\u00a04\u03a9<\/li>\n<li><strong>Sensibilidad:<\/strong>\u00a0200mV<\/li>\n<li><strong>Relaci\u00f3n se\u00f1al-ruido:<\/strong>\u00a0\u226570dB<\/li>\n<li><strong>Distorsi\u00f3n arm\u00f3nica total:<\/strong>\u00a0\u22641%<\/li>\n<\/ul>\n<\/div>\n<\/div>\n<div class=\"col-12 col-sm-6 pb-2 mb-2\"><img decoding=\"async\" src=\"https:\/\/i0.wp.com\/klip-xtreme-frontend.s3.amazonaws.com\/media\/img\/Icon-Microphone-grupo.png?ssl=1\" alt=\"Micr\u00f3fono\" data-recalc-dims=\"1\" \/>\u00a0Micr\u00f3fono&nbsp;<\/p>\n<div>\n<ul>\n<li><strong>Directividad:<\/strong>\u00a0Omnidireccional<\/li>\n<li><strong>Frecuencia:<\/strong>\u00a0100Hz-5000Hz<\/li>\n<li><strong>Impedancia:<\/strong>\u00a0M\u00e1x. 2,2 K\u03a9<\/li>\n<li><strong>Sensibilidad:<\/strong>\u00a0-38dB<\/li>\n<\/ul>\n<\/div>\n<\/div>\n<div class=\"col-12 col-sm-6 pb-2 mb-2\"><img decoding=\"async\" src=\"https:\/\/i0.wp.com\/klip-xtreme-frontend.s3.amazonaws.com\/media\/img\/Icon-Connectivity-grupo.png?ssl=1\" alt=\"Conectividad\" data-recalc-dims=\"1\" \/>\u00a0Conectividad&nbsp;<\/p>\n<div>\n<ul>\n<li><strong>Tipo de conexi\u00f3n:<\/strong>\u00a0Compatible con\u00a0<sup>Bluetooth\u00ae<\/sup>\u00a0V5.3<\/li>\n<li><strong>Frecuencia RF inal\u00e1mbrica:<\/strong>\u00a02402~2480MHz<\/li>\n<li><strong>Conexi\u00f3n inal\u00e1mbrica:<\/strong>\u00a0Hasta 9,75 m de distancia\u00a0<sup>2<\/sup><\/li>\n<\/ul>\n<p><small class=\"\text-muted\">El nombre y el logograma Bluetooth\u00a0<sup>\u00ae<\/sup>\u00a0son marcas comerciales registradas propiedad de Bluetooth SIG, Inc.<br \/>\n<sup>2<\/sup>\u00a0La estimaci\u00f3n del alcance se basa en un \u00e1rea libre de obst\u00e1culos e interferencias, y dentro de la l\u00ednea de visi\u00f3n entre dispositivos.<\/small><\/p>\n<\/div>\n<\/div>\n<div class=\"col-12 col-sm-6 pb-2 mb-2\"><img decoding=\"async\" src=\"https:\/\/i0.wp.com\/klip-xtreme-frontend.s3.amazonaws.com\/media\/img\/Icon-Battery-grupo.png?ssl=1\" alt=\"Bater\u00eda\" data-recalc-dims=\"1\" \/>\u00a0Bater\u00eda&nbsp;<\/p>\n<div>\n<ul>\n<li><strong>Tipo de bater\u00eda:<\/strong>\u00a0Bater\u00eda de litio 3,7V\/1500mAh<\/li>\n<li><strong>Tiempo de carga de la bater\u00eda:<\/strong>\u00a03 horas<\/li>\n<li><strong>Tiempo de funcionamiento de la\u00a0<\/strong><strong>bater\u00eda (100% del volumen):<\/strong>\u00a04,5h\u00a0<sup>3<\/sup><\/li>\n<li><strong>Tiempo de funcionamiento de la\u00a0<\/strong><strong>bater\u00eda (50% del volumen):<\/strong>\u00a012h\u00a0<sup>3<\/sup><\/li>\n<li><strong>Tiempo de espera de la bater\u00eda:<\/strong>\u00a045h\u00a0<sup>3<\/sup><\/li>\n<li><strong>M\u00e9todo de carga de la bater\u00eda:<\/strong>\u00a0USB-C\u00a0<sup>\u00ae<\/sup>\u00a05V CC<\/li>\n<\/ul>\n<p><small class=\"\text-muted\">USB Tipo-C\u00a0<sup>\u00ae<\/sup>\u00a0y USB-C\u00a0<sup>\u00ae<\/sup>\u00a0son marcas registradas de USB Implementers Forum.<br \/>\n<sup>3<\/sup>\u00a0Dependiendo del nivel de volumen y del tipo de archivos de audio que se est\u00e1n reproduciendo.<\/small><\/p>\n<\/div>\n<\/div>\n<div class=\"col-12 col-sm-6 pb-2 mb-2\"><img decoding=\"async\" src=\"https:\/\/i0.wp.com\/klip-xtreme-frontend.s3.amazonaws.com\/media\/img\/Icon-Additional-information-grupo.png?ssl=1\" alt=\"Informaci\u00f3n adicional\" data-recalc-dims=\"1\" \/>\u00a0Informaci\u00f3n adicional&nbsp;<\/p>\n<div>\n<ul>\n<li><strong>Color:<\/strong>\u00a0KBS-030BK (Negro), KBS-030PR (P\u00farpura), KBS-030GN (Verde) y KBS-030RD (Rojo)<\/li>\n<li><strong>Dimensiones del producto:<\/strong>\u00a012,2 x 7,3 x 4,3 cm<\/li>\n<li><strong>Peso del producto:<\/strong>\u00a0210 g<\/li>\n<li><strong>Longitud del cable:<\/strong>\u00a065 cm<\/li>\n<li><strong>Contenidos del embalaje:<\/strong>\u00a0Parlante, Cable de carga, Manual de usuario<\/li>\n<li><strong>Garant\u00eda:<\/strong>\u00a01 a\u00f1o<\/li>\n<\/ul>\n<\/div>\n<\/div>\n","protected":false},"excerpt":{"rendered":"<p>GROOVESPLASH El sonido de un esp\u00edritu libre Todos conocemos a ese amigo que siempre es el alma de la fiesta,<\/p>\n","protected":false},"featured_media":82302,"comment_status":"open","ping_status":"closed","template":"","meta":{"nf_dc_page":""},"product_brand":[],"product_cat":[89],"product_tag":[],"class_list":{"0":"post-82300","1":"product","2":"type-product","3":"status-publish","4":"has-post-thumbnail","6":"product_cat-electronicos","8":"first","9":"outofstock","10":"shipping-taxable","11":"purchasable","12":"product-type-simple"},"_links":{"self":[{"href":"https:\/\/brandss.com.py\/index\/wp-json\/wp\/v2\/product\/82300","targetHints":{"allow":["GET"]}}],"collection":[{"href":"https:\/\/brandss.com.py\/index\/wp-json\/wp\/v2\/product"}],"about":[{"href":"https:\/\/brandss.com.py\/index\/wp-json\/wp\/v2\/types\/product"}],"replies":[{"embeddable":true,"href":"https:\/\/brandss.com.py\/index\/wp-json\/wp\/v2\/comments?post=82300"}],"version-history":[{"count":1,"href":"https:\/\/brandss.com.py\/index\/wp-json\/wp\/v2\/product\/82300\/revisions"}],"predecessor-version":[{"id":82309,"href":"https:\/\/brandss.com.py\/index\/wp-json\/wp\/v2\/product\/82300\/revisions\/82309"}],"wp:featuredmedia":[{"embeddable":true,"href":"https:\/\/brandss.com.py\/index\/wp-json\/wp\/v2\/media\/82302"}],"wp:attachment":[{"href":"https:\/\/brandss.com.py\/index\/wp-json\/wp\/v2\/media?parent=82300"}],"wp:term":[{"taxonomy":"product_brand","embeddable":true,"href":"https:\/\/brandss.com.py\/index\/wp-json\/wp\/v2\/product_brand?post=82300"},{"taxonomy":"product_cat","embeddable":true,"href":"https:\/\/brandss.com.py\/index\/wp-json\/wp\/v2\/product_cat?post=82300"},{"taxonomy":"product_tag","embeddable":true,"href":"https:\/\/brandss.com.py\/index\/wp-json\/wp\/v2\/product_tag?post=82300"}],"curies":[{"name":"wp","href":"https:\/\/api.w.org\/{rel}","templated":true}]}}