{"id":82310,"date":"2025-05-19T10:59:46","date_gmt":"2025-05-19T10:59:46","guid":{"rendered":"https:\/\/brandss.com.py\/index\/?post_type=product&#038;p=82310"},"modified":"2025-12-15T11:40:03","modified_gmt":"2025-12-15T11:40:03","slug":"auricular-g-tide-ows-8-inalambrico-bt-mic-black","status":"publish","type":"product","link":"https:\/\/brandss.com.py\/index\/producto\/auricular-g-tide-ows-8-inalambrico-bt-mic-black\/","title":{"rendered":"AURICULAR G-TIDE OWS 8 INAL\u00c1MBRICO BT\/ MIC BLACK"},"content":{"rendered":"<p><img loading=\"lazy\" decoding=\"async\" class=\"\" src=\"https:\/\/gtide.com.br\/wp-content\/uploads\/2024\/04\/gtideazul.svg\" alt=\"REJOJ UNISEX G-TIDE SMARTWATCH R3 BLACK - Brands\" width=\"106\" height=\"41\" \/><\/p>\n<h1>OWS 8<\/h1>\n<p>Los aud\u00edfonos G-Tide OWS 8 son la opci\u00f3n ideal para quienes buscan una combinaci\u00f3n de calidad de sonido, comodidad y estilo. Con tecnolog\u00eda True Wireless y Bluetooth 5.4, ofrecen una experiencia auditiva estable y sin interrupciones, permitiendo un uso prolongado gracias a su dise\u00f1o ergon\u00f3mico OpenWear.<\/p>\n<p><strong>Dise\u00f1o ergon\u00f3mico y moderno:<\/strong><\/p>\n<p>Los G-Tide OWS 8 est\u00e1n dise\u00f1ados para adaptarse c\u00f3modamente a tu o\u00eddo durante todo el d\u00eda, con un estilo moderno que complementa cualquier ocasi\u00f3n.<\/p>\n<p><strong>Uso ideal:<\/strong><\/p>\n<p>Son perfectos para trabajo remoto, llamadas n\u00edtidas, entrenamientos y actividades al aire libre, as\u00ed como para disfrutar de m\u00fasica y contenido multimedia en alta calidad.<\/p>\n<h3>\nCaracter\u00edsticas principales:<\/h3>\n<p><strong>Cancelaci\u00f3n de ruido:<\/strong> Elimina las distracciones externas, proporcionando un sonido claro y envolvente.<\/p>\n<p><strong>Sonido Hi-Fi Stereo:<\/strong> Calidad de audio superior para m\u00fasica, videos y llamadas.<\/p>\n<p><strong>Conexi\u00f3n True Wireless y Bluetooth 5.4:<\/strong> Garantiza una conexi\u00f3n estable y libre de cables para mayor comodidad.<\/p>\n<p><strong>Open Voice:<\/strong> Optimizado para llamadas claras y una comunicaci\u00f3n fluida.<\/p>\n<p><strong>Bater\u00eda de larga duraci\u00f3n:<\/strong> Hasta 6 horas de uso continuo y 24 horas con el estuche de carga.<\/p>\n<p><strong>Carga r\u00e1pida:<\/strong> Solo 1 hora para cargar completamente los aud\u00edfonos.<\/p>\n<p><strong>Sensores t\u00e1ctiles:<\/strong> Permite controlar m\u00fasica, llamadas y otras funciones con un toque.<\/p>\n<p><strong>Correa de regalo:<\/strong> Para mayor comodidad y un transporte seguro.<\/p>\n<h3>Especificaciones t\u00e9cnicas:<\/h3>\n<ul>\n<li>Capacidad del estuche: 500mAh.<\/li>\n<li>Capacidad de los aud\u00edfonos: 50mAh.<\/li>\n<li>Tiempo de carga: 1 hora.<\/li>\n<\/ul>\n","protected":false},"excerpt":{"rendered":"<p>OWS 8 Los aud\u00edfonos G-Tide OWS 8 son la opci\u00f3n ideal para quienes buscan una combinaci\u00f3n de calidad de sonido,<\/p>\n","protected":false},"featured_media":82311,"comment_status":"open","ping_status":"closed","template":"","meta":{"nf_dc_page":""},"product_brand":[1379],"product_cat":[89],"product_tag":[1382],"class_list":{"0":"post-82310","1":"product","2":"type-product","3":"status-publish","4":"has-post-thumbnail","6":"product_brand-g-tide","7":"product_cat-electronicos","8":"product_tag-1382","10":"first","11":"instock","12":"shipping-taxable","13":"purchasable","14":"product-type-simple"},"_links":{"self":[{"href":"https:\/\/brandss.com.py\/index\/wp-json\/wp\/v2\/product\/82310","targetHints":{"allow":["GET"]}}],"collection":[{"href":"https:\/\/brandss.com.py\/index\/wp-json\/wp\/v2\/product"}],"about":[{"href":"https:\/\/brandss.com.py\/index\/wp-json\/wp\/v2\/types\/product"}],"replies":[{"embeddable":true,"href":"https:\/\/brandss.com.py\/index\/wp-json\/wp\/v2\/comments?post=82310"}],"version-history":[{"count":1,"href":"https:\/\/brandss.com.py\/index\/wp-json\/wp\/v2\/product\/82310\/revisions"}],"predecessor-version":[{"id":82318,"href":"https:\/\/brandss.com.py\/index\/wp-json\/wp\/v2\/product\/82310\/revisions\/82318"}],"wp:featuredmedia":[{"embeddable":true,"href":"https:\/\/brandss.com.py\/index\/wp-json\/wp\/v2\/media\/82311"}],"wp:attachment":[{"href":"https:\/\/brandss.com.py\/index\/wp-json\/wp\/v2\/media?parent=82310"}],"wp:term":[{"taxonomy":"product_brand","embeddable":true,"href":"https:\/\/brandss.com.py\/index\/wp-json\/wp\/v2\/product_brand?post=82310"},{"taxonomy":"product_cat","embeddable":true,"href":"https:\/\/brandss.com.py\/index\/wp-json\/wp\/v2\/product_cat?post=82310"},{"taxonomy":"product_tag","embeddable":true,"href":"https:\/\/brandss.com.py\/index\/wp-json\/wp\/v2\/product_tag?post=82310"}],"curies":[{"name":"wp","href":"https:\/\/api.w.org\/{rel}","templated":true}]}}