{"id":82319,"date":"2025-05-19T11:57:59","date_gmt":"2025-05-19T11:57:59","guid":{"rendered":"https:\/\/brandss.com.py\/index\/?post_type=product&#038;p=82319"},"modified":"2025-05-19T11:59:03","modified_gmt":"2025-05-19T11:59:03","slug":"rejoj-unisex-g-tide-smartwatch-q1-pink","status":"publish","type":"product","link":"https:\/\/brandss.com.py\/index\/producto\/rejoj-unisex-g-tide-smartwatch-q1-pink\/","title":{"rendered":"REJOJ UNISEX G-TIDE SMARTWATCH Q1 PINK"},"content":{"rendered":"<p><img loading=\"lazy\" decoding=\"async\" class=\"\" src=\"https:\/\/gtide.com.br\/wp-content\/uploads\/2024\/04\/gtideazul.svg\" alt=\"REJOJ UNISEX G-TIDE SMARTWATCH R3 BLACK - Brands\" width=\"85\" height=\"33\" \/><\/p>\n<h1>Q1<\/h1>\n<div class=\"celwidget aplus-module 3p-module-b aplus-standard\" data-csa-c-id=\"j8m4kg-syk92o-v3zupz-8c9fda\" data-cel-widget=\"aplus-3p-module-b\">\n<div class=\"aplus-module-wrapper aplus-3p-fixed-width\">\n<h3 class=\"a-spacing-mini\">G-TiDE Q1 Smart Watch, pantalla grande HD de 1.8 pulgadas, haz y responde llamadas<\/h3>\n<p class=\"a-spacing-base\">Con control de voz inteligente y una funci\u00f3n de bloqueo de contrase\u00f1a, lo que te da una experiencia de vida m\u00e1s c\u00f3moda.<\/p>\n<p class=\"a-spacing-base\">Reloj inteligente con llamadas Bluetooth: Hacer y responder llamadas\/recibir mensajes\/notificaciones SNS [Leer pero no puede responder mensajes].<\/p>\n<p class=\"a-spacing-base\">Calidad de llamada Bluetooth clara y micr\u00f3fono, libera tus manos en cualquier momento y en cualquier lugar, y hace que responder y hacer llamadas sea m\u00e1s eficiente, y f\u00e1cil de tratar en casa, trabajo, deportes y otros escenarios. Puedes mantener tu tel\u00e9fono en tu bolsillo sin perder ninguna llamada o mensaje importante<\/p>\n<p class=\"a-spacing-base\">El reloj inteligente no solo se puede utilizar por s\u00ed mismo, sino tambi\u00e9n como un regalo para familiares, amigos, amantes y ni\u00f1os en varios festivales, todas las cuales son las mejores opciones.<\/p>\n<\/div>\n<\/div>\n<div class=\"celwidget aplus-module 3p-module-b aplus-standard\" data-csa-c-id=\"puj90l-h8ol53-spsohk-81ivez\" data-cel-widget=\"aplus-3p-module-b\">\n<div class=\"aplus-module-wrapper aplus-3p-fixed-width\"><img loading=\"lazy\" decoding=\"async\" class=\"a-spacing-base alignleft\" src=\"https:\/\/m.media-amazon.com\/images\/S\/aplus-media-library-service-media\/8f4fc6a2-06e4-470a-9f86-02898f2d25e5.__CR0,0,970,600_PT0_SX970_V1___.jpg\" alt=\"smartwatch\" width=\"569\" height=\"352\" data-src=\"https:\/\/m.media-amazon.com\/images\/S\/aplus-media-library-service-media\/8f4fc6a2-06e4-470a-9f86-02898f2d25e5.__CR0,0,970,600_PT0_SX970_V1___.jpg\" \/><\/p>\n<h3 class=\"a-spacing-mini\">Tu mejor compa\u00f1ero de fitness, m\u00e1s de 100 deportes toman m\u00e1s<\/h3>\n<p class=\"a-spacing-base\">El reloj inteligente G-TiDE Q1 proporciona 110 modos deportivos (deportes de interior, deportes al aire libre, deportes de nieve, juegos de pelota, deportes de baile, deportes de combate, etc. ). Puedes comprobar los pasos del ejercicio, la distancia, la velocidad, el cambio de frecuencia card\u00edaca, las calor\u00edas quemadas, el tiempo de ejercicio, etc. en el reloj rastreador de actividad o la aplicaci\u00f3n &#8220;GT Fit Pro&#8221; para ayudarte a registrar datos mientras haces ejercicio, para que puedas obtener cifras perfectas y hacer ejercicio m\u00e1s profesionalmente.<\/p>\n<p class=\"a-spacing-base\">Se incluyen 110 deportes: correr, b\u00e9isbol, \u00e1rea de grupo, baloncesto, ciclismo, senderismo, caminar, hula hooping, b\u00e1dminton, tenis, voleibol, sentadillas, golf, rugby, saltar cuerda, tenis de mesa, cinta de correr y yoga. El reloj inteligente Q1 cuenta con un cron\u00f3metro, temporizador de cuenta atr\u00e1s y funci\u00f3n de temporizador. Utiliza la funci\u00f3n de cron\u00f3metro en el reloj para realizar un seguimiento del tiempo de ejercicio, pero por supuesto, tambi\u00e9n se puede utilizar para calcular otras cosas m\u00e1s involucradas. Satisface a la mayor\u00eda de los entusiastas del deporte y registra con precisi\u00f3n las calor\u00edas, pasos, tiempo, distancia y otros datos de cada deporte para comprender completamente tu estado de ejercicio.<\/p>\n<\/div>\n<\/div>\n<div class=\"celwidget aplus-module 3p-module-b aplus-standard\" data-csa-c-id=\"rg211q-79gqih-elzcew-shf241\" data-cel-widget=\"aplus-3p-module-b\">\n<div class=\"aplus-module-wrapper aplus-3p-fixed-width\"><img loading=\"lazy\" decoding=\"async\" class=\"a-spacing-base alignright\" src=\"https:\/\/m.media-amazon.com\/images\/S\/aplus-media-library-service-media\/664ed2e4-0cee-4f8e-aa9d-d5d0a4594810.__CR0,0,970,600_PT0_SX970_V1___.jpg\" alt=\"Reloj inteligente con funci\u00f3n de llamada Bluetooth\" width=\"588\" height=\"364\" data-src=\"https:\/\/m.media-amazon.com\/images\/S\/aplus-media-library-service-media\/664ed2e4-0cee-4f8e-aa9d-d5d0a4594810.__CR0,0,970,600_PT0_SX970_V1___.jpg\" \/><\/p>\n<h3 class=\"a-spacing-mini\">\u00a1Funciones m\u00e1s pr\u00e1cticas est\u00e1n esperando a que explores!<\/h3>\n<p class=\"a-spacing-base\">Funciones m\u00e1s pr\u00e1cticas: Llamadas Bluetooth, notificaciones de mensajes, frecuencia card\u00edaca, monitor de ox\u00edgeno en sangre, monitor de sue\u00f1o, prueba de presi\u00f3n, salud femenina, entrenamiento de respiraci\u00f3n, bloqueo de contrase\u00f1a, juegos, ajuste de intensidad de vibraci\u00f3n, temporizador, asistente de voz, calculadora, control de m\u00fasica, reloj despertador, cron\u00f3metro, recordatorio de sedentarismo, dial personalizado, clima, encontrar tel\u00e9fono, agitar para tomar un foto\/No molestar Modo B, modo de ahorro de energ\u00eda, ajuste de brillo, tiempo de pantalla brillante, etc. para satisfacer tus necesidades diarias.<\/p>\n<\/div>\n<\/div>\n<div class=\"celwidget aplus-module 3p-module-b aplus-standard\" data-csa-c-id=\"ocns3a-y3l8rc-tywi9t-i0xs9f\" data-cel-widget=\"aplus-3p-module-b\">\n<div class=\"aplus-module-wrapper aplus-3p-fixed-width\"><img loading=\"lazy\" decoding=\"async\" class=\"a-spacing-base alignleft\" src=\"https:\/\/m.media-amazon.com\/images\/S\/aplus-media-library-service-media\/b450e600-7f98-4968-8353-751081c0f75b.__CR0,0,970,600_PT0_SX970_V1___.jpg\" alt=\"reloj inteligente apple ritmo card\u00edaco\" width=\"655\" height=\"405\" data-src=\"https:\/\/m.media-amazon.com\/images\/S\/aplus-media-library-service-media\/b450e600-7f98-4968-8353-751081c0f75b.__CR0,0,970,600_PT0_SX970_V1___.jpg\" \/><\/p>\n<h3 class=\"a-spacing-mini\">Gerente de Salud &#8211; Cuida siempre tu salud<\/h3>\n<p class=\"a-spacing-base\">Monitoreo completo de la salud. Monitoreo de frecuencia card\u00edaca\/ox\u00edgeno en sangre\/seguimiento del sue\u00f1o\/seguimiento del ciclo menstrual.<\/p>\n<p class=\"a-spacing-base\">Puede ver su informe de an\u00e1lisis de salud a trav\u00e9s de la aplicaci\u00f3n &#8220;GT Fit Pro&#8221;, para que pueda comprender mejor su condici\u00f3n corporal y hacer ajustes razonables a su estilo de vida.<\/p>\n<p class=\"a-spacing-base\">*Nota:<\/p>\n<p class=\"a-spacing-base\">Los datos de medici\u00f3n y los resultados de este reloj inteligente son solo para referencia y no se pueden utilizar como base para el diagn\u00f3stico o el tratamiento.<\/p>\n<\/div>\n<\/div>\n<div class=\"celwidget aplus-module module-9 aplus-standard\" data-csa-c-id=\"scqtn9-gmuo8q-ymtdmp-z7lyet\" data-cel-widget=\"aplus-module-9\">\n<div class=\"aplus-module-wrapper apm-fixed-width apm-spacing\">\n<div class=\"apm-flex\">\n<div class=\"apm-flex-item-third-width\">\n<p class=\"apm-text-center\"><img decoding=\"async\" class=\"a-spacing-mini alignleft\" src=\"https:\/\/m.media-amazon.com\/images\/S\/aplus-media-library-service-media\/15b8c4e2-b3a6-4be0-bcee-3f5cec018406.__CR0,0,300,300_PT0_SX300_V1___.jpg\" alt=\"reloj inteligente para iphone android\" data-src=\"https:\/\/m.media-amazon.com\/images\/S\/aplus-media-library-service-media\/15b8c4e2-b3a6-4be0-bcee-3f5cec018406.__CR0,0,300,300_PT0_SX300_V1___.jpg\" \/><\/p>\n<h4><\/h4>\n<h4 class=\"a-spacing-mini\">Llamada Bluetooth y notificaci\u00f3n inteligente<\/h4>\n<p>Los relojes para hombre tienen un micr\u00f3fono y altavoz, puedes hacer llamadas f\u00e1cilmente y hablar entre s\u00ed con BLE5.2+BT3.0. Cuando el rastreador de fitness se conecta al smartphone, vibrar\u00e1 para alertarte cuando tengas notificaciones entrantes como llamadas, correos electr\u00f3nicos, SMS, QQ, WeChat, WhatsApp, Facebook, Twitter, Line, Skype, Instagram y Messenger.<\/p>\n<\/div>\n<div class=\"apm-flex-item-third-width\">\n<p class=\"apm-text-center\"><img decoding=\"async\" class=\"a-spacing-mini alignright\" src=\"https:\/\/m.media-amazon.com\/images\/S\/aplus-media-library-service-media\/6ba533f0-f892-474a-8db6-db935ce5e9a2.__CR0,0,300,300_PT0_SX300_V1___.jpg\" alt=\"reloj de fitness android\" data-src=\"https:\/\/m.media-amazon.com\/images\/S\/aplus-media-library-service-media\/6ba533f0-f892-474a-8db6-db935ce5e9a2.__CR0,0,300,300_PT0_SX300_V1___.jpg\" \/><\/p>\n<h4><\/h4>\n<h4 class=\"a-spacing-mini\">Control remoto de la c\u00e1mara<\/h4>\n<p>Despu\u00e9s de que el reloj inteligente est\u00e9 conectado al tel\u00e9fono celular, puedes tomar fotos en cualquier momento simplemente haciendo clic en la funci\u00f3n de c\u00e1mara en el reloj inteligente Q1 para grabar el preciado momento de tus amigos y tu familia.<\/p>\n<p>Puedes controlar el interruptor de pantalla brillante de elevaci\u00f3n de mu\u00f1eca, interruptor de silencio, brillo, linterna, drenaje, etc.<\/p>\n<\/div>\n<div class=\"apm-flex-item-third-width\">\n<p class=\"apm-text-center\"><img decoding=\"async\" class=\"a-spacing-mini alignleft\" src=\"https:\/\/m.media-amazon.com\/images\/S\/aplus-media-library-service-media\/3575d5bf-4314-4a57-8f0b-f662d2045b0e.__CR0,0,300,300_PT0_SX300_V1___.jpg\" alt=\"rastreador de fitness \" data-src=\"https:\/\/m.media-amazon.com\/images\/S\/aplus-media-library-service-media\/3575d5bf-4314-4a57-8f0b-f662d2045b0e.__CR0,0,300,300_PT0_SX300_V1___.jpg\" \/><\/p>\n<h4><\/h4>\n<h4><\/h4>\n<h4 class=\"a-spacing-mini\">Control de m\u00fasica<\/h4>\n<p>Despu\u00e9s de establecer la conexi\u00f3n Bluetooth entre el reloj deportivo y el tel\u00e9fono m\u00f3vil, puedes controlar directamente la m\u00fasica a trav\u00e9s del reloj Bluetooth, incluyendo reproducci\u00f3n\/pausa, la canci\u00f3n anterior o siguiente mientras haces ejercicio. Disfrutando de la experiencia dual del deporte y la m\u00fasica.<\/p>\n<\/div>\n<\/div>\n<\/div>\n<div><\/div>\n<\/div>\n<div class=\"celwidget aplus-module module-9 aplus-standard\" data-csa-c-id=\"sk0p4n-3cn4tk-gly8nz-usvqdr\" data-cel-widget=\"aplus-module-9\">\n<div class=\"aplus-module-wrapper apm-fixed-width apm-spacing\">\n<div class=\"apm-flex\">\n<div class=\"apm-flex-item-third-width\">\n<p class=\"apm-text-center\"><img decoding=\"async\" class=\"a-spacing-mini alignright\" src=\"https:\/\/m.media-amazon.com\/images\/S\/aplus-media-library-service-media\/f54d719b-e788-4aec-9366-7574e80e0a32.__CR0,0,300,300_PT0_SX300_V1___.jpg\" alt=\"apple watch huaweiwatch fitbit watch\" data-src=\"https:\/\/m.media-amazon.com\/images\/S\/aplus-media-library-service-media\/f54d719b-e788-4aec-9366-7574e80e0a32.__CR0,0,300,300_PT0_SX300_V1___.jpg\" \/><\/p>\n<h4><\/h4>\n<h4 class=\"a-spacing-mini\">Recordatorios sedentarios<\/h4>\n<p>El reloj inteligente puede alertarnos silenciosamente por vibraci\u00f3n si hemos estado sentados demasiado tiempo. Luego podemos estirar nuestros m\u00fasculos, hacer ejercicios de estiramiento, para activar un mejor estado f\u00edsico del cuerpo.<\/p>\n<p>Cron\u00f3metro y temporizador: Mant\u00e9n un seguimiento de tu tiempo de ejercicio.<\/p>\n<\/div>\n<div class=\"apm-flex-item-third-width\">\n<p class=\"apm-text-center\"><img decoding=\"async\" class=\"a-spacing-mini alignleft\" src=\"https:\/\/m.media-amazon.com\/images\/S\/aplus-media-library-service-media\/1cc3083e-f0bc-4837-9319-e5c5a20e6866.__CR0,0,300,300_PT0_SX300_V1___.jpg\" alt=\"Reloj inteligente para hombre  \" data-src=\"https:\/\/m.media-amazon.com\/images\/S\/aplus-media-library-service-media\/1cc3083e-f0bc-4837-9319-e5c5a20e6866.__CR0,0,300,300_PT0_SX300_V1___.jpg\" \/><\/p>\n<h4><\/h4>\n<h4><\/h4>\n<h4 class=\"a-spacing-mini\">Buena opci\u00f3n para regalos de vacaciones<\/h4>\n<p>Hay numerosas categor\u00edas diferentes de caras de reloj en el sistema de reloj inteligente para que elijas, tambi\u00e9n puedes personalizar la esfera del reloj y elegir cualquier foto o imagen que te guste como fondo de pantalla del reloj para mostrar tu estilo \u00fanico.<\/p>\n<\/div>\n<div class=\"apm-flex-item-third-width\">\n<p class=\"apm-text-center\"><img decoding=\"async\" class=\"a-spacing-mini alignright\" src=\"https:\/\/m.media-amazon.com\/images\/S\/aplus-media-library-service-media\/4393bafe-5465-47dd-b867-5895b86dac53.__CR0,0,300,300_PT0_SX300_V1___.jpg\" alt=\"reloj inteligente para mujer\" data-src=\"https:\/\/m.media-amazon.com\/images\/S\/aplus-media-library-service-media\/4393bafe-5465-47dd-b867-5895b86dac53.__CR0,0,300,300_PT0_SX300_V1___.jpg\" \/><\/p>\n<h4><\/h4>\n<h4><\/h4>\n<h4 class=\"a-spacing-mini\">Juegos Divertidos<\/h4>\n<p>El reloj de fitness se actualiza con minijuegos para que puedas encenderlo para divertirte durante paseos en coche o metro u otros momentos en los que necesites relajarte. Haz que tu reloj inteligente sea m\u00e1s divertido y crea m\u00e1s colores.<\/p>\n<\/div>\n<p>&nbsp;<\/p>\n<h3>Caracter\u00edsticas:<\/h3>\n<p>&nbsp;<\/p>\n<p>\u2022 Pantalla FHD de 1.83\u2033 -Alta Resoluci\u00f3n.<\/p>\n<p>\u2022 Compatible con IPhone y Android.<\/p>\n<p>\u2022 Sistema operativo muy fluido.<\/p>\n<p>\u2022 Notificaciones redes sociales (Facebook, WhatsApp, Instagram, etc) con logo de las apps principales.<\/p>\n<p>\u2022 Duraci\u00f3n de bater\u00eda: promedio 3 \u2013 7 d\u00edas seg\u00fan fabricante, (var\u00eda seg\u00fan su uso).<\/p>\n<p>\u2022 Resistencia al agua, certificaci\u00f3n IP68 sumergible 2 metros.<\/p>\n<p>\u2022 M\u00faltiples fondos de pantalla y fondo Personalizable.<\/p>\n<p>\u2022 Correa de silicona intercambiable de 20 mil\u00edmetros.<\/p>\n<p>\u2022 Puedes realizar y contestar llamadas desde el reloj.<\/p>\n<p>\u2022 Puedes sincronizar contactos de tu celular.<\/p>\n<p>\u2022 Bot\u00f3n funcional.<\/p>\n<p>\u2022 Asistente de Voz\/funci\u00f3n Siri.<\/p>\n<p>\u2022 Incluye dos juegos.<\/p>\n<p>\u2022 Mas 100 modos deportivos, que rastrean tus marcas, tu frecuencia card\u00edaca y las calor\u00edas quemadas.<\/p>\n<p>\u2022 Control inteligente de m\u00fasica.<\/p>\n<p>\u2022 Encontrar el reloj desde la aplicaci\u00f3n y viceversa.<\/p>\n<p>\u2022 Monitoreo saludable: Ritmo Cardiaco, Oxigenaci\u00f3n sangre.<\/p>\n<p>\u2022 Seguimiento de frecuencia card\u00edaca 24\/7.<\/p>\n<p>\u2022 Control remoto de camara.<\/p>\n<p>\u2022 3 estilos de men\u00fa fluidos.<\/p>\n<p>\u2022 Temporizador.<\/p>\n<p>\u2022 Cron\u00f3metro.<\/p>\n<p>\u2022 Calculadora.<\/p>\n<p>\u2022 Alarma.<\/p>\n<p>\u2022 Sensor de movimiento (enciende pantalla al levantar la mano).<\/p>\n<p>\u2022 Carga magn\u00e9tica.<\/p>\n<p>\u2022 M\u00faltiples idiomas.<\/p>\n<p>\u2022 Hora y fecha.<\/p>\n<p>Recomendaci\u00f3n: No cargues el reloj cuando este mojado, espera a que se encuentre seco.<\/p>\n<p>Garant\u00eda de 3 meses por defectos de f\u00e1brica , no cubre da\u00f1os por mal uso.<\/p>\n<p><strong>Contenido del paquete: <\/strong><\/p>\n<p>\u2022 1 x Watch G-TIDE Q1.<\/p>\n<p>\u2022 1 x Cable de carga magn\u00e9tica.<\/p>\n<p>\u2022 1 x Manual de usuario.<\/p>\n<\/div>\n<\/div>\n<\/div>\n","protected":false},"excerpt":{"rendered":"<p>Q1 G-TiDE Q1 Smart Watch, pantalla grande HD de 1.8 pulgadas, haz y responde llamadas Con control de voz inteligente<\/p>\n","protected":false},"featured_media":82320,"comment_status":"open","ping_status":"closed","template":"","meta":{"nf_dc_page":""},"product_brand":[],"product_cat":[89],"product_tag":[],"class_list":{"0":"post-82319","1":"product","2":"type-product","3":"status-publish","4":"has-post-thumbnail","6":"product_cat-electronicos","8":"first","9":"instock","10":"shipping-taxable","11":"purchasable","12":"product-type-simple"},"_links":{"self":[{"href":"https:\/\/brandss.com.py\/index\/wp-json\/wp\/v2\/product\/82319","targetHints":{"allow":["GET"]}}],"collection":[{"href":"https:\/\/brandss.com.py\/index\/wp-json\/wp\/v2\/product"}],"about":[{"href":"https:\/\/brandss.com.py\/index\/wp-json\/wp\/v2\/types\/product"}],"replies":[{"embeddable":true,"href":"https:\/\/brandss.com.py\/index\/wp-json\/wp\/v2\/comments?post=82319"}],"version-history":[{"count":1,"href":"https:\/\/brandss.com.py\/index\/wp-json\/wp\/v2\/product\/82319\/revisions"}],"predecessor-version":[{"id":82331,"href":"https:\/\/brandss.com.py\/index\/wp-json\/wp\/v2\/product\/82319\/revisions\/82331"}],"wp:featuredmedia":[{"embeddable":true,"href":"https:\/\/brandss.com.py\/index\/wp-json\/wp\/v2\/media\/82320"}],"wp:attachment":[{"href":"https:\/\/brandss.com.py\/index\/wp-json\/wp\/v2\/media?parent=82319"}],"wp:term":[{"taxonomy":"product_brand","embeddable":true,"href":"https:\/\/brandss.com.py\/index\/wp-json\/wp\/v2\/product_brand?post=82319"},{"taxonomy":"product_cat","embeddable":true,"href":"https:\/\/brandss.com.py\/index\/wp-json\/wp\/v2\/product_cat?post=82319"},{"taxonomy":"product_tag","embeddable":true,"href":"https:\/\/brandss.com.py\/index\/wp-json\/wp\/v2\/product_tag?post=82319"}],"curies":[{"name":"wp","href":"https:\/\/api.w.org\/{rel}","templated":true}]}}