{"id":82342,"date":"2025-05-19T13:09:56","date_gmt":"2025-05-19T13:09:56","guid":{"rendered":"https:\/\/brandss.com.py\/index\/?post_type=product&#038;p=82342"},"modified":"2025-05-19T13:11:11","modified_gmt":"2025-05-19T13:11:11","slug":"reloj-unisex-g-tide-smartwatch-r2-pro-black","status":"publish","type":"product","link":"https:\/\/brandss.com.py\/index\/producto\/reloj-unisex-g-tide-smartwatch-r2-pro-black\/","title":{"rendered":"RELOJ UNISEX G-TIDE SMARTWATCH R2 PRO BLACK"},"content":{"rendered":"<p><img loading=\"lazy\" decoding=\"async\" class=\"\" src=\"https:\/\/gtide.com.br\/wp-content\/uploads\/2024\/04\/gtideazul.svg\" alt=\"REJOJ UNISEX G-TIDE SMARTWATCH R3 BLACK - Brands\" width=\"111\" height=\"43\" \/><\/p>\n<h1>R2 PRO<\/h1>\n<p>Una combinaci\u00f3n perfecta de elegancia y funcionalidad avanzada dise\u00f1ada para mejorar tu rutina diaria. Su pantalla de 1.43 pulgadas y Bluetooth 5.2 ofrecen claridad y conectividad eficiente. Este reloj no solo potencia tu estilo, sino que tambi\u00e9n cuida tu bienestar. Es vers\u00e1til y funcional, ya que monitoriza tu frecuencia card\u00edaca en tiempo real. Adem\u00e1s, registra pasos, elige modos deportivos y optimiza el sue\u00f1o con su seguimiento. Las llamadas y notificaciones Bluetooth mantienen tu comunicaci\u00f3n fluida. Con una bater\u00eda de 300 mAh, es tu aliado confiable en cada jornada. Es compatible con iOS y Android para una experiencia sin interrupciones. La pantalla Amoled de 1.43 pulgadas brinda im\u00e1genes v\u00edvidas y detalladas. Resistente al agua y al polvo con clasificaci\u00f3n IP68, es ideal para tu vida activa, desde deportes acu\u00e1ticos hasta aventuras al aire libre. El G-Tide R2 Pro representa estilo y funcionalidad en uno. Viene con dos correas intercambiables para adaptarse a cualquier ocasi\u00f3n. Una correa de cuero de alta calidad para un aspecto elegante y sofisticado, y una correa de TPU resistente al agua y al polvo para actividades al aire libre.<\/p>\n<p><strong>Notificaci\u00f3n de llamadas y mensajes Bluetooth:<\/strong><\/p>\n<p>Este reloj inteligente G-TIDE R2 Pro se puede conectar f\u00e1cilmente a tu smartphone, puedes marcar y responder directamente llamadas en la pantalla, recibir mensajes de texto, notificaciones de aplicaciones, nunca te perder\u00e1s mensajes importantes. El chip Moderno RTL8763EW con procesador alto rendimiento te ayuda con una experiencia Fluida.<\/p>\n<p><strong>Pantalla de 1.43\u201d Amoled:<\/strong><\/p>\n<p>Presume de una calidad excepcional, con una nitidez visual sin precedentes, adem\u00e1s, resulta totalmente legible incluso a plena luz del sol, para que puedas consultar la hora y todas las Funciones.<\/p>\n<p><strong>Funciones f\u00e1ciles de controlar:<\/strong><\/p>\n<p>El reloj inteligente Bluetooth G-TIDE R2 Pro soporta m\u00faltiples idiomas y tiene muchas funciones como, Llamadas BT \/ Pod\u00f3metro \/ Frecuencia card\u00edaca \/ \u00e1nimo \/ Monitoreo del sue\u00f1o \/ M\u00faltiples Modos Deportivos \/ Presi\u00f3n \/ Fatiga \/ Monitoreo de ox\u00edgeno en sangre\/ Notificaci\u00f3n de mensajes\/ M\u00faltiples idiomas\/ muchas m\u00e1s.<\/p>\n<p><strong>Tu compa\u00f1ero inteligente de confianza:<\/strong><\/p>\n<p>El reloj inteligente G-TIDE R2 Pro es una gran idea de regalo para amigos y familiares para ayudarles a mantener un seguimiento de su salud y ejercicio.<\/p>\n<p>&nbsp;<\/p>\n<h3>Caracter\u00edsticas:<\/h3>\n<ul>\n<li>Notificaciones<\/li>\n<li>Compatible IOS y Android<\/li>\n<li>Bater\u00eda: 300mAh<\/li>\n<li>Pulsos Deportivo En Goma &amp; en Cuero<\/li>\n<li>Pantalla Full Touch<\/li>\n<li>Tama\u00f1o de la pantalla: 1.43\u201d<\/li>\n<li>Resistencia IP68 No es Sumergible<\/li>\n<li>Notificaci\u00f3n de llamadas y mensajes bluetooth<\/li>\n<li>Chipset RTL8763EW<\/li>\n<li>Blue Tooth Versi\u00f3n BLE5.2+BT3.0<\/li>\n<li>Tipo de Carga Magn\u00e9tica<\/li>\n<\/ul>\n<p><strong>Packing List: <\/strong><\/p>\n<p>-Reloj G-TIDE R2 Pro.<\/p>\n<p>-Cable de carga.<\/p>\n<p>-Correa de reloj.<\/p>\n<p>-Manual de Usuario.<\/p>\n<p>-Tarjeta de Garant\u00eda.<\/p>\n<p>Nota: Las im\u00e1genes publicadas, son representaciones fotogr\u00e1ficas que ilustran de manera aproximada las caracter\u00edsticas de los Relojes y pueden variar respecto a la realidad seg\u00fan la resoluci\u00f3n de las mismas. No cargues el reloj en el autom\u00f3vil, Leer el manual<\/p>\n","protected":false},"excerpt":{"rendered":"<p>R2 PRO Una combinaci\u00f3n perfecta de elegancia y funcionalidad avanzada dise\u00f1ada para mejorar tu rutina diaria. Su pantalla de 1.43<\/p>\n","protected":false},"featured_media":82343,"comment_status":"open","ping_status":"closed","template":"","meta":{"nf_dc_page":""},"product_brand":[],"product_cat":[89],"product_tag":[],"class_list":{"0":"post-82342","1":"product","2":"type-product","3":"status-publish","4":"has-post-thumbnail","6":"product_cat-electronicos","8":"first","9":"instock","10":"shipping-taxable","11":"purchasable","12":"product-type-simple"},"_links":{"self":[{"href":"https:\/\/brandss.com.py\/index\/wp-json\/wp\/v2\/product\/82342","targetHints":{"allow":["GET"]}}],"collection":[{"href":"https:\/\/brandss.com.py\/index\/wp-json\/wp\/v2\/product"}],"about":[{"href":"https:\/\/brandss.com.py\/index\/wp-json\/wp\/v2\/types\/product"}],"replies":[{"embeddable":true,"href":"https:\/\/brandss.com.py\/index\/wp-json\/wp\/v2\/comments?post=82342"}],"version-history":[{"count":1,"href":"https:\/\/brandss.com.py\/index\/wp-json\/wp\/v2\/product\/82342\/revisions"}],"predecessor-version":[{"id":82351,"href":"https:\/\/brandss.com.py\/index\/wp-json\/wp\/v2\/product\/82342\/revisions\/82351"}],"wp:featuredmedia":[{"embeddable":true,"href":"https:\/\/brandss.com.py\/index\/wp-json\/wp\/v2\/media\/82343"}],"wp:attachment":[{"href":"https:\/\/brandss.com.py\/index\/wp-json\/wp\/v2\/media?parent=82342"}],"wp:term":[{"taxonomy":"product_brand","embeddable":true,"href":"https:\/\/brandss.com.py\/index\/wp-json\/wp\/v2\/product_brand?post=82342"},{"taxonomy":"product_cat","embeddable":true,"href":"https:\/\/brandss.com.py\/index\/wp-json\/wp\/v2\/product_cat?post=82342"},{"taxonomy":"product_tag","embeddable":true,"href":"https:\/\/brandss.com.py\/index\/wp-json\/wp\/v2\/product_tag?post=82342"}],"curies":[{"name":"wp","href":"https:\/\/api.w.org\/{rel}","templated":true}]}}