{"id":82356,"date":"2025-05-19T14:21:41","date_gmt":"2025-05-19T14:21:41","guid":{"rendered":"https:\/\/brandss.com.py\/index\/?post_type=product&#038;p=82356"},"modified":"2026-02-13T10:59:00","modified_gmt":"2026-02-13T10:59:00","slug":"auricular-g-tide-future-pod-inalambrico-black","status":"publish","type":"product","link":"https:\/\/brandss.com.py\/index\/producto\/auricular-g-tide-future-pod-inalambrico-black\/","title":{"rendered":"AURICULAR G-TIDE FUTURE POD INAL\u00c1MBRICO BLACK"},"content":{"rendered":"<p><img loading=\"lazy\" decoding=\"async\" class=\"\" src=\"https:\/\/gtide.com.br\/wp-content\/uploads\/2024\/04\/gtideazul.svg\" alt=\"REJOJ UNISEX G-TIDE SMARTWATCH R3 BLACK - Brands\" width=\"95\" height=\"37\" \/><\/p>\n<h1>FUTURE POD<\/h1>\n<p>Los auriculares inal\u00e1mbricos G-Tide Future Pod ofrecen una experiencia de sonido envolvente con tecnolog\u00eda avanzada y gran autonom\u00eda, su conectividad Bluetooth 5.4 garantiza una transmisi\u00f3n estable y sin interrupciones, proporcionando una conexi\u00f3n r\u00e1pida con cualquier dispositivo compatible, cuentan con cancelaci\u00f3n de ruido integrada, permitiendo disfrutar de llamadas y m\u00fasica con una calidad de audio n\u00edtida y sin distracciones, su micr\u00f3fono incorporado optimiza la captura de voz para conversaciones claras y fluidas, adem\u00e1s, su interfaz USB-C facilita una carga r\u00e1pida y eficiente, ofreciendo una impresionante autonom\u00eda de hasta 90 d\u00edas, ideales para largas jornadas sin preocuparse por la bater\u00eda, su dise\u00f1o ergon\u00f3mico y ligero brinda comodidad durante todo el d\u00eda, convirti\u00e9ndolos en la mejor opci\u00f3n para quienes buscan estilo, tecnolog\u00eda y alto rendimiento en un solo dispositivo.<\/p>\n<p>\u00a1Revoluciona tu experiencia auditiva con los G-TIDE Future Pod! Olv\u00eddate de los inc\u00f3modos controles t\u00e1ctiles tradicionales. Estos aud\u00edfonos Bluetooth te ofrecen una soluci\u00f3n visual con una pantalla t\u00e1ctil integrada en su estuche de carga, que te permite controlar todas las funciones de forma r\u00e1pida y sencilla, como cancelaci\u00f3n de ruido, pausar o reproducir , o cambiar de cambio de una forma m\u00e1s f\u00e1cil .<\/p>\n<p>&nbsp;<\/p>\n<h3>Caracter\u00edsticas Destacadas:<\/h3>\n<p>Pantalla t\u00e1ctil en el estuche de carga para un control intuitivo de todas las funciones.<br \/>\nCancelaci\u00f3n de ruido activa con varios niveles para una experiencia sonora envolvente.<br \/>\nDuraci\u00f3n de bater\u00eda de hasta 5 horas por carga.<br \/>\nSensores touch en los auriculares para controles adicionales.<br \/>\nCorrea portable para mayor comodidad.<br \/>\nSonido Hi-Fi para una calidad de audio superior.<br \/>\nBluetooth 5.4 para una conexi\u00f3n r\u00e1pida y estable.<br \/>\nCapacidad del estuche: 300 mAh.<\/p>\n<p><strong>\u00bfC\u00f3mo funciona?<\/strong><\/p>\n<p>Coloca los aud\u00edfonos en el estuche de carga y en pocos minutos estar\u00e1n listos para usar. Abre el estuche, activa el Bluetooth de tu celular y vinc\u00falalos f\u00e1cilmente.<\/p>\n<p><strong>Funciones de la Pantalla T\u00e1ctil:<\/strong><\/p>\n<p>En todas las opciones, podr\u00e1s ver: estado de la conexi\u00f3n, hora y carga de cada uno de los aud\u00edfonos.<br \/>\nLa pantalla iniciara con el fondo preestablecido, mostrando la hora y bloqueo. Con el bot\u00f3n de la parte posterior, puedes activar la pantalla.<\/p>\n<p>*DESLIZA LA PARTE INFERIOR DE LA PANTALLA HACIA LA DERECHA *<\/p>\n<p><strong>La pantalla t\u00e1ctil del estuche te permite visualizar y controlar:<\/strong><\/p>\n<p>1.Estado de conexi\u00f3n, hora y carga de los aud\u00edfonos.<br \/>\n2.Personaliza el fondo de pantalla y elige tu idioma.<br \/>\n3.Controla la reproducci\u00f3n de m\u00fasica (play, pausa, siguiente\/anterior).<br \/>\n4.Ajusta el volumen y los niveles de cancelaci\u00f3n de ruido.<br \/>\n5.Elige tu ecualizaci\u00f3n favorita en la opci\u00f3n Ecualizador.<br \/>\n6. Usa el cron\u00f3metro y ajusta el brillo de la pantalla.<br \/>\n7.Encuentra tus auriculares en la opci\u00f3n Encontrar.<br \/>\n8.Configura la fecha y hora.<\/p>\n<p>&nbsp;<\/p>\n<p><strong>Incluye:<\/strong><\/p>\n<p>Aud\u00edfonos G-TIDE Future Pod.<br \/>\nCaja de carga con pantalla t\u00e1ctil.<br \/>\nCable de carga USB.<br \/>\nCorrea portable.<br \/>\nGomitas intercambiables.<br \/>\nManual de usuario.<br \/>\n\u00a1Simplifica tu vida y lleva tu m\u00fasica a otro nivel con los G-TIDE Future Pod!<\/p>\n","protected":false},"excerpt":{"rendered":"<p>FUTURE POD Los auriculares inal\u00e1mbricos G-Tide Future Pod ofrecen una experiencia de sonido envolvente con tecnolog\u00eda avanzada y gran autonom\u00eda,<\/p>\n","protected":false},"featured_media":82357,"comment_status":"open","ping_status":"closed","template":"","meta":{"nf_dc_page":""},"product_brand":[],"product_cat":[89],"product_tag":[],"class_list":{"0":"post-82356","1":"product","2":"type-product","3":"status-publish","4":"has-post-thumbnail","6":"product_cat-electronicos","8":"first","9":"instock","10":"shipping-taxable","11":"purchasable","12":"product-type-simple"},"_links":{"self":[{"href":"https:\/\/brandss.com.py\/index\/wp-json\/wp\/v2\/product\/82356","targetHints":{"allow":["GET"]}}],"collection":[{"href":"https:\/\/brandss.com.py\/index\/wp-json\/wp\/v2\/product"}],"about":[{"href":"https:\/\/brandss.com.py\/index\/wp-json\/wp\/v2\/types\/product"}],"replies":[{"embeddable":true,"href":"https:\/\/brandss.com.py\/index\/wp-json\/wp\/v2\/comments?post=82356"}],"version-history":[{"count":1,"href":"https:\/\/brandss.com.py\/index\/wp-json\/wp\/v2\/product\/82356\/revisions"}],"predecessor-version":[{"id":82367,"href":"https:\/\/brandss.com.py\/index\/wp-json\/wp\/v2\/product\/82356\/revisions\/82367"}],"wp:featuredmedia":[{"embeddable":true,"href":"https:\/\/brandss.com.py\/index\/wp-json\/wp\/v2\/media\/82357"}],"wp:attachment":[{"href":"https:\/\/brandss.com.py\/index\/wp-json\/wp\/v2\/media?parent=82356"}],"wp:term":[{"taxonomy":"product_brand","embeddable":true,"href":"https:\/\/brandss.com.py\/index\/wp-json\/wp\/v2\/product_brand?post=82356"},{"taxonomy":"product_cat","embeddable":true,"href":"https:\/\/brandss.com.py\/index\/wp-json\/wp\/v2\/product_cat?post=82356"},{"taxonomy":"product_tag","embeddable":true,"href":"https:\/\/brandss.com.py\/index\/wp-json\/wp\/v2\/product_tag?post=82356"}],"curies":[{"name":"wp","href":"https:\/\/api.w.org\/{rel}","templated":true}]}}