{"id":82390,"date":"2025-05-19T16:59:41","date_gmt":"2025-05-19T16:59:41","guid":{"rendered":"https:\/\/brandss.com.py\/index\/?post_type=product&#038;p=82390"},"modified":"2025-05-19T17:00:22","modified_gmt":"2025-05-19T17:00:22","slug":"auricular-g-tide-l21-bt-inalambrico-purple","status":"publish","type":"product","link":"https:\/\/brandss.com.py\/index\/producto\/auricular-g-tide-l21-bt-inalambrico-purple\/","title":{"rendered":"AURICULAR G-TIDE L21 BT INAL\u00c1MBRICO PURPLE"},"content":{"rendered":"<p><img loading=\"lazy\" decoding=\"async\" class=\"\" src=\"https:\/\/gtide.com.br\/wp-content\/uploads\/2024\/04\/gtideazul.svg\" alt=\"REJOJ UNISEX G-TIDE SMARTWATCH R3 BLACK - Brands\" width=\"132\" height=\"51\" \/><\/p>\n<h1>L21<\/h1>\n<p>Experimenta una libertad total con los auriculares G-Tide L21, dise\u00f1ados para ofrecerte una experiencia de audio ininterrumpida y sin cables. Con un elegante estuche y control t\u00e1ctil, estos auriculares combinan estilo y comodidad en un solo producto. Disfruta de hasta 5 horas de m\u00fasica continua o 4 horas de conversaci\u00f3n con una sola carga, que se completa en solo 1 hora. Equipados con la \u00faltima tecnolog\u00eda Bluetooth 5.3, micr\u00f3fono incorporado y cancelaci\u00f3n de ruido, los G-Tide L21 garantizan una conexi\u00f3n estable y llamadas claras. Adem\u00e1s, su bater\u00eda de 300 mAh se recarga r\u00e1pidamente a trav\u00e9s de USB-C, asegurando que siempre est\u00e9s listo para llevar tu m\u00fasica a donde vayas.<\/p>\n<div class=\"elementor-element elementor-element-9d72012 wd-width-100 elementor-widget elementor-widget-wd_title\" data-id=\"9d72012\" data-element_type=\"widget\" data-widget_type=\"wd_title.default\">\n<div class=\"elementor-widget-container\">\n<div class=\"title-wrapper wd-set-mb reset-last-child wd-title-color-default wd-title-style-default wd-title-size-small text-center\">\n<div class=\"liner-continer\">\n<h4 class=\"woodmart-title-container title wd-fontsize-m\">Sum\u00e9rgete en una experiencia auditiva incomparable con los auriculares inal\u00e1mbricos L21.<\/h4>\n<\/div>\n<\/div>\n<\/div>\n<\/div>\n<div class=\"elementor-element elementor-element-a35c9eb elementor-widget__width-auto elementor-widget elementor-widget-wd_text_block\" data-id=\"a35c9eb\" data-element_type=\"widget\" data-widget_type=\"wd_text_block.default\">\n<div class=\"elementor-widget-container\">\n<div class=\"wd-text-block reset-last-child text-left\">\n<p>Dise\u00f1ados para llevar tu disfrute musical al siguiente nivel, estos auriculares ofrecen caracter\u00edsticas de vanguardia que hacen que cada momento sea inolvidable. La cancelaci\u00f3n de ruido activa integrada te transporta a un mundo de sonidos n\u00edtidos y puros, aisl\u00e1ndote de distracciones externas para que puedas sumergirte completamente en tu m\u00fasica o llamada. Experimenta la tranquilidad y la calidad de sonido excepcional en cualquier entorno. El dise\u00f1o elegante y ergon\u00f3mico de los auriculares L21 no solo es est\u00e9ticamente atractivo, sino que tambi\u00e9n ofrece comodidad durante horas de uso. El sensor t\u00e1ctil intuitivo te permite controlar f\u00e1cilmente la reproducci\u00f3n, ajustar el volumen y gestionar tus llamadas con solo tocar ligeramente los auriculares, proporcionando una experiencia sin esfuerzo y sin botones inc\u00f3modos.<\/p>\n<p>Descubre una nueva dimensi\u00f3n de la libertad auditiva con los auriculares inal\u00e1mbricos L21. Con tecnolog\u00eda de vanguardia y un dise\u00f1o elegante, estos auriculares te permiten sumergirte en tu m\u00fasica favorita con un estilo y comodidad incomparables.<\/p>\n<section class=\"elementor-section elementor-top-section elementor-element elementor-element-d769a24 elementor-section-boxed elementor-section-height-default elementor-section-height-default\" data-id=\"d769a24\" data-element_type=\"section\">\n<div class=\"elementor-container elementor-column-gap-default\">\n<div class=\"elementor-column elementor-col-100 elementor-top-column elementor-element elementor-element-5f3051b\" data-id=\"5f3051b\" data-element_type=\"column\">\n<div class=\"elementor-widget-wrap elementor-element-populated\">\n<div class=\"elementor-element elementor-element-d3bd76c elementor-position-left elementor-view-default elementor-mobile-position-top elementor-vertical-align-top elementor-widget elementor-widget-icon-box\" data-id=\"d3bd76c\" data-element_type=\"widget\" data-widget_type=\"icon-box.default\">\n<div class=\"elementor-widget-container\">\n<div class=\"elementor-icon-box-wrapper\">\n<div class=\"elementor-icon-box-content\">\n<h3 class=\"elementor-icon-box-title\">Caracter\u00edsticas<\/h3>\n<\/div>\n<\/div>\n<\/div>\n<\/div>\n<\/div>\n<\/div>\n<\/div>\n<\/section>\n<section class=\"elementor-section elementor-top-section elementor-element elementor-element-2645c91 elementor-section-boxed elementor-section-height-default elementor-section-height-default\" data-id=\"2645c91\" data-element_type=\"section\">\n<div class=\"elementor-container elementor-column-gap-default\">\n<div class=\"elementor-column elementor-col-100 elementor-top-column elementor-element elementor-element-211a426\" data-id=\"211a426\" data-element_type=\"column\">\n<div class=\"elementor-widget-wrap elementor-element-populated\">\n<div class=\"elementor-element elementor-element-e87fbda elementor-widget elementor-widget-woocommerce-product-content\" data-id=\"e87fbda\" data-element_type=\"widget\" data-widget_type=\"woocommerce-product-content.default\">\n<div class=\"elementor-widget-container\">\n<div class=\"elementor elementor-50156\" data-elementor-type=\"product-post\" data-elementor-id=\"50156\" data-elementor-post-type=\"product\">\n<div class=\"elementor-element elementor-element-37d7079d e-flex e-con-boxed e-con e-parent e-lazyloaded\" data-id=\"37d7079d\" data-element_type=\"container\">\n<div class=\"e-con-inner\">\n<div class=\"elementor-element elementor-element-251ba57d elementor-widget elementor-widget-text-editor\" data-id=\"251ba57d\" data-element_type=\"widget\" data-widget_type=\"text-editor.default\">\n<div class=\"elementor-widget-container\">\n<div>\u2022 Sonido n\u00edtido y envolvente que mejora la experiencia musical.<\/div>\n<div>\u2022\u00a0Compatible para iOS o Android<\/div>\n<div>\u2022 Dise\u00f1o ergon\u00f3mico y elegante<\/div>\n<div>\u2022 Bluetooth 5.3 para conexi\u00f3n inmediata y reconexi\u00f3n autom\u00e1tica.<\/div>\n<div>\u2022 Sensor t\u00e1ctil para: Pausar, reproducir, pasar canciones, subir y bajar volumen.<\/div>\n<div>\u2022 Cambio Libre Izquierda &amp; Derecha: Libertad para usar cualquiera de los auriculares, adapt\u00e1ndose a las preferencias y comodidad del usuario.<\/div>\n<div>\u2022 Carga r\u00e1pida tipo C<\/div>\n<div>\u2022 Incluye micr\u00f3fono para llamadas<\/div>\n<div>\u2022 Duraci\u00f3n de bater\u00eda\u00a0promedio hasta 5 horas, seg\u00fan el volumen.<\/div>\n<div>\u2022 Incluye funda con cord\u00f3n para guardarlos<\/div>\n<div>\u2022 Alcance de promedio 10 metros<\/div>\n<div>\u2022 Entrada de carga: DC 5V-500mA<br \/>\n\u2022 Capacidad de la bater\u00eda de los auriculares: 25 mAh<br \/>\n\u2022 Tiempo de espera de la caja de carga: 90 d\u00edas<\/div>\n<div>\u2022 Capacidad de la bater\u00eda de la caja de carga: 250 mAh<br \/>\n\u2022 Protocolo de soporte: A2DP\/AVRCP\/HFP\/HSP<\/div>\n<div><\/div>\n<div>Garant\u00eda 3 meses por defectos de fabricaci\u00f3n<\/div>\n<div><\/div>\n<div><strong>Contenido de caja:<\/strong><\/div>\n<div>\u2022 1 Aud\u00edfonos G-TIDE L21<\/div>\n<div>\u2022 1 Estuche de carga<\/div>\n<div>\u2022 1 Cable de carga<\/div>\n<div>\u2022 1 Funda con cord\u00f3n<\/div>\n<div>\u2022 1 Manual de usuario<\/div>\n<\/div>\n<\/div>\n<\/div>\n<\/div>\n<\/div>\n<\/div>\n<\/div>\n<\/div>\n<\/div>\n<\/div>\n<\/section>\n<\/div>\n<\/div>\n<\/div>\n","protected":false},"excerpt":{"rendered":"<p>L21 Experimenta una libertad total con los auriculares G-Tide L21, dise\u00f1ados para ofrecerte una experiencia de audio ininterrumpida y sin<\/p>\n","protected":false},"featured_media":82391,"comment_status":"open","ping_status":"closed","template":"","meta":{"nf_dc_page":""},"product_brand":[],"product_cat":[89],"product_tag":[],"class_list":{"0":"post-82390","1":"product","2":"type-product","3":"status-publish","4":"has-post-thumbnail","6":"product_cat-electronicos","8":"first","9":"instock","10":"shipping-taxable","11":"purchasable","12":"product-type-simple"},"_links":{"self":[{"href":"https:\/\/brandss.com.py\/index\/wp-json\/wp\/v2\/product\/82390","targetHints":{"allow":["GET"]}}],"collection":[{"href":"https:\/\/brandss.com.py\/index\/wp-json\/wp\/v2\/product"}],"about":[{"href":"https:\/\/brandss.com.py\/index\/wp-json\/wp\/v2\/types\/product"}],"replies":[{"embeddable":true,"href":"https:\/\/brandss.com.py\/index\/wp-json\/wp\/v2\/comments?post=82390"}],"version-history":[{"count":1,"href":"https:\/\/brandss.com.py\/index\/wp-json\/wp\/v2\/product\/82390\/revisions"}],"predecessor-version":[{"id":82398,"href":"https:\/\/brandss.com.py\/index\/wp-json\/wp\/v2\/product\/82390\/revisions\/82398"}],"wp:featuredmedia":[{"embeddable":true,"href":"https:\/\/brandss.com.py\/index\/wp-json\/wp\/v2\/media\/82391"}],"wp:attachment":[{"href":"https:\/\/brandss.com.py\/index\/wp-json\/wp\/v2\/media?parent=82390"}],"wp:term":[{"taxonomy":"product_brand","embeddable":true,"href":"https:\/\/brandss.com.py\/index\/wp-json\/wp\/v2\/product_brand?post=82390"},{"taxonomy":"product_cat","embeddable":true,"href":"https:\/\/brandss.com.py\/index\/wp-json\/wp\/v2\/product_cat?post=82390"},{"taxonomy":"product_tag","embeddable":true,"href":"https:\/\/brandss.com.py\/index\/wp-json\/wp\/v2\/product_tag?post=82390"}],"curies":[{"name":"wp","href":"https:\/\/api.w.org\/{rel}","templated":true}]}}