{"id":82416,"date":"2025-05-19T18:23:41","date_gmt":"2025-05-19T18:23:41","guid":{"rendered":"https:\/\/brandss.com.py\/index\/?post_type=product&#038;p=82416"},"modified":"2025-11-01T18:17:52","modified_gmt":"2025-11-01T18:17:52","slug":"globo-de-levitacion-smartify-gb02b-bivolt","status":"publish","type":"product","link":"https:\/\/brandss.com.py\/index\/producto\/globo-de-levitacion-smartify-gb02b-bivolt\/","title":{"rendered":"GLOBO DE LEVITACI\u00d3N SMARTFY GB02B BIVOLT"},"content":{"rendered":"<h1><img loading=\"lazy\" decoding=\"async\" class=\"\" src=\"https:\/\/smartfybrasil.com.br\/assets\/sm-com-TZeQkCLv.png\" alt=\"Smartfy\" width=\"88\" height=\"63\" \/><\/h1>\n<h1>GB02B<\/h1>\n<p>El Globo de Levitaci\u00f3n Smartfy GB02P es una pieza de decoraci\u00f3n tecnol\u00f3gica y elegante, que utiliza tecnolog\u00eda de levitaci\u00f3n magn\u00e9tica para mantener el globo suspendido y girando suavemente en el aire.<\/p>\n<ul>\n<li><strong>Inverter:<\/strong>\u00a0Tecnolog\u00eda que ajusta autom\u00e1ticamente la potencia del motor seg\u00fan las necesidades, proporcionando ahorro energ\u00e9tico y mayor durabilidad.<\/li>\n<li><strong>Wifi:<\/strong>\u00a0Permite controlar y monitorear el dispositivo desde tu tel\u00e9fono m\u00f3vil, brindando comodidad y eficiencia.<\/li>\n<li><strong>Levitaci\u00f3n Magn\u00e9tica:<\/strong>\u00a0Sistema avanzado que mantiene el globo flotando en el aire, creando un efecto visual impresionante.<\/li>\n<li><strong>Iluminaci\u00f3n LED:<\/strong>\u00a0El globo cuenta con luces LED integradas que permiten cambiar de color, ofreciendo un ambiente \u00fanico y moderno.<\/li>\n<li><strong>Rotaci\u00f3n 360\u00b0:<\/strong>\u00a0Gracias a la levitaci\u00f3n, el globo puede girar libremente en todas direcciones, mostrando su dise\u00f1o desde cualquier \u00e1ngulo.<\/li>\n<li><strong>Dise\u00f1o compacto:<\/strong>\u00a0Dimensiones ideales para exhibir en cualquier espacio sin ocupar mucho lugar.<\/li>\n<li><strong>Materiales de alta calidad:<\/strong>\u00a0Fabricado con materiales resistentes y duraderos, asegurando una larga vida \u00fatil del dispositivo.<\/li>\n<li><strong>F\u00e1cil instalaci\u00f3n:<\/strong>\u00a0El sistema de levitaci\u00f3n es sencillo de configurar y listo para usarse en minutos.<\/li>\n<li><strong>Fuente de energ\u00eda:<\/strong>\u00a0Se alimenta mediante un adaptador de corriente, asegurando una conexi\u00f3n estable y continua.<\/li>\n<li><strong>Estilo futurista:<\/strong>\u00a0Perfecto para agregar un toque innovador y elegante a cualquier ambiente, ya sea en tu oficina, sala de estar o habitaci\u00f3n.<\/li>\n<\/ul>\n<h3 class=\"visby-bold f40-home texto-madrid bold mb-2\">Especificaciones<\/h3>\n<div class=\"w-100 rounded20 bordinha-cinza mt-3 mb-5\">\n<div id=\"item_product2\" class=\"col-12 item_product active\">\n<div class=\"col-12 box_detail\">\n<div class=\"col-12 item_detail item_dark \">\n<div class=\"col-6 item\">Marca: Smartfy.<\/div>\n<\/div>\n<div class=\"col-12 item_detail \">\n<div class=\"col-6 item\">Modelo: GB02P.<\/div>\n<\/div>\n<div class=\"col-12 item_detail \">\n<div class=\"col-6 item\">Tama\u00f1o del Globo: 10.6CM.<\/div>\n<\/div>\n<div class=\"col-12 item_detail item_dark \">\n<div class=\"col-6 item\">Tama\u00f1o de la Base: 19.5CM.<\/div>\n<\/div>\n<div class=\"col-12 item_detail \">\n<div class=\"col-6 item\">Caracter\u00edsticas: Iluminaci\u00f3n LED &#8211; Tecnolog\u00eda de Levitaci\u00f3n Magn\u00e9tica &#8211; Base Antideslizante &#8211; Movimiento Silencioso.<\/div>\n<\/div>\n<div class=\"col-12 item_detail item_dark \">\n<div class=\"col-6 item\">Voltaje: 110-220V &#8211; 50\/60Hz.<\/div>\n<\/div>\n<div class=\"col-12 item_detail \">\n<div class=\"col-6 item\">Dimensiones del Embalaje: 27.70 cm X 27.70 cm X 12.10 cm.<\/div>\n<\/div>\n<div class=\"col-12 item_detail item_dark \">\n<div class=\"col-6 item\">Peso Bruto: 0.646 kg.<\/div>\n<\/div>\n<\/div>\n<\/div>\n<\/div>\n","protected":false},"excerpt":{"rendered":"<p>GB02B El Globo de Levitaci\u00f3n Smartfy GB02P es una pieza de decoraci\u00f3n tecnol\u00f3gica y elegante, que utiliza tecnolog\u00eda de levitaci\u00f3n<\/p>\n","protected":false},"featured_media":82469,"comment_status":"open","ping_status":"closed","template":"","meta":{"nf_dc_page":""},"product_brand":[1209],"product_cat":[89],"product_tag":[1214],"class_list":{"0":"post-82416","1":"product","2":"type-product","3":"status-publish","4":"has-post-thumbnail","6":"product_brand-smartfy","7":"product_cat-electronicos","8":"product_tag-1214","10":"first","11":"instock","12":"shipping-taxable","13":"purchasable","14":"product-type-simple"},"_links":{"self":[{"href":"https:\/\/brandss.com.py\/index\/wp-json\/wp\/v2\/product\/82416","targetHints":{"allow":["GET"]}}],"collection":[{"href":"https:\/\/brandss.com.py\/index\/wp-json\/wp\/v2\/product"}],"about":[{"href":"https:\/\/brandss.com.py\/index\/wp-json\/wp\/v2\/types\/product"}],"replies":[{"embeddable":true,"href":"https:\/\/brandss.com.py\/index\/wp-json\/wp\/v2\/comments?post=82416"}],"version-history":[{"count":4,"href":"https:\/\/brandss.com.py\/index\/wp-json\/wp\/v2\/product\/82416\/revisions"}],"predecessor-version":[{"id":93139,"href":"https:\/\/brandss.com.py\/index\/wp-json\/wp\/v2\/product\/82416\/revisions\/93139"}],"wp:featuredmedia":[{"embeddable":true,"href":"https:\/\/brandss.com.py\/index\/wp-json\/wp\/v2\/media\/82469"}],"wp:attachment":[{"href":"https:\/\/brandss.com.py\/index\/wp-json\/wp\/v2\/media?parent=82416"}],"wp:term":[{"taxonomy":"product_brand","embeddable":true,"href":"https:\/\/brandss.com.py\/index\/wp-json\/wp\/v2\/product_brand?post=82416"},{"taxonomy":"product_cat","embeddable":true,"href":"https:\/\/brandss.com.py\/index\/wp-json\/wp\/v2\/product_cat?post=82416"},{"taxonomy":"product_tag","embeddable":true,"href":"https:\/\/brandss.com.py\/index\/wp-json\/wp\/v2\/product_tag?post=82416"}],"curies":[{"name":"wp","href":"https:\/\/api.w.org\/{rel}","templated":true}]}}