{"id":82471,"date":"2025-05-20T13:48:52","date_gmt":"2025-05-20T13:48:52","guid":{"rendered":"https:\/\/brandss.com.py\/index\/?post_type=product&#038;p=82471"},"modified":"2026-02-13T10:58:42","modified_gmt":"2026-02-13T10:58:42","slug":"ionizador-solar-smartfy-iz01w-para-piscina-white-blue","status":"publish","type":"product","link":"https:\/\/brandss.com.py\/index\/producto\/ionizador-solar-smartfy-iz01w-para-piscina-white-blue\/","title":{"rendered":"IONIZADOR SOLAR SMARTFY IZ01W PARA PISCINA WHITE\/BLUE"},"content":{"rendered":"<h1><img loading=\"lazy\" decoding=\"async\" class=\"\" src=\"https:\/\/smartfybrasil.com.br\/assets\/sm-com-TZeQkCLv.png\" alt=\"Smartfy\" width=\"64\" height=\"46\" \/><\/h1>\n<h1>IZ01W<\/h1>\n<p>Mantenga su piscina limpia de forma respetuosa con el medio ambiente. Con el ionizador solar podr\u00e1s mejorar la calidad del agua de tu piscina a largo plazo y reducir el uso de cloro y otros desinfectantes qu\u00edmicos hasta en un 90%.<\/p>\n<h3>Especificaciones<\/h3>\n<p><strong>Marca:<\/strong> Smartfy.<br \/>\n<strong>Modelo:<\/strong> IZ01W.<br \/>\n<strong>Color:<\/strong> Blanco y Azul.<br \/>\n<strong>Material:<\/strong> ABS + Alambre de acero + Panel solar monocristalino.<br \/>\n<strong>Caracter\u00edsticas:<\/strong> Eficiencia energ\u00e9tica &#8211; Reducci\u00f3n de cloro -90% &#8211; Agua cristalina &#8211; No requiere instalaci\u00f3n.<br \/>\n<strong>C\u00f3mo utilizar:<\/strong> Se puede utilizar en una piscina soleada (consulte las instrucciones para obtener m\u00e1s detalles) y se requieren al menos de 4 a 5 horas de luz solar.<br \/>\n<strong>Observaci\u00f3n:<\/strong> Cuando hace calor, frote el \u00e1nodo con un cepillo de alambre o lana de acero cada semana o dos, y con menos frecuencia cuando no hace demasiado calor.<br \/>\n<strong>Dimensiones del Embalaje:<\/strong> 19.80 cm X 26.40 cm X 25.20 cm.<br \/>\n<strong>Peso Bruto:<\/strong> 1.536 kg.<\/p>\n","protected":false},"excerpt":{"rendered":"<p>IZ01W Mantenga su piscina limpia de forma respetuosa con el medio ambiente. Con el ionizador solar podr\u00e1s mejorar la calidad<\/p>\n","protected":false},"featured_media":82472,"comment_status":"open","ping_status":"closed","template":"","meta":{"nf_dc_page":""},"product_brand":[1209],"product_cat":[83],"product_tag":[1222],"class_list":{"0":"post-82471","1":"product","2":"type-product","3":"status-publish","4":"has-post-thumbnail","6":"product_brand-smartfy","7":"product_cat-hogar","8":"product_tag-1222","10":"first","11":"instock","12":"shipping-taxable","13":"purchasable","14":"product-type-simple"},"_links":{"self":[{"href":"https:\/\/brandss.com.py\/index\/wp-json\/wp\/v2\/product\/82471","targetHints":{"allow":["GET"]}}],"collection":[{"href":"https:\/\/brandss.com.py\/index\/wp-json\/wp\/v2\/product"}],"about":[{"href":"https:\/\/brandss.com.py\/index\/wp-json\/wp\/v2\/types\/product"}],"replies":[{"embeddable":true,"href":"https:\/\/brandss.com.py\/index\/wp-json\/wp\/v2\/comments?post=82471"}],"version-history":[{"count":2,"href":"https:\/\/brandss.com.py\/index\/wp-json\/wp\/v2\/product\/82471\/revisions"}],"predecessor-version":[{"id":93154,"href":"https:\/\/brandss.com.py\/index\/wp-json\/wp\/v2\/product\/82471\/revisions\/93154"}],"wp:featuredmedia":[{"embeddable":true,"href":"https:\/\/brandss.com.py\/index\/wp-json\/wp\/v2\/media\/82472"}],"wp:attachment":[{"href":"https:\/\/brandss.com.py\/index\/wp-json\/wp\/v2\/media?parent=82471"}],"wp:term":[{"taxonomy":"product_brand","embeddable":true,"href":"https:\/\/brandss.com.py\/index\/wp-json\/wp\/v2\/product_brand?post=82471"},{"taxonomy":"product_cat","embeddable":true,"href":"https:\/\/brandss.com.py\/index\/wp-json\/wp\/v2\/product_cat?post=82471"},{"taxonomy":"product_tag","embeddable":true,"href":"https:\/\/brandss.com.py\/index\/wp-json\/wp\/v2\/product_tag?post=82471"}],"curies":[{"name":"wp","href":"https:\/\/api.w.org\/{rel}","templated":true}]}}