{"id":82475,"date":"2025-05-20T14:16:20","date_gmt":"2025-05-20T14:16:20","guid":{"rendered":"https:\/\/brandss.com.py\/index\/?post_type=product&#038;p=82475"},"modified":"2025-11-03T19:10:03","modified_gmt":"2025-11-03T19:10:03","slug":"plancha-a-vapor-smartfy-pv-01b-vertical-plegable-bivolt-150ml-black","status":"publish","type":"product","link":"https:\/\/brandss.com.py\/index\/producto\/plancha-a-vapor-smartfy-pv-01b-vertical-plegable-bivolt-150ml-black\/","title":{"rendered":"PLANCHA A VAPOR SMARTFY PV-01B VERTICAL PLEGABLE BIVOLT 1000W 150ML BLACK"},"content":{"rendered":"<h1><img loading=\"lazy\" decoding=\"async\" class=\"\" src=\"https:\/\/smartfybrasil.com.br\/assets\/sm-com-TZeQkCLv.png\" alt=\"Smartfy\" width=\"67\" height=\"48\" \/><\/h1>\n<h1>PV-01B<\/h1>\n<p>La plancha a vapor Smartfy PV-01B est\u00e1 dise\u00f1ado para facilitar el planchado de tus prendas con eficacia y comodidad. Su potente sistema de vapor permite eliminar arrugas con facilidad, logrando resultados r\u00e1pidos y duraderos<\/p>\n<h3 class=\"visby-bold f40-home texto-madrid bold mb-2\">Especificaciones<\/h3>\n<div class=\"w-100 rounded20 bordinha-cinza mt-3 mb-5\">\n<div id=\"item_product2\" class=\"col-12 item_product active\">\n<div class=\"col-12 box_detail\">\n<div class=\"col-12 item_detail item_dark \">\n<div class=\"col-6 item\"><strong>Marca:<\/strong> Smartfy.<\/div>\n<\/div>\n<div class=\"col-12 item_detail \">\n<div class=\"col-6 item\"><strong>Modelo:<\/strong> PV-01B.<\/div>\n<\/div>\n<div class=\"col-12 item_detail item_dark \">\n<div class=\"col-6 item\"><strong>Color:<\/strong> Negro.<\/div>\n<\/div>\n<div class=\"col-12 item_detail \">\n<div class=\"col-6 item\"><strong>Material:<\/strong> Ceramica.<\/div>\n<\/div>\n<div class=\"col-12 item_detail item_dark \">\n<div class=\"col-6 item\"><strong>Potencia:<\/strong> 1000W.<\/div>\n<\/div>\n<div class=\"col-12 item_detail \">\n<div class=\"col-6 item\"><strong>Consumo:<\/strong> 1.0kW\/h.<\/div>\n<\/div>\n<div class=\"col-12 item_detail item_dark \">\n<div class=\"col-6 item\"><strong>Largor del cable:<\/strong> 2.75 metros.<\/div>\n<\/div>\n<div class=\"col-12 item_detail \">\n<div class=\"col-6 item\"><strong>Caracter\u00edsticas:<\/strong> Vapor continuo &#8211; Capacidad de tanque de 150ml &#8211; Capacidad de tanque &#8211; Calentamiento r\u00e1pido &#8211; Alta potencia &#8211; Dise\u00f1o ergon\u00f3mico plegable.<\/div>\n<\/div>\n<div class=\"col-12 item_detail item_dark \">\n<div class=\"col-6 item\"><strong>Voltaje:<\/strong> Bivolt.<\/div>\n<\/div>\n<div class=\"col-12 item_detail \">\n<div class=\"col-6 item\"><strong>Dimensiones del Embalaje:<\/strong> 21.70 cm X 15.00 cm X 11.60 cm.<\/div>\n<\/div>\n<div class=\"col-12 item_detail item_dark \">\n<div class=\"col-6 item\"><strong>Peso Bruto:<\/strong> 0.910 kg.<\/div>\n<\/div>\n<\/div>\n<\/div>\n<\/div>\n","protected":false},"excerpt":{"rendered":"<p>PV-01B La plancha a vapor Smartfy PV-01B est\u00e1 dise\u00f1ado para facilitar el planchado de tus prendas con eficacia y comodidad.<\/p>\n","protected":false},"featured_media":82476,"comment_status":"open","ping_status":"closed","template":"","meta":{"nf_dc_page":""},"product_brand":[1209],"product_cat":[83],"product_tag":[1268],"class_list":{"0":"post-82475","1":"product","2":"type-product","3":"status-publish","4":"has-post-thumbnail","6":"product_brand-smartfy","7":"product_cat-hogar","8":"product_tag-1268","10":"first","11":"instock","12":"shipping-taxable","13":"purchasable","14":"product-type-simple"},"_links":{"self":[{"href":"https:\/\/brandss.com.py\/index\/wp-json\/wp\/v2\/product\/82475","targetHints":{"allow":["GET"]}}],"collection":[{"href":"https:\/\/brandss.com.py\/index\/wp-json\/wp\/v2\/product"}],"about":[{"href":"https:\/\/brandss.com.py\/index\/wp-json\/wp\/v2\/types\/product"}],"replies":[{"embeddable":true,"href":"https:\/\/brandss.com.py\/index\/wp-json\/wp\/v2\/comments?post=82475"}],"version-history":[{"count":3,"href":"https:\/\/brandss.com.py\/index\/wp-json\/wp\/v2\/product\/82475\/revisions"}],"predecessor-version":[{"id":93210,"href":"https:\/\/brandss.com.py\/index\/wp-json\/wp\/v2\/product\/82475\/revisions\/93210"}],"wp:featuredmedia":[{"embeddable":true,"href":"https:\/\/brandss.com.py\/index\/wp-json\/wp\/v2\/media\/82476"}],"wp:attachment":[{"href":"https:\/\/brandss.com.py\/index\/wp-json\/wp\/v2\/media?parent=82475"}],"wp:term":[{"taxonomy":"product_brand","embeddable":true,"href":"https:\/\/brandss.com.py\/index\/wp-json\/wp\/v2\/product_brand?post=82475"},{"taxonomy":"product_cat","embeddable":true,"href":"https:\/\/brandss.com.py\/index\/wp-json\/wp\/v2\/product_cat?post=82475"},{"taxonomy":"product_tag","embeddable":true,"href":"https:\/\/brandss.com.py\/index\/wp-json\/wp\/v2\/product_tag?post=82475"}],"curies":[{"name":"wp","href":"https:\/\/api.w.org\/{rel}","templated":true}]}}