{"id":82484,"date":"2025-05-20T16:34:49","date_gmt":"2025-05-20T16:34:49","guid":{"rendered":"https:\/\/brandss.com.py\/index\/?post_type=product&#038;p=82484"},"modified":"2025-05-20T16:35:24","modified_gmt":"2025-05-20T16:35:24","slug":"hervidor-electrico-smartfy-je01v-1-500w-1-8l-220v-black","status":"publish","type":"product","link":"https:\/\/brandss.com.py\/index\/producto\/hervidor-electrico-smartfy-je01v-1-500w-1-8l-220v-black\/","title":{"rendered":"HERVIDOR EL\u00c9CTRICO SMARTFY JE01V 1.500W 1.8L 220V BLACK"},"content":{"rendered":"<h1>JE01V<\/h1>\n<p><strong>Especificaciones<\/strong><\/p>\n<p><strong>Marca:<\/strong> Smartfy.<\/p>\n<p><strong>Potencia:<\/strong> 1.500 watts.<\/p>\n<p><strong>Modelo:<\/strong> JE01V.<\/p>\n<p><strong>Color:<\/strong> Negro.<\/p>\n<p><strong>Capacidad:<\/strong> 1.8 litros.<\/p>\n<p><strong>Indicaci\u00f3n:<\/strong> Calentamiento r\u00e1pido de agua para preparar t\u00e9, caf\u00e9 soluble, mate, biberones, etc..<\/p>\n<p><strong>Caracter\u00edsticas:<\/strong> Integra indicadores com valores de medidas (L) para controlar a quantidade de \u00e1gua que h\u00e1 na jarra &#8211; Posee base con sistema de rotaci\u00f3n 360\u00b0 &#8211; Se apaga autom\u00e1ticamente cuando el agua entra en ebullici\u00f3n &#8211; Cuenta con protecci\u00f3n contra sobrecalentamiento.<\/p>\n<p><strong>Material:<\/strong> Estructura de vidrio.<\/p>\n<p><strong>Bot\u00f3n:<\/strong> Enciende\/Apaga y para liberar la apertura de la tapa.<\/p>\n<p><strong>Voltaje:<\/strong> 220 &#8211; 240V ~ 50\/60Hz.<\/p>\n<p><strong>Led:<\/strong> Integrado, indica el estado de funcionamiento.<\/p>\n<p><strong>Incluye:<\/strong> Manual.<\/p>\n<p><strong>Peso Bruto (g):<\/strong> 1083.<\/p>\n<p><strong>Dimensiones de embalaje (cm):<\/strong> 22.1 x 21.1 x 23.6.<\/p>\n","protected":false},"excerpt":{"rendered":"<p>JE01V Especificaciones Marca: Smartfy. Potencia: 1.500 watts. Modelo: JE01V. Color: Negro. Capacidad: 1.8 litros. Indicaci\u00f3n: Calentamiento r\u00e1pido de agua para<\/p>\n","protected":false},"featured_media":82485,"comment_status":"open","ping_status":"closed","template":"","meta":{"nf_dc_page":""},"product_brand":[],"product_cat":[83],"product_tag":[],"class_list":{"0":"post-82484","1":"product","2":"type-product","3":"status-publish","4":"has-post-thumbnail","6":"product_cat-hogar","8":"first","9":"instock","10":"shipping-taxable","11":"purchasable","12":"product-type-simple"},"_links":{"self":[{"href":"https:\/\/brandss.com.py\/index\/wp-json\/wp\/v2\/product\/82484","targetHints":{"allow":["GET"]}}],"collection":[{"href":"https:\/\/brandss.com.py\/index\/wp-json\/wp\/v2\/product"}],"about":[{"href":"https:\/\/brandss.com.py\/index\/wp-json\/wp\/v2\/types\/product"}],"replies":[{"embeddable":true,"href":"https:\/\/brandss.com.py\/index\/wp-json\/wp\/v2\/comments?post=82484"}],"version-history":[{"count":1,"href":"https:\/\/brandss.com.py\/index\/wp-json\/wp\/v2\/product\/82484\/revisions"}],"predecessor-version":[{"id":82487,"href":"https:\/\/brandss.com.py\/index\/wp-json\/wp\/v2\/product\/82484\/revisions\/82487"}],"wp:featuredmedia":[{"embeddable":true,"href":"https:\/\/brandss.com.py\/index\/wp-json\/wp\/v2\/media\/82485"}],"wp:attachment":[{"href":"https:\/\/brandss.com.py\/index\/wp-json\/wp\/v2\/media?parent=82484"}],"wp:term":[{"taxonomy":"product_brand","embeddable":true,"href":"https:\/\/brandss.com.py\/index\/wp-json\/wp\/v2\/product_brand?post=82484"},{"taxonomy":"product_cat","embeddable":true,"href":"https:\/\/brandss.com.py\/index\/wp-json\/wp\/v2\/product_cat?post=82484"},{"taxonomy":"product_tag","embeddable":true,"href":"https:\/\/brandss.com.py\/index\/wp-json\/wp\/v2\/product_tag?post=82484"}],"curies":[{"name":"wp","href":"https:\/\/api.w.org\/{rel}","templated":true}]}}