{"id":82488,"date":"2025-05-20T16:45:41","date_gmt":"2025-05-20T16:45:41","guid":{"rendered":"https:\/\/brandss.com.py\/index\/?post_type=product&#038;p=82488"},"modified":"2025-05-20T16:46:30","modified_gmt":"2025-05-20T16:46:30","slug":"hervidor-electrico-smartfy-je01v-1-000w-1-8l-110v-black","status":"publish","type":"product","link":"https:\/\/brandss.com.py\/index\/producto\/hervidor-electrico-smartfy-je01v-1-000w-1-8l-110v-black\/","title":{"rendered":"HERVIDOR EL\u00c9CTRICO SMARTFY JE01V 1.000W 1.8L 110V BLACK"},"content":{"rendered":"<h1>JE01V<\/h1>\n<div class=\"mb-4 mt-4 descripciones\">\n<h4>Especificaciones<\/h4>\n<\/div>\n<div class=\"item d-flex flex-column flex-lg-row\">\n<div class=\"esp d-flex align-items-center bor\"><strong>Marca:<\/strong> Smartfy.<\/div>\n<\/div>\n<div class=\"item d-flex flex-column flex-lg-row\">\n<div class=\"esp d-flex align-items-center bor\"><strong>Modelo:<\/strong> JE01V.<\/div>\n<\/div>\n<div class=\"item d-flex flex-column flex-lg-row\">\n<div class=\"esp d-flex align-items-center bor\"><strong>Color:<\/strong> Negro.<\/div>\n<\/div>\n<div class=\"item d-flex flex-column flex-lg-row\">\n<div class=\"esp d-flex align-items-center bor\"><strong>Capacidad:<\/strong> 1.8 litros.<\/div>\n<\/div>\n<div class=\"item d-flex flex-column flex-lg-row\">\n<div class=\"esp d-flex align-items-center bor\"><strong>Potencia:<\/strong> 1.000 watts.<\/div>\n<\/div>\n<div class=\"item d-flex flex-column flex-lg-row\">\n<div class=\"esp d-flex align-items-center bor\"><strong>Indicaci\u00f3n:<\/strong> Calentamiento r\u00e1pido de agua para preparar t\u00e9, caf\u00e9 soluble, mate, biberones, etc.<\/div>\n<\/div>\n<div class=\"item d-flex flex-column flex-lg-row\">\n<div class=\"esp d-flex align-items-center bor\"><strong>Caracter\u00edsticas:<\/strong> Integra indicadores com valores de medidas (L) para controlar a quantidade de \u00e1gua que h\u00e1 na jarra &#8211; Posee base con sistema de rotaci\u00f3n 360\u00b0 &#8211; Se apaga autom\u00e1ticamente cuando el agua entra en ebullici\u00f3n &#8211; Cuenta con protecci\u00f3n contra sobrecalentamiento.<\/div>\n<\/div>\n<div class=\"item d-flex flex-column flex-lg-row\">\n<div class=\"esp d-flex align-items-center bor\"><strong>Voltaje:<\/strong> 110V ~ 60Hz.<\/div>\n<\/div>\n<div class=\"item d-flex flex-column flex-lg-row\">\n<div class=\"esp d-flex align-items-center bor\"><strong>Material:<\/strong> Estructura de vidrio.<\/div>\n<\/div>\n<div class=\"item d-flex flex-column flex-lg-row\">\n<div class=\"esp d-flex align-items-center bor\"><strong>Bot\u00f3n:<\/strong> Enciende\/Apaga y para liberar la apertura de la tapa.<\/div>\n<\/div>\n<div class=\"item d-flex flex-column flex-lg-row\">\n<div class=\"esp d-flex align-items-center bor\"><strong>Led:<\/strong> Integrado, indica el estado de funcionamiento.<\/div>\n<\/div>\n<div class=\"item d-flex flex-column flex-lg-row\">\n<div class=\"esp d-flex align-items-center bor\"><strong>Peso Bruto (g):<\/strong> 1067.<\/div>\n<\/div>\n<div class=\"item d-flex flex-column flex-lg-row\">\n<div class=\"esp d-flex align-items-center bor\"><strong>Dimendiones de embalaje (cm):<\/strong> 22.1 x 21.1 x 23.6.<\/div>\n<\/div>\n<div class=\"item d-flex flex-column flex-lg-row\">\n<div class=\"esp d-flex align-items-center bor\"><strong>Incluye:<\/strong> Manual.<\/div>\n<\/div>\n","protected":false},"excerpt":{"rendered":"<p>JE01V Especificaciones Marca: Smartfy. Modelo: JE01V. Color: Negro. Capacidad: 1.8 litros. Potencia: 1.000 watts. Indicaci\u00f3n: Calentamiento r\u00e1pido de agua para<\/p>\n","protected":false},"featured_media":82485,"comment_status":"open","ping_status":"closed","template":"","meta":{"nf_dc_page":""},"product_brand":[],"product_cat":[83],"product_tag":[],"class_list":{"0":"post-82488","1":"product","2":"type-product","3":"status-publish","4":"has-post-thumbnail","6":"product_cat-hogar","8":"first","9":"instock","10":"shipping-taxable","11":"purchasable","12":"product-type-simple"},"_links":{"self":[{"href":"https:\/\/brandss.com.py\/index\/wp-json\/wp\/v2\/product\/82488","targetHints":{"allow":["GET"]}}],"collection":[{"href":"https:\/\/brandss.com.py\/index\/wp-json\/wp\/v2\/product"}],"about":[{"href":"https:\/\/brandss.com.py\/index\/wp-json\/wp\/v2\/types\/product"}],"replies":[{"embeddable":true,"href":"https:\/\/brandss.com.py\/index\/wp-json\/wp\/v2\/comments?post=82488"}],"version-history":[{"count":1,"href":"https:\/\/brandss.com.py\/index\/wp-json\/wp\/v2\/product\/82488\/revisions"}],"predecessor-version":[{"id":82490,"href":"https:\/\/brandss.com.py\/index\/wp-json\/wp\/v2\/product\/82488\/revisions\/82490"}],"wp:featuredmedia":[{"embeddable":true,"href":"https:\/\/brandss.com.py\/index\/wp-json\/wp\/v2\/media\/82485"}],"wp:attachment":[{"href":"https:\/\/brandss.com.py\/index\/wp-json\/wp\/v2\/media?parent=82488"}],"wp:term":[{"taxonomy":"product_brand","embeddable":true,"href":"https:\/\/brandss.com.py\/index\/wp-json\/wp\/v2\/product_brand?post=82488"},{"taxonomy":"product_cat","embeddable":true,"href":"https:\/\/brandss.com.py\/index\/wp-json\/wp\/v2\/product_cat?post=82488"},{"taxonomy":"product_tag","embeddable":true,"href":"https:\/\/brandss.com.py\/index\/wp-json\/wp\/v2\/product_tag?post=82488"}],"curies":[{"name":"wp","href":"https:\/\/api.w.org\/{rel}","templated":true}]}}