{"id":82496,"date":"2025-05-20T17:44:34","date_gmt":"2025-05-20T17:44:34","guid":{"rendered":"https:\/\/brandss.com.py\/index\/?post_type=product&#038;p=82496"},"modified":"2025-11-01T18:35:56","modified_gmt":"2025-11-01T18:35:56","slug":"freidora-de-aire-smartfy-af02b-1350w-5l-110v-black","status":"publish","type":"product","link":"https:\/\/brandss.com.py\/index\/producto\/freidora-de-aire-smartfy-af02b-1350w-5l-110v-black\/","title":{"rendered":"FREIDORA DE AIRE SMARTFY AF02B 1350W 5L 110V BLACK"},"content":{"rendered":"<h1><img loading=\"lazy\" decoding=\"async\" class=\"\" src=\"https:\/\/smartfybrasil.com.br\/assets\/sm-com-TZeQkCLv.png\" alt=\"Smartfy\" width=\"75\" height=\"54\" \/><\/h1>\n<h1>AF02F<\/h1>\n<p class=\"MuiTypography-root MuiTypography-h5 css-zq6grw\">Ofrece una manera f\u00e1cil y saludable de preparar tus ingredientes favoritos. Utilizando una r\u00e1pida circulaci\u00f3n de aire caliente y una parrilla, es capaz de preparar m\u00faltiples platos. Lo mejor es que calienta los alimentos en todas direcciones y la mayor\u00eda de los ingredientes no necesitan aceite.<\/p>\n<div class=\"item d-flex flex-column flex-lg-row\">\n<div class=\"esp d-flex align-items-center bor\"><\/div>\n<\/div>\n<h3>Caracter\u00edsticas<\/h3>\n<ul>\n<li>No necesita aceite.<\/li>\n<li>Emite alerta sonora cuando finaliza el tiempo de funcionamiento determinado.<\/li>\n<li>Se apaga autom\u00e1ticamente.<\/li>\n<li>Base antideslizante.<\/li>\n<li>Recipiente y cesto extra\u00edbles para f\u00e1cil limpieza.<\/li>\n<li>Con indicadores de tiempo para cada tipo de alimento.<\/li>\n<\/ul>\n<h3>Especificaciones<\/h3>\n<div class=\"item d-flex flex-column flex-lg-row\">\n<div class=\"esp d-flex align-items-center bor\"><strong>Marca:<\/strong> Smartfy.<\/div>\n<div class=\"esp d-flex align-items-center bor\"><strong>Modelo:<\/strong> AF02B.<\/div>\n<div class=\"esp d-flex align-items-center bor\"><strong>Color:<\/strong> Negro.<\/div>\n<div class=\"esp d-flex align-items-center bor\"><strong>Potencia:<\/strong> 1.350 watts.<\/div>\n<div class=\"esp d-flex align-items-center bor\"><strong>Temperatura:<\/strong> Ajustable, m\u00e1xima de 200 \u00b0C.<\/div>\n<div class=\"esp d-flex align-items-center bor\"><strong>Temporizador:<\/strong> Integrado.<\/div>\n<div class=\"esp d-flex align-items-center bor\"><strong>Capacidad:<\/strong> 5 litros.<\/div>\n<div class=\"esp d-flex align-items-center bor\"><strong>Display:<\/strong> Touch Screen retroiluminado por LED.<\/div>\n<div class=\"esp d-flex align-items-center bor\"><strong>Voltaje:<\/strong> 110V ~ 60Hz.<\/div>\n<div class=\"esp d-flex align-items-center bor\"><strong>Peso Bruto (g):<\/strong> 4316.<\/div>\n<div class=\"esp d-flex align-items-center bor\"><strong>Dimensiones del embalaje (cm):<\/strong> 34.6 x 34.3 x 36.6.<\/div>\n<div class=\"esp d-flex align-items-center bor\"><strong>Incluye:<\/strong> Rejilla &#8211; Manual.<\/div>\n<\/div>\n","protected":false},"excerpt":{"rendered":"<p>AF02F Ofrece una manera f\u00e1cil y saludable de preparar tus ingredientes favoritos. Utilizando una r\u00e1pida circulaci\u00f3n de aire caliente y<\/p>\n","protected":false},"featured_media":82497,"comment_status":"open","ping_status":"closed","template":"","meta":{"nf_dc_page":""},"product_brand":[1209],"product_cat":[83],"product_tag":[1217],"class_list":{"0":"post-82496","1":"product","2":"type-product","3":"status-publish","4":"has-post-thumbnail","6":"product_brand-smartfy","7":"product_cat-hogar","8":"product_tag-1217","10":"first","11":"instock","12":"shipping-taxable","13":"purchasable","14":"product-type-simple"},"_links":{"self":[{"href":"https:\/\/brandss.com.py\/index\/wp-json\/wp\/v2\/product\/82496","targetHints":{"allow":["GET"]}}],"collection":[{"href":"https:\/\/brandss.com.py\/index\/wp-json\/wp\/v2\/product"}],"about":[{"href":"https:\/\/brandss.com.py\/index\/wp-json\/wp\/v2\/types\/product"}],"replies":[{"embeddable":true,"href":"https:\/\/brandss.com.py\/index\/wp-json\/wp\/v2\/comments?post=82496"}],"version-history":[{"count":3,"href":"https:\/\/brandss.com.py\/index\/wp-json\/wp\/v2\/product\/82496\/revisions"}],"predecessor-version":[{"id":93143,"href":"https:\/\/brandss.com.py\/index\/wp-json\/wp\/v2\/product\/82496\/revisions\/93143"}],"wp:featuredmedia":[{"embeddable":true,"href":"https:\/\/brandss.com.py\/index\/wp-json\/wp\/v2\/media\/82497"}],"wp:attachment":[{"href":"https:\/\/brandss.com.py\/index\/wp-json\/wp\/v2\/media?parent=82496"}],"wp:term":[{"taxonomy":"product_brand","embeddable":true,"href":"https:\/\/brandss.com.py\/index\/wp-json\/wp\/v2\/product_brand?post=82496"},{"taxonomy":"product_cat","embeddable":true,"href":"https:\/\/brandss.com.py\/index\/wp-json\/wp\/v2\/product_cat?post=82496"},{"taxonomy":"product_tag","embeddable":true,"href":"https:\/\/brandss.com.py\/index\/wp-json\/wp\/v2\/product_tag?post=82496"}],"curies":[{"name":"wp","href":"https:\/\/api.w.org\/{rel}","templated":true}]}}