{"id":82529,"date":"2025-05-21T12:04:10","date_gmt":"2025-05-21T12:04:10","guid":{"rendered":"https:\/\/brandss.com.py\/index\/?post_type=product&#038;p=82529"},"modified":"2025-05-21T12:05:23","modified_gmt":"2025-05-21T12:05:23","slug":"chaqueta-casual-femenino-levis-carpintero-trucker-black","status":"publish","type":"product","link":"https:\/\/brandss.com.py\/index\/producto\/chaqueta-casual-femenino-levis-carpintero-trucker-black\/","title":{"rendered":"CHAQUETA CASUAL FEMENINO LEVI&#8217;S CARPINTERO TRUCKER BLACK"},"content":{"rendered":"<p><img loading=\"lazy\" decoding=\"async\" class=\"\" src=\"https:\/\/turbologo.com\/articles\/wp-content\/uploads\/2020\/01\/levis-primary-logo.png\" alt=\"Logotipo de Levi's: Historia, significado y evoluci\u00f3n del dise\u00f1o\" width=\"118\" height=\"69\" \/><\/p>\n<h1>CARPINTERO TRUCKER<\/h1>\n<p>El tipo de chaqueta que usar\u00e1s durante d\u00e9cadas y pasar\u00e1s a las generaciones venideras. Esta versi\u00f3n desgastada inspirada en los a\u00f1os 90 de nuestra chaqueta original Trucker fue construida con m\u00e1s espacio en los hombros y las mangas y una silueta cuadrada.<\/p>\n<ul class=\"a-unordered-list a-vertical a-spacing-small\">\n<li><span class=\"a-list-item a-size-base a-color-base\">Recortado; Detalles de la utilidad.<\/span><\/li>\n<li><span class=\"a-list-item a-size-base a-color-base\">Mejora con el tiempo debido al desgaste natural con decoloraci\u00f3n, manchas y agujeros.<\/span><\/li>\n<li><span class=\"a-list-item a-size-base a-color-base\">Un lienzo en blanco para la autoexpresi\u00f3n que se puede transmitir durante generaciones.<\/span><\/li>\n<\/ul>\n<h3>Detalles:<\/h3>\n<div class=\"a-fixed-left-grid-col a-col-left\"><span class=\"a-color-base\"><strong>Composici\u00f3n:<\/strong> <\/span><span class=\"a-color-base\">95% algod\u00f3n, 5% algod\u00f3n (reciclado).<\/span><\/div>\n<p><strong>Modelo:<\/strong> A3483-0000.<\/p>\n<p><strong>Color:<\/strong> Negro lavado.<\/p>\n","protected":false},"excerpt":{"rendered":"<p>CARPINTERO TRUCKER El tipo de chaqueta que usar\u00e1s durante d\u00e9cadas y pasar\u00e1s a las generaciones venideras. Esta versi\u00f3n desgastada inspirada<\/p>\n","protected":false},"featured_media":82530,"comment_status":"open","ping_status":"closed","template":"","meta":{"nf_dc_page":""},"product_brand":[],"product_cat":[73],"product_tag":[],"class_list":{"0":"post-82529","1":"product","2":"type-product","3":"status-publish","4":"has-post-thumbnail","6":"product_cat-femenino","8":"first","9":"instock","10":"shipping-taxable","11":"purchasable","12":"product-type-simple"},"_links":{"self":[{"href":"https:\/\/brandss.com.py\/index\/wp-json\/wp\/v2\/product\/82529","targetHints":{"allow":["GET"]}}],"collection":[{"href":"https:\/\/brandss.com.py\/index\/wp-json\/wp\/v2\/product"}],"about":[{"href":"https:\/\/brandss.com.py\/index\/wp-json\/wp\/v2\/types\/product"}],"replies":[{"embeddable":true,"href":"https:\/\/brandss.com.py\/index\/wp-json\/wp\/v2\/comments?post=82529"}],"version-history":[{"count":1,"href":"https:\/\/brandss.com.py\/index\/wp-json\/wp\/v2\/product\/82529\/revisions"}],"predecessor-version":[{"id":82532,"href":"https:\/\/brandss.com.py\/index\/wp-json\/wp\/v2\/product\/82529\/revisions\/82532"}],"wp:featuredmedia":[{"embeddable":true,"href":"https:\/\/brandss.com.py\/index\/wp-json\/wp\/v2\/media\/82530"}],"wp:attachment":[{"href":"https:\/\/brandss.com.py\/index\/wp-json\/wp\/v2\/media?parent=82529"}],"wp:term":[{"taxonomy":"product_brand","embeddable":true,"href":"https:\/\/brandss.com.py\/index\/wp-json\/wp\/v2\/product_brand?post=82529"},{"taxonomy":"product_cat","embeddable":true,"href":"https:\/\/brandss.com.py\/index\/wp-json\/wp\/v2\/product_cat?post=82529"},{"taxonomy":"product_tag","embeddable":true,"href":"https:\/\/brandss.com.py\/index\/wp-json\/wp\/v2\/product_tag?post=82529"}],"curies":[{"name":"wp","href":"https:\/\/api.w.org\/{rel}","templated":true}]}}