{"id":82534,"date":"2025-05-21T12:56:06","date_gmt":"2025-05-21T12:56:06","guid":{"rendered":"https:\/\/brandss.com.py\/index\/?post_type=product&#038;p=82534"},"modified":"2025-05-21T12:59:26","modified_gmt":"2025-05-21T12:59:26","slug":"chaqueta-casual-femenino-levis-ex-boyfriend-trucker-azul","status":"publish","type":"product","link":"https:\/\/brandss.com.py\/index\/producto\/chaqueta-casual-femenino-levis-ex-boyfriend-trucker-azul\/","title":{"rendered":"CHAQUETA CASUAL FEMENINO LEVI&#8217;S EX-BOYFRIEND TRUCKER AZUL"},"content":{"rendered":"<p><img loading=\"lazy\" decoding=\"async\" class=\"\" src=\"https:\/\/turbologo.com\/articles\/wp-content\/uploads\/2020\/01\/levis-primary-logo.png\" alt=\"Logotipo de Levi's: Historia, significado y evoluci\u00f3n del dise\u00f1o\" width=\"83\" height=\"49\" \/><\/p>\n<h1>EX-BOYFRIEND TRUCKER<\/h1>\n<div class=\"pr0 items-stretch vtex-flex-layout-0-x-stretchChildrenWidth   flex\">\n<div class=\"vtex-flex-layout-0-x-flexCol  ml0 mr0 pl9 pr9    justify-center  flex flex-column h-100 w-100\">\n<div class=\"vtex-flex-layout-0-x-flexColChild pb4\">\n<div class=\"leviscl-product-specification-list-0-x-containerDescriptionLong\">\n<div class=\"leviscl-product-specification-list-0-x-itemDescriptionLong\">Un poco oversize, pero con mucha actitud. Dise\u00f1ada con una silueta extra relajada, perfecta para usar en capas sobre poleras y polerones, nuestra chaqueta Levi&#8217;s\u00ae Ex-Boyfriend Trucker es una versi\u00f3n actualizada de nuestra chaqueta de jean original. Sus hombros ligeramente ca\u00eddos, mangas m\u00e1s largas y dobladillo alargado, crean un look genial prestado de los chicos. Los botones met\u00e1licos de la marca Levi&#8217;s\u00ae y las costuras en &#8220;V&#8221; c\u00f3nicas, la hacen reconocible al instante. Mejora con el tiempo con el desgaste natural con decoloraci\u00f3n, manchas y agujeros. Producida con Levi&#8217;s Water&lt;Less, innovaci\u00f3n que ahorra agua en el proceso de acabado.<\/div>\n<\/div>\n<\/div>\n<div class=\"vtex-flex-layout-0-x-flexColChild pb0\">\n<div class=\"vtex-flex-layout-0-x-flexCol vtex-flex-layout-0-x-flexCol--pdp-product-identifier  ml0 mr0 pl0 pr0      flex flex-column h-100 w-100\">\n<div class=\"vtex-flex-layout-0-x-flexColChild vtex-flex-layout-0-x-flexColChild--pdp-product-identifier pb4\">\n<div class=\"leviscl-product-specification-list-0-x-containerProductStyle flex items-center\"><\/div>\n<\/div>\n<div class=\"vtex-flex-layout-0-x-flexColChild vtex-flex-layout-0-x-flexColChild--pdp-product-identifier pb0\">\n<div class=\"leviscl-product-specification-list-0-x-containerProductColor flex items-center\">\n<p class=\"leviscl-product-specification-list-0-x-ProductColor\">\n<\/div>\n<\/div>\n<\/div>\n<\/div>\n<\/div>\n<\/div>\n<div class=\"pr0 items-stretch vtex-flex-layout-0-x-stretchChildrenWidth   flex\">\n<div class=\"vtex-flex-layout-0-x-flexCol vtex-flex-layout-0-x-flexCol--product-specs  ml0 mr0 pl0 pr0    justify-center  flex flex-column h-100 w-100\">\n<div class=\"vtex-flex-layout-0-x-flexColChild vtex-flex-layout-0-x-flexColChild--product-specs pb0\">\n<div class=\"leviscl-product-specification-list-0-x-listContainer\">\n<div class=\"leviscl-product-specification-list-0-x-columnContainer\">\n<div class=\"leviscl-product-specification-list-0-x-listContentContainer\"><strong><span class=\"leviscl-product-specification-list-0-x-specificationName\">Composici\u00f3n y Cuidado<\/span><\/strong><\/div>\n<div><\/div>\n<div class=\"leviscl-product-specification-list-0-x-listContentContainer\"><span class=\"leviscl-product-specification-list-0-x-specificationValue\">100% Algod\u00f3n (Gen\u00e9rico)<\/span><\/div>\n<div class=\"leviscl-product-specification-list-0-x-listContentContainer\"><span class=\"leviscl-product-specification-list-0-x-specificationValue\">Se recomienda lavar con moderaci\u00f3n para incrementar su vida \u00fatil y ahorrar recursos naturales<\/span><\/div>\n<div class=\"leviscl-product-specification-list-0-x-listContentContainer\"><span class=\"leviscl-product-specification-list-0-x-specificationValue\">Lavar a m\u00e1quina con agua fr\u00eda<\/span><\/div>\n<div class=\"leviscl-product-specification-list-0-x-listContentContainer\"><span class=\"leviscl-product-specification-list-0-x-specificationValue\">Lavar y secar por el rev\u00e9s<\/span><\/div>\n<div class=\"leviscl-product-specification-list-0-x-listContentContainer\"><span class=\"leviscl-product-specification-list-0-x-specificationValue\">Se recomienda detergente l\u00edquido<\/span><\/div>\n<div class=\"leviscl-product-specification-list-0-x-listContentContainer\"><span class=\"leviscl-product-specification-list-0-x-specificationValue\">Duraci\u00f3n promedio de 2 a 3 a\u00f1os, siguiendo las especificaciones de cuidado que vienen en el interior de las prendas.<\/span><\/div>\n<div><\/div>\n<div class=\"leviscl-product-specification-list-0-x-listContentContainer\"><strong><span class=\"leviscl-product-specification-list-0-x-specificationName\">Ajuste y Tama\u00f1o<\/span><\/strong><\/div>\n<div><\/div>\n<div class=\"leviscl-product-specification-list-0-x-listContentContainer\"><span class=\"leviscl-product-specification-list-0-x-specificationValue\">Ajuste extragrande.<\/span><\/div>\n<div class=\"leviscl-product-specification-list-0-x-listContentContainer\"><span class=\"leviscl-product-specification-list-0-x-specificationValue\">Cuello en punta.<\/span><\/div>\n<div class=\"leviscl-product-specification-list-0-x-listContentContainer\"><span class=\"leviscl-product-specification-list-0-x-specificationValue\">Manga larga.<\/span><\/div>\n<div class=\"leviscl-product-specification-list-0-x-listContentContainer\"><span class=\"leviscl-product-specification-list-0-x-specificationValue\">Botones frontales.<\/span><\/div>\n<div class=\"leviscl-product-specification-list-0-x-listContentContainer\"><span class=\"leviscl-product-specification-list-0-x-specificationValue\">Pu\u00f1os con bot\u00f3n.<\/span><\/div>\n<div class=\"leviscl-product-specification-list-0-x-listContentContainer\"><span class=\"leviscl-product-specification-list-0-x-specificationValue\">Bolsillos para las manos.<\/span><\/div>\n<div class=\"leviscl-product-specification-list-0-x-listContentContainer\"><span class=\"leviscl-product-specification-list-0-x-specificationValue\">Bolsillos con solapa y bot\u00f3n en el pecho.<\/span><\/div>\n<div class=\"leviscl-product-specification-list-0-x-listContentContainer\"><span class=\"leviscl-product-specification-list-0-x-specificationValue\">Ajuste lateral para el dobladillo.<\/span><\/div>\n<div>\n<div class=\"vtex-flex-layout-0-x-flexColChild vtex-flex-layout-0-x-flexColChild--pdp-product-identifier pb4\">\n<div class=\"leviscl-product-specification-list-0-x-containerProductStyle flex items-center\">\n<p class=\"leviscl-product-specification-list-0-x-ProductStyle\">Modelo: 29944-0012.<\/p>\n<\/div>\n<\/div>\n<div class=\"vtex-flex-layout-0-x-flexColChild vtex-flex-layout-0-x-flexColChild--pdp-product-identifier pb0\">\n<div class=\"leviscl-product-specification-list-0-x-containerProductColor flex items-center\">\n<p class=\"leviscl-product-specification-list-0-x-ProductColor\">Color: Azul.<\/p>\n<\/div>\n<\/div>\n<\/div>\n<\/div>\n<\/div>\n<\/div>\n<\/div>\n<\/div>\n","protected":false},"excerpt":{"rendered":"<p>EX-BOYFRIEND TRUCKER Un poco oversize, pero con mucha actitud. Dise\u00f1ada con una silueta extra relajada, perfecta para usar en capas<\/p>\n","protected":false},"featured_media":82535,"comment_status":"open","ping_status":"closed","template":"","meta":{"nf_dc_page":""},"product_brand":[],"product_cat":[73],"product_tag":[],"class_list":{"0":"post-82534","1":"product","2":"type-product","3":"status-publish","4":"has-post-thumbnail","6":"product_cat-femenino","8":"first","9":"instock","10":"shipping-taxable","11":"purchasable","12":"product-type-simple"},"_links":{"self":[{"href":"https:\/\/brandss.com.py\/index\/wp-json\/wp\/v2\/product\/82534","targetHints":{"allow":["GET"]}}],"collection":[{"href":"https:\/\/brandss.com.py\/index\/wp-json\/wp\/v2\/product"}],"about":[{"href":"https:\/\/brandss.com.py\/index\/wp-json\/wp\/v2\/types\/product"}],"replies":[{"embeddable":true,"href":"https:\/\/brandss.com.py\/index\/wp-json\/wp\/v2\/comments?post=82534"}],"version-history":[{"count":1,"href":"https:\/\/brandss.com.py\/index\/wp-json\/wp\/v2\/product\/82534\/revisions"}],"predecessor-version":[{"id":82538,"href":"https:\/\/brandss.com.py\/index\/wp-json\/wp\/v2\/product\/82534\/revisions\/82538"}],"wp:featuredmedia":[{"embeddable":true,"href":"https:\/\/brandss.com.py\/index\/wp-json\/wp\/v2\/media\/82535"}],"wp:attachment":[{"href":"https:\/\/brandss.com.py\/index\/wp-json\/wp\/v2\/media?parent=82534"}],"wp:term":[{"taxonomy":"product_brand","embeddable":true,"href":"https:\/\/brandss.com.py\/index\/wp-json\/wp\/v2\/product_brand?post=82534"},{"taxonomy":"product_cat","embeddable":true,"href":"https:\/\/brandss.com.py\/index\/wp-json\/wp\/v2\/product_cat?post=82534"},{"taxonomy":"product_tag","embeddable":true,"href":"https:\/\/brandss.com.py\/index\/wp-json\/wp\/v2\/product_tag?post=82534"}],"curies":[{"name":"wp","href":"https:\/\/api.w.org\/{rel}","templated":true}]}}