{"id":82550,"date":"2025-05-21T17:03:05","date_gmt":"2025-05-21T17:03:05","guid":{"rendered":"https:\/\/brandss.com.py\/index\/?post_type=product&#038;p=82550"},"modified":"2025-05-21T17:04:53","modified_gmt":"2025-05-21T17:04:53","slug":"chaqueta-acolchada-femenino-helly-hansen-parka-adore","status":"publish","type":"product","link":"https:\/\/brandss.com.py\/index\/producto\/chaqueta-acolchada-femenino-helly-hansen-parka-adore\/","title":{"rendered":"CHAQUETA ACOLCHADA FEMENINO HELLY HANSEN PARKA ADORE"},"content":{"rendered":"<p><img loading=\"lazy\" decoding=\"async\" class=\"\" src=\"https:\/\/1000marcas.net\/wp-content\/uploads\/2020\/02\/Helly-Hansen-Logo-1989.png\" alt=\"Helly Hansen Logo - s\u00edmbolo, significado logotipo, historia, PNG\" width=\"82\" height=\"46\" \/><\/p>\n<h1>PARKA ADORE<\/h1>\n<h3><span>Una chaqueta c\u00e1lida, elegante y acolchada para mujer, con detalles reflectantes plegables para inviernos fr\u00edos y oscuros.<\/span><\/h3>\n<div><\/div>\n<div><span>Acurr\u00facate con esta c\u00e1lida parka acolchada hasta el muslo con el c\u00e1lido y ligero aislamiento sint\u00e9tico High Loft\u2122. Es perfecta para esos d\u00edas g\u00e9lidos en los que necesitas m\u00e1xima protecci\u00f3n sin sacrificar estilo. Cuenta con una suave capucha acolchada para mayor comodidad y protecci\u00f3n. Hemos a\u00f1adido reflectantes plegables porque los d\u00edas m\u00e1s fr\u00edos tambi\u00e9n son oscuros. El exterior cuenta con un tratamiento repelente al agua sin PFC: una ventaja para ti y para el medio ambiente.<\/span><\/div>\n<h2>\n<span>Detalles<\/span><\/h2>\n<div><strong><span>Contenido de fibra:<\/span><\/strong><\/p>\n<div><span>Exterior: 100 % poliamida &#8211; Forro: 100 % poliamida &#8211; Aislamiento: 60 % poli\u00e9ster, 40 % poli\u00e9ster (reciclado)<\/span><\/div>\n<p><strong><span>Instrucciones de cuidado:<\/span><\/strong><\/p>\n<div><span>No usar suavizante. Secar en secadora hasta que est\u00e9 completamente seco. Usar bolas para secadora. Lavar con colores similares.<\/span><\/div>\n<div>\n<strong><span>Peso:<\/span><\/strong><span>\u00a01250g<\/span><\/div>\n<h2>\n<p><span>Caracter\u00edsticas<\/span><\/h2>\n<\/div>\n<div>\n<ul>\n<li><span>Cremallera YKK\u00ae.<\/span><\/li>\n<li><span>Aislamiento sint\u00e9tico soplable.<\/span><\/li>\n<li><span>Tratamiento repelente al agua libre de PFC.<\/span><\/li>\n<li><span>Logotipo impreso de HH\u00ae.<\/span><\/li>\n<li><span>Reflectante plegable.<\/span><\/li>\n<li><span>Pu\u00f1o interior acanalado.<\/span><\/li>\n<li><span>Capucha ajustable.<\/span><\/li>\n<li><span>Bolsillos en el pecho y las manos con cremallera YKK\u00ae.<\/span><\/li>\n<li><span>Bolsillos para las manos con forro cepillado.<\/span><\/li>\n<li><span>DWR sin PFC.<\/span><\/li>\n<li>Color: Terrazo.<\/li>\n<li>Modelo: 53205-885.<\/li>\n<\/ul>\n<\/div>\n","protected":false},"excerpt":{"rendered":"<p>PARKA ADORE Una chaqueta c\u00e1lida, elegante y acolchada para mujer, con detalles reflectantes plegables para inviernos fr\u00edos y oscuros. Acurr\u00facate<\/p>\n","protected":false},"featured_media":82551,"comment_status":"open","ping_status":"closed","template":"","meta":{"nf_dc_page":""},"product_brand":[],"product_cat":[73],"product_tag":[],"class_list":{"0":"post-82550","1":"product","2":"type-product","3":"status-publish","4":"has-post-thumbnail","6":"product_cat-femenino","8":"first","9":"instock","10":"shipping-taxable","11":"purchasable","12":"product-type-simple"},"_links":{"self":[{"href":"https:\/\/brandss.com.py\/index\/wp-json\/wp\/v2\/product\/82550","targetHints":{"allow":["GET"]}}],"collection":[{"href":"https:\/\/brandss.com.py\/index\/wp-json\/wp\/v2\/product"}],"about":[{"href":"https:\/\/brandss.com.py\/index\/wp-json\/wp\/v2\/types\/product"}],"replies":[{"embeddable":true,"href":"https:\/\/brandss.com.py\/index\/wp-json\/wp\/v2\/comments?post=82550"}],"version-history":[{"count":1,"href":"https:\/\/brandss.com.py\/index\/wp-json\/wp\/v2\/product\/82550\/revisions"}],"predecessor-version":[{"id":82558,"href":"https:\/\/brandss.com.py\/index\/wp-json\/wp\/v2\/product\/82550\/revisions\/82558"}],"wp:featuredmedia":[{"embeddable":true,"href":"https:\/\/brandss.com.py\/index\/wp-json\/wp\/v2\/media\/82551"}],"wp:attachment":[{"href":"https:\/\/brandss.com.py\/index\/wp-json\/wp\/v2\/media?parent=82550"}],"wp:term":[{"taxonomy":"product_brand","embeddable":true,"href":"https:\/\/brandss.com.py\/index\/wp-json\/wp\/v2\/product_brand?post=82550"},{"taxonomy":"product_cat","embeddable":true,"href":"https:\/\/brandss.com.py\/index\/wp-json\/wp\/v2\/product_cat?post=82550"},{"taxonomy":"product_tag","embeddable":true,"href":"https:\/\/brandss.com.py\/index\/wp-json\/wp\/v2\/product_tag?post=82550"}],"curies":[{"name":"wp","href":"https:\/\/api.w.org\/{rel}","templated":true}]}}